{"id":2357,"date":"2024-07-27T10:16:39","date_gmt":"2024-07-27T10:16:39","guid":{"rendered":"https:\/\/azeta.pro\/?page_id=2357"},"modified":"2024-07-28T08:15:17","modified_gmt":"2024-07-28T08:15:17","slug":"emirato-di-dubai","status":"publish","type":"page","link":"https:\/\/azeta.pro\/fr\/emirato-di-dubai\/","title":{"rendered":"\u00c9mirat de Duba\u00ef"},"content":{"rendered":"<div id=\"ez-toc-container\" class=\"ez-toc-v2_0_79_2 counter-hierarchy ez-toc-counter ez-toc-grey ez-toc-container-direction\">\n<div class=\"ez-toc-title-container\">\n<p class=\"ez-toc-title\" style=\"cursor:inherit\">Index<\/p>\n<span class=\"ez-toc-title-toggle\"><a href=\"#\" class=\"ez-toc-pull-right ez-toc-btn ez-toc-btn-xs ez-toc-btn-default ez-toc-toggle\" aria-label=\"Toggle Table des mati\u00e8res\"><span class=\"ez-toc-js-icon-con\"><span class=\"\"><span class=\"eztoc-hide\" style=\"display:none;\">Toggle<\/span><span class=\"ez-toc-icon-toggle-span\"><svg style=\"fill: #999;color:#999\" xmlns=\"http:\/\/www.w3.org\/2000\/svg\" class=\"list-377408\" width=\"20px\" height=\"20px\" viewbox=\"0 0 24 24\" fill=\"none\"><path d=\"M6 6H4v2h2V6zm14 0H8v2h12V6zM4 11h2v2H4v-2zm16 0H8v2h12v-2zM4 16h2v2H4v-2zm16 0H8v2h12v-2z\" fill=\"currentColor\"><\/path><\/svg><svg style=\"fill: #999;color:#999\" class=\"arrow-unsorted-368013\" xmlns=\"http:\/\/www.w3.org\/2000\/svg\" width=\"10px\" height=\"10px\" viewbox=\"0 0 24 24\" version=\"1.2\" baseprofile=\"tiny\"><path d=\"M18.2 9.3l-6.2-6.3-6.2 6.3c-.2.2-.3.4-.3.7s.1.5.3.7c.2.2.4.3.7.3h11c.3 0 .5-.1.7-.3.2-.2.3-.5.3-.7s-.1-.5-.3-.7zM5.8 14.7l6.2 6.3 6.2-6.3c.2-.2.3-.5.3-.7s-.1-.5-.3-.7c-.2-.2-.4-.3-.7-.3h-11c-.3 0-.5.1-.7.3-.2.2-.3.5-.3.7s.1.5.3.7z\"\/><\/svg><\/span><\/span><\/span><\/a><\/span><\/div>\n<nav><ul class='ez-toc-list ez-toc-list-level-1' ><li class='ez-toc-page-1 ez-toc-heading-level-2'><a class=\"ez-toc-link ez-toc-heading-1\" href=\"https:\/\/azeta.pro\/fr\/emirato-di-dubai\/#Dubai_Vantaggi_Fiscali_Turismo_e_Opportunita_di_Investimento\" >Duba\u00ef : avantages fiscaux, tourisme et opportunit\u00e9s d'investissement<\/a><ul class='ez-toc-list-level-3' ><li class='ez-toc-heading-level-3'><a class=\"ez-toc-link ez-toc-heading-2\" href=\"https:\/\/azeta.pro\/fr\/emirato-di-dubai\/#Governance\" >Gouvernance<\/a><\/li><li class='ez-toc-page-1 ez-toc-heading-level-3'><a class=\"ez-toc-link ez-toc-heading-3\" href=\"https:\/\/azeta.pro\/fr\/emirato-di-dubai\/#Storia_e_Fondazione\" >Histoire et fondements<\/a><\/li><li class='ez-toc-page-1 ez-toc-heading-level-3'><a class=\"ez-toc-link ez-toc-heading-4\" href=\"https:\/\/azeta.pro\/fr\/emirato-di-dubai\/#Sviluppo_Economico\" >D\u00e9veloppement \u00e9conomique<\/a><\/li><li class='ez-toc-page-1 ez-toc-heading-level-3'><a class=\"ez-toc-link ez-toc-heading-5\" href=\"https:\/\/azeta.pro\/fr\/emirato-di-dubai\/#Infrastrutture_e_Architettura\" >Infrastructure et architecture<\/a><\/li><li class='ez-toc-page-1 ez-toc-heading-level-3'><a class=\"ez-toc-link ez-toc-heading-6\" href=\"https:\/\/azeta.pro\/fr\/emirato-di-dubai\/#Societa_e_Cultura\" >Soci\u00e9t\u00e9 et culture<\/a><\/li><li class='ez-toc-page-1 ez-toc-heading-level-3'><a class=\"ez-toc-link ez-toc-heading-7\" href=\"https:\/\/azeta.pro\/fr\/emirato-di-dubai\/#Vantaggi_Fiscali_di_Dubai\" >Avantages fiscaux \u00e0 Duba\u00ef<\/a><\/li><li class='ez-toc-page-1 ez-toc-heading-level-3'><a class=\"ez-toc-link ez-toc-heading-8\" href=\"https:\/\/azeta.pro\/fr\/emirato-di-dubai\/#Il_Settore_Turistico_di_Dubai\" >Le secteur du tourisme \u00e0 Duba\u00ef<\/a><\/li><li class='ez-toc-page-1 ez-toc-heading-level-3'><a class=\"ez-toc-link ez-toc-heading-9\" href=\"https:\/\/azeta.pro\/fr\/emirato-di-dubai\/#Opportunita_di_Investimento_nel_Settore_Immobiliare\" >Opportunit\u00e9s d'investissement dans le secteur immobilier<\/a><\/li><li class='ez-toc-page-1 ez-toc-heading-level-3'><a class=\"ez-toc-link ez-toc-heading-10\" href=\"https:\/\/azeta.pro\/fr\/emirato-di-dubai\/#Entra_subito_in_contatto\" >Prenez contact avec nous d\u00e8s maintenant !<\/a><\/li><\/ul><\/li><\/ul><\/nav><\/div>\n<h2 class=\"wp-block-heading\"><span class=\"ez-toc-section\" id=\"Dubai_Vantaggi_Fiscali_Turismo_e_Opportunita_di_Investimento\"><\/span>Duba\u00ef : avantages fiscaux, tourisme et opportunit\u00e9s d'investissement<span class=\"ez-toc-section-end\"><\/span><\/h2>\n\n\n\n<p><strong>Duba\u00ef, l'un des sept \u00e9mirats qui composent les \u00c9mirats arabes unis,<\/strong>  la ville est devenue un symbole de modernit\u00e9 et d'innovation. Connue pour ses gratte-ciel embl\u00e9matiques, tels que le <strong>Burj Khalifa,<\/strong> et pour ses attractions touristiques de classe mondiale, <strong>Duba\u00ef n'est pas seulement une destination populaire pour les touristes, c'est aussi un centre strat\u00e9gique pour les investissements et pour payer moins d'imp\u00f4ts. <\/strong><\/p>\n\n\n\n<p>Cette page explore les <strong>les avantages fiscaux qui vous permettent de payer moins d'imp\u00f4ts<\/strong>le secteur du tourisme et les possibilit\u00e9s d'investissement dans la <strong>March\u00e9 immobilier de Duba\u00ef<\/strong>mise en \u00e9vidence <strong>pourquoi cet \u00e9mirat est un excellent choix pour les investisseurs et les visiteurs.<\/strong><\/p>\n\n\n\n<p>L'\u00e9mirat de Duba\u00ef est l'un des sept \u00e9mirats qui composent les \u00c9mirats arabes unis (EAU). Situ\u00e9 sur la c\u00f4te sud-est du golfe Persique, Duba\u00ef est le deuxi\u00e8me plus grand \u00e9mirat apr\u00e8s Abu Dhabi et le plus peupl\u00e9. La ville de Duba\u00ef, capitale de l'\u00e9mirat, est connue dans le monde entier pour son architecture futuriste, son d\u00e9veloppement rapide et son mode de vie cosmopolite.<\/p>\n\n\n\n<h3 class=\"wp-block-heading\"><span class=\"ez-toc-section\" id=\"Governance\"><\/span>Gouvernance<span class=\"ez-toc-section-end\"><\/span><\/h3>\n\n\n\n<div class=\"wp-block-media-text is-stacked-on-mobile\" style=\"grid-template-columns:15% auto\"><figure class=\"wp-block-media-text__media\"><img decoding=\"async\" src=\"https:\/\/encrypted-tbn0.gstatic.com\/images?q=tbn:ANd9GcQfDu2P2nw7ptrEXLuLV8kz7FbFJZo95KDKSA&amp;s\" alt=\"\" title=\"\"><\/figure><div class=\"wp-block-media-text__content\">\n<p><strong>L'\u00e9mirat est dirig\u00e9 par la famille royale Al Maktoum.<\/strong>. Le dirigeant actuel, le <strong>Cheikh Mohammed bin Rashid Al Maktoum<\/strong>Il est \u00e9galement vice-pr\u00e9sident et premier ministre des \u00c9mirats arabes unis. Sous sa direction, Duba\u00ef a connu une croissance \u00e9conomique et un d\u00e9veloppement des infrastructures consid\u00e9rables. Le cheikh Mohammed est connu pour sa vision futuriste et ses plans ambitieux visant \u00e0 faire de Duba\u00ef l'une des villes les plus avanc\u00e9es et les plus innovantes du monde.<\/p>\n<\/div><\/div>\n\n\n\n<div style=\"height:23px\" aria-hidden=\"true\" class=\"wp-block-spacer\"><\/div>\n\n\n\n<h3 class=\"wp-block-heading\"><span class=\"ez-toc-section\" id=\"Storia_e_Fondazione\"><\/span>Histoire et fondements<span class=\"ez-toc-section-end\"><\/span><\/h3>\n\n\n\n<p>Les origines de Duba\u00ef remontent \u00e0 quelque 3 000 ans. Toutefois, l'\u00e9mirat moderne de Duba\u00ef a \u00e9t\u00e9 fond\u00e9 au d\u00e9but du XVIIIe si\u00e8cle par la tribu des Bani Yas. En 1833, la dynastie Al Maktoum a pris le contr\u00f4le de l'\u00e9mirat et dirige Duba\u00ef depuis lors.<\/p>\n\n\n\n<h3 class=\"wp-block-heading\"><span class=\"ez-toc-section\" id=\"Sviluppo_Economico\"><\/span>D\u00e9veloppement \u00e9conomique<span class=\"ez-toc-section-end\"><\/span><\/h3>\n\n\n\n<p>Dans les ann\u00e9es 1960, avec la d\u00e9couverte du p\u00e9trole, Duba\u00ef a entam\u00e9 une transformation rapide, passant d'une petite ville de p\u00eacheurs et de marchands de perles \u00e0 un centre commercial et touristique moderne. Bien que les r\u00e9serves de p\u00e9trole soient limit\u00e9es par rapport \u00e0 d'autres \u00e9mirats tels qu'Abu Dhabi, Duba\u00ef a diversifi\u00e9 son \u00e9conomie en se concentrant sur le commerce, le tourisme, l'aviation, l'immobilier et l'industrie. <strong>services financiers<\/strong>.<\/p>\n\n\n\n<h3 class=\"wp-block-heading\"><span class=\"ez-toc-section\" id=\"Infrastrutture_e_Architettura\"><\/span>Infrastructure et architecture<span class=\"ez-toc-section-end\"><\/span><\/h3>\n\n\n\n<p>Duba\u00ef est r\u00e9put\u00e9 pour ses projets architecturaux ambitieux et novateurs. Ses constructions embl\u00e9matiques comprennent le Burj Khalifa, le b\u00e2timent le plus haut du monde, et le Burj Al Arab, l'un des h\u00f4tels les plus luxueux. L'\u00e9mirat a \u00e9galement d\u00e9velopp\u00e9 des \u00eeles artificielles telles que The Palm Jumeirah et The World, qui offrent des r\u00e9sidences de luxe et des attractions touristiques.<\/p>\n\n\n\n<h3 class=\"wp-block-heading\"><span class=\"ez-toc-section\" id=\"Societa_e_Cultura\"><\/span>Soci\u00e9t\u00e9 et culture<span class=\"ez-toc-section-end\"><\/span><\/h3>\n\n\n\n<p>Duba\u00ef est une ville cosmopolite dont la population est largement compos\u00e9e d'expatri\u00e9s du monde entier. Ce melting-pot culturel se refl\u00e8te dans la vari\u00e9t\u00e9 des cuisines, des festivals et des modes de vie pr\u00e9sents dans l'\u00e9mirat. Malgr\u00e9 sa modernit\u00e9, Duba\u00ef conserve des liens \u00e9troits avec les traditions islamiques et arabes.<\/p>\n\n\n\n<div style=\"height:33px\" aria-hidden=\"true\" class=\"wp-block-spacer\"><\/div>\n\n\n\n<h3 class=\"wp-block-heading\"><span class=\"ez-toc-section\" id=\"Vantaggi_Fiscali_di_Dubai\"><\/span>Avantages fiscaux \u00e0 Duba\u00ef<span class=\"ez-toc-section-end\"><\/span><\/h3>\n\n\n\n<div style=\"height:13px\" aria-hidden=\"true\" class=\"wp-block-spacer\"><\/div>\n\n\n<div class=\"wp-block-image\">\n<figure class=\"aligncenter size-full is-resized\"><img loading=\"lazy\" decoding=\"async\" width=\"523\" height=\"181\" src=\"http:\/\/azeta.pro\/wp-content\/uploads\/2024\/07\/dubai-spiaggias.jpeg\" alt=\"dubai spiaggias\" class=\"wp-image-2359\" style=\"width:809px;height:auto\" title=\"\" srcset=\"https:\/\/azeta.pro\/wp-content\/uploads\/2024\/07\/dubai-spiaggias.jpeg 523w, https:\/\/azeta.pro\/wp-content\/uploads\/2024\/07\/dubai-spiaggias-300x104.jpeg 300w, https:\/\/azeta.pro\/wp-content\/uploads\/2024\/07\/dubai-spiaggias-18x6.jpeg 18w\" sizes=\"(max-width: 523px) 100vw, 523px\" \/><\/figure><\/div>\n\n\n<div style=\"height:31px\" aria-hidden=\"true\" class=\"wp-block-spacer\"><\/div>\n\n\n\n<p>L'une des principales raisons pour lesquelles Duba\u00ef attire les investisseurs du monde entier est sa capacit\u00e9 d'accueil. <strong>un environnement fiscal favorable<\/strong>. I <a href=\"https:\/\/azeta.pro\/fr\/quali-sono-i-vantaggi-fiscali-piu-rilevanti-per-gli-investitori-in-dubai\/\">avantages fiscaux offerts par Duba\u00ef<\/a> inclure :<\/p>\n\n\n\n<ul>\n<li><strong>Pas d'imp\u00f4t sur le revenu<\/strong>Personnes r\u00e9sidant \u00e0 Duba\u00ef : Personnes r\u00e9sidant \u00e0 Duba\u00ef <strong>ne paient pas d'imp\u00f4t sur le revenu des personnes physiques<\/strong>. Cela signifie que le <strong>les investisseurs et les professionnels peuvent \u00e9viter de payer des imp\u00f4ts<\/strong> et conserver l'int\u00e9gralit\u00e9 des b\u00e9n\u00e9fices sans avoir \u00e0 payer quoi que ce soit \u00e0 l'\u00c9tat.<\/li>\n\n\n\n<li><strong>Pas d'imp\u00f4t sur les plus-values<\/strong>L'imp\u00f4t sur les plus-values : il n'y a pas d'imp\u00f4t sur les plus-values pour les transactions immobili\u00e8res. Ceci est particuli\u00e8rement avantageux pour les investisseurs immobiliers car <strong>les biens peuvent \u00eatre vendus sans avoir \u00e0 payer d'imp\u00f4ts sur les b\u00e9n\u00e9fices r\u00e9alis\u00e9s.<\/strong><\/li>\n\n\n\n<li><strong>Zones franches<\/strong>Duba\u00ef abrite de nombreuses zones franches, telles que le <strong>Centre financier international de Duba\u00ef (DIFC) et zone franche de Jebel Ali<\/strong>o\u00f9<strong> Les entreprises peuvent op\u00e9rer sans payer d'imp\u00f4ts sur les soci\u00e9t\u00e9s.<\/strong> Ces r\u00e9gions offrent \u00e9galement la possibilit\u00e9 de poss\u00e9der le 100% de l'entreprise sans avoir besoin d'un partenaire local.<\/li>\n\n\n\n<li><strong>Politiques budg\u00e9taires stables<\/strong>Le gouvernement de Duba\u00ef a mis en \u0153uvre des politiques fiscales stables et transparentes, cr\u00e9ant ainsi un environnement favorable aux investissements \u00e0 long terme.<\/li>\n<\/ul>\n\n\n\n<p>Ces avantages fiscaux, qui exemptent d'imp\u00f4ts ceux qui investissent dans le Royaume, font de Duba\u00ef l'une des juridictions les plus attractives pour les investisseurs internationaux, contribuant ainsi \u00e0 un climat d'affaires dynamique et prosp\u00e8re.<\/p>\n\n\n\n<h3 class=\"wp-block-heading\"><span class=\"ez-toc-section\" id=\"Il_Settore_Turistico_di_Dubai\"><\/span>Le secteur du tourisme \u00e0 Duba\u00ef<span class=\"ez-toc-section-end\"><\/span><\/h3>\n\n\n\n<p>Duba\u00ef est devenue l'une des destinations touristiques les plus populaires au monde, attirant des millions de visiteurs chaque ann\u00e9e. Les raisons de son succ\u00e8s touristique sont les suivantes :<\/p>\n\n\n\n<ul>\n<li><strong>Attractions embl\u00e9matiques<\/strong>Duba\u00ef : Outre le Burj Khalifa, Duba\u00ef offre un large \u00e9ventail d'attractions, notamment le Dubai Mall, le Palm Jumeirah, la Dubai Marina et des parcs \u00e0 th\u00e8me tels que Dubai Parks and Resorts. Ces attractions attirent non seulement les touristes, mais stimulent \u00e9galement l'\u00e9conomie locale.<\/li>\n\n\n\n<li><strong>\u00c9v\u00e9nements et festivals<\/strong>Duba\u00ef accueille des \u00e9v\u00e9nements de renomm\u00e9e mondiale, tels que le Dubai Shopping Festival et le Dubai Food Festival, qui attirent des visiteurs du monde entier. Ces \u00e9v\u00e9nements contribuent \u00e0 cr\u00e9er une atmosph\u00e8re vibrante et dynamique.<\/li>\n\n\n\n<li><strong>Culture et histoire<\/strong>Outre la modernit\u00e9, Duba\u00ef offre \u00e9galement un riche patrimoine culturel. Les visiteurs peuvent explorer le quartier historique d'Al Fahidi, visiter le mus\u00e9e de Duba\u00ef et d\u00e9couvrir la tradition b\u00e9douine \u00e0 travers des \u00e9v\u00e9nements culturels.<\/li>\n\n\n\n<li><strong>Une infrastructure de classe mondiale<\/strong>Duba\u00ef : L'infrastructure de Duba\u00ef est \u00e0 la pointe du progr\u00e8s, avec un syst\u00e8me de transport public efficace, des a\u00e9roports modernes et un r\u00e9seau routier bien d\u00e9velopp\u00e9. Ces infrastructures facilitent l'acc\u00e8s et am\u00e9liorent l'exp\u00e9rience des visiteurs.<\/li>\n<\/ul>\n\n\n\n<p>La combinaison d'attractions modernes et traditionnelles, ainsi qu'une infrastructure de haute qualit\u00e9, ont fait de Duba\u00ef une destination touristique de premier plan, avec un nombre croissant de visiteurs chaque ann\u00e9e.<\/p>\n\n\n\n<div style=\"height:31px\" aria-hidden=\"true\" class=\"wp-block-spacer\"><\/div>\n\n\n\n<h3 class=\"wp-block-heading\"><span class=\"ez-toc-section\" id=\"Opportunita_di_Investimento_nel_Settore_Immobiliare\"><\/span>Opportunit\u00e9s d'investissement dans le secteur immobilier<span class=\"ez-toc-section-end\"><\/span><\/h3>\n\n\n\n<figure class=\"wp-block-image size-large\"><img loading=\"lazy\" decoding=\"async\" width=\"1024\" height=\"534\" src=\"https:\/\/azeta.pro\/wp-content\/uploads\/2024\/07\/investire-dubai-immobiliare-1024x534.jpeg\" alt=\"\" class=\"wp-image-2360\" title=\"\" srcset=\"https:\/\/azeta.pro\/wp-content\/uploads\/2024\/07\/investire-dubai-immobiliare-1024x534.jpeg 1024w, https:\/\/azeta.pro\/wp-content\/uploads\/2024\/07\/investire-dubai-immobiliare-300x157.jpeg 300w, https:\/\/azeta.pro\/wp-content\/uploads\/2024\/07\/investire-dubai-immobiliare-768x401.jpeg 768w, https:\/\/azeta.pro\/wp-content\/uploads\/2024\/07\/investire-dubai-immobiliare-18x9.jpeg 18w, https:\/\/azeta.pro\/wp-content\/uploads\/2024\/07\/investire-dubai-immobiliare.jpeg 1200w\" sizes=\"(max-width: 1024px) 100vw, 1024px\" \/><\/figure>\n\n\n\n<div style=\"height:31px\" aria-hidden=\"true\" class=\"wp-block-spacer\"><\/div>\n\n\n\n<p>Le march\u00e9 immobilier de Duba\u00ef repr\u00e9sente l'une des opportunit\u00e9s d'investissement les plus prometteuses au monde. Voici quelques raisons pour lesquelles il est avantageux d'investir dans l'immobilier \u00e0 Duba\u00ef :<\/p>\n\n\n\n<ul>\n<li><strong>Croissance du march\u00e9<\/strong>Duba\u00ef : Ces derni\u00e8res ann\u00e9es, Duba\u00ef a connu une croissance significative dans le secteur de l'immobilier, avec une augmentation des prix de l'immobilier et des loyers. En 2023, les prix moyens de l'immobilier ont augment\u00e9 de 16,9%, tandis que les loyers ont augment\u00e9 de 22,8%.<a href=\"https:\/\/properties.emaar.com\/en\/property-investment-dubai\/\" target=\"_blank\" rel=\"noreferrer noopener nofollow\"><\/a>.<\/li>\n\n\n\n<li><strong>Propri\u00e9t\u00e9s exon\u00e9r\u00e9es d'imp\u00f4ts<\/strong>Les investisseurs peuvent acheter des biens immobiliers sans payer d'imp\u00f4t sur les plus-values ou sur les revenus locatifs, ce qui leur permet de maximiser le rendement de leur investissement.<\/li>\n\n\n\n<li><strong>Programme de visas d'or<\/strong>Les \u00c9mirats arabes unis : Les investisseurs qui ach\u00e8tent un bien immobilier d'une valeur d'au moins 2 millions d'AED peuvent b\u00e9n\u00e9ficier du Golden Visa, qui offre une r\u00e9sidence \u00e0 long terme dans les \u00c9mirats arabes unis. Ce programme est particuli\u00e8rement int\u00e9ressant pour les investisseurs et leurs familles.<\/li>\n\n\n\n<li><strong>D\u00e9veloppement des infrastructures<\/strong>Duba\u00ef : Le gouvernement de Duba\u00ef investit massivement dans des projets d'infrastructure, qui comprennent de nouvelles routes, des transports publics et des installations touristiques. Ces d\u00e9veloppements augmentent la valeur des propri\u00e9t\u00e9s et am\u00e9liorent l'attractivit\u00e9 du march\u00e9 immobilier.<\/li>\n\n\n\n<li><strong>Diversification des march\u00e9s<\/strong>Duba\u00ef offre un large \u00e9ventail d'options immobili\u00e8res, des r\u00e9sidences de luxe aux appartements plus abordables. Cette diversification permet aux investisseurs de choisir entre diff\u00e9rentes opportunit\u00e9s en fonction de leurs besoins et de leurs capacit\u00e9s financi\u00e8res.<\/li>\n<\/ul>\n\n\n\n<p><strong>Investir sur le march\u00e9 immobilier de Duba\u00ef<\/strong> offre non seulement des rendements \u00e9lev\u00e9s, mais contribue \u00e9galement \u00e0 la croissance \u00e9conomique du pays, faisant ainsi des investisseurs les acteurs d'un \u00e9cosyst\u00e8me dynamique et en pleine expansion.<\/p>\n\n\n\n<p>Duba\u00ef se pr\u00e9sente comme l'une des destinations les plus attrayantes pour le tourisme et l'investissement au niveau mondial. <strong>Avec ses avantages fiscaux qui vous permettent de payer moins d'imp\u00f4ts<\/strong> <strong>\u00e9gale \u00e0 0 pendant 50 ans,<\/strong> Avec un secteur touristique en constante expansion et un march\u00e9 immobilier florissant, Duba\u00ef offre des opportunit\u00e9s uniques aux investisseurs et aux visiteurs.<\/p>\n\n\n\n<p><strong>Si vous souhaitez explorer les possibilit\u00e9s d'investissement \u00e0 Duba\u00ef<\/strong> ou vous souhaitez obtenir plus d'informations sur les avantages fiscaux et le secteur du tourisme, n'h\u00e9sitez pas \u00e0 nous contacter. Nos experts sont pr\u00eats \u00e0 vous fournir des conseils personnalis\u00e9s et \u00e0 vous guider dans votre d\u00e9marche d'investissement \u00e0 Duba\u00ef. <\/p>\n\n\n\n<p>Contactez-nous d\u00e8s aujourd'hui pour savoir comment nous pouvons vous aider \u00e0 atteindre vos objectifs dans la ville qui ne cesse de vous surprendre !<\/p>\n\n\n\n<h3 class=\"wp-block-heading has-text-align-center\" id=\"block-f640ab86-1dd9-47fc-9bbf-2bf15609f5d0\"><span class=\"ez-toc-section\" id=\"Entra_subito_in_contatto\"><\/span>Prenez contact avec nous d\u00e8s maintenant !<span class=\"ez-toc-section-end\"><\/span><\/h3>\n\n\n\n<div class=\"wp-block-contact-form-7-contact-form-selector\">\n<div class=\"wpcf7 no-js\" id=\"wpcf7-f6-o1\" lang=\"en-US\" dir=\"ltr\">\n<div class=\"screen-reader-response\"><p role=\"status\" aria-live=\"polite\" aria-atomic=\"true\"><\/p> <ul><\/ul><\/div>\n<form action=\"\/fr\/wp-json\/wp\/v2\/pages\/2357#wpcf7-f6-o1\" method=\"post\" class=\"wpcf7-form init\" aria-label=\"Formulaire de contact\" novalidate=\"novalidate\" data-status=\"init\" data-trp-original-action=\"\/fr\/wp-json\/wp\/v2\/pages\/2357#wpcf7-f6-o1\">\n<div style=\"display: none;\">\n<input type=\"hidden\" name=\"_wpcf7\" value=\"6\" \/>\n<input type=\"hidden\" name=\"_wpcf7_version\" value=\"5.9.8\" \/>\n<input type=\"hidden\" name=\"_wpcf7_locale\" value=\"en_US\" \/>\n<input type=\"hidden\" name=\"_wpcf7_unit_tag\" value=\"wpcf7-f6-o1\" \/>\n<input type=\"hidden\" name=\"_wpcf7_container_post\" value=\"0\" \/>\n<input type=\"hidden\" name=\"_wpcf7_posted_data_hash\" value=\"\" \/>\n<input type=\"hidden\" name=\"_wpcf7_recaptcha_response\" value=\"\" \/>\n<\/div>\n<p><label> Votre pr\u00e9nom et votre nom de famille<br \/>\n<span class=\"wpcf7-form-control-wrap\" data-name=\"your-name\"><input size=\"40\" maxlength=\"400\" class=\"wpcf7-form-control wpcf7-text wpcf7-validates-as-required\" aria-required=\"true\" aria-invalid=\"false\" value=\"\" type=\"text\" name=\"your-name\" \/><\/span> <\/label>\n<\/p>\n<p><label> Votre e-mail<br \/>\n<span class=\"wpcf7-form-control-wrap\" data-name=\"your-email\"><input size=\"40\" maxlength=\"400\" class=\"wpcf7-form-control wpcf7-email wpcf7-validates-as-required wpcf7-text wpcf7-validates-as-email\" aria-required=\"true\" aria-invalid=\"false\" value=\"\" type=\"email\" name=\"your-email\" \/><\/span> <\/label>\n<\/p>\n<p><label> T\u00e9l\u00e9phone<br \/>\n<span class=\"wpcf7-form-control-wrap\" data-name=\"tel-141\"><input size=\"40\" maxlength=\"400\" class=\"wpcf7-form-control wpcf7-tel wpcf7-validates-as-required wpcf7-text wpcf7-validates-as-tel\" aria-required=\"true\" aria-invalid=\"false\" value=\"\" type=\"tel\" name=\"tel-141\" \/><\/span> <\/label>\n<\/p>\n<p><label> Site web (facultatif)<br \/>\n<span class=\"wpcf7-form-control-wrap\" data-name=\"url-328\"><input size=\"40\" maxlength=\"400\" class=\"wpcf7-form-control wpcf7-url wpcf7-text wpcf7-validates-as-url\" aria-invalid=\"false\" value=\"\" type=\"url\" name=\"url-328\" \/><\/span> <\/label>\n<\/p>\n<p><label> Objet de votre demande<br \/>\n<span class=\"wpcf7-form-control-wrap\" data-name=\"your-subject\"><input size=\"40\" maxlength=\"400\" class=\"wpcf7-form-control wpcf7-text wpcf7-validates-as-required\" aria-required=\"true\" aria-invalid=\"false\" value=\"\" type=\"text\" name=\"your-subject\" \/><\/span> <\/label>\n<\/p>\n<p><label> S\u00e9lectionner l'int\u00e9r\u00eat<br \/>\n<span class=\"wpcf7-form-control-wrap\" data-name=\"menu-739\"><select class=\"wpcf7-form-control wpcf7-select wpcf7-validates-as-required\" aria-required=\"true\" aria-invalid=\"false\" multiple=\"multiple\" name=\"menu-739[]\"><option value=\"Costituzione societ\u00e0 Dubai\">Constitution de la soci\u00e9t\u00e9 de Duba\u00ef<\/option><option value=\"Richiesta residenza Dubai\">R\u00e9sidence \u00e0 Duba\u00ef requise<\/option><option value=\"Costituzione societ\u00e0 Albania\">Constitution de la soci\u00e9t\u00e9 Albanie<\/option><option value=\"Apertura Partita IVA professionista\">Ouverture d'un num\u00e9ro de TVA professionnel<\/option><option value=\"Consulenza Aziendale\">Conseil aux entreprises<\/option><option value=\"Apertura conto per non residenti\">Ouverture de compte pour les non-r\u00e9sidents<\/option><option value=\"Ricerca Finanziamenti per progetto\">Recherche de financement de projets<\/option><option value=\"Ricerca Finanziamento Europa\">Recherche de financement en Europe<\/option><option value=\"Internazionalizzazione d&#039;Impresa\">L'internationalisation des entreprises<\/option><option value=\"Investimento immobiliare\">Investissement immobilier<\/option><option value=\"Investimento di Portafoglio\">Investissement de portefeuille<\/option><option value=\"VISA Permesso di soggiorno\">VISA Permis de s\u00e9jour<\/option><option value=\"Richiesta cittadinanza Albanese\">Demande de citoyennet\u00e9 albanaise<\/option><option value=\"Altro...\">Plus...<\/option><\/select><\/span><\/label>\n<\/p>\n<p><label> Votre message<br \/>\n<span class=\"wpcf7-form-control-wrap\" data-name=\"your-message\"><textarea cols=\"40\" rows=\"10\" maxlength=\"2000\" class=\"wpcf7-form-control wpcf7-textarea\" aria-invalid=\"false\" name=\"your-message\"><\/textarea><\/span> <\/label>\n<\/p>\n<p><label>Consentement au respect de la vie priv\u00e9e et aux cookies en vertu du GDPR (obligatoire)<br \/>\n<span class=\"wpcf7-form-control-wrap\" data-name=\"acceptance-52\"><span class=\"wpcf7-form-control wpcf7-acceptance\"><span class=\"wpcf7-list-item\"><label><input type=\"checkbox\" name=\"acceptance-52\" value=\"1\" checked=\"checked\" aria-invalid=\"false\" \/><span class=\"wpcf7-list-item-label\">Je donne mon accord<\/span><\/label><\/span><\/span><\/span> au traitement de mes donn\u00e9es aux fins de leur traitement et je confirme que j'ai lu la politique de confidentialit\u00e9 du site.<br \/>\n<\/label>\n<\/p>\n<p><input class=\"wpcf7-form-control wpcf7-submit has-spinner\" type=\"submit\" value=\"Envoyer\" \/>\n<\/p><div class=\"wpcf7-response-output\" aria-hidden=\"true\"><\/div>\n<input type=\"hidden\" name=\"trp-form-language\" value=\"fr\"\/><\/form>\n<\/div>\n<\/div>","protected":false},"excerpt":{"rendered":"<p>Duba\u00ef : avantages fiscaux, tourisme et opportunit\u00e9s d'investissement Duba\u00ef, l'un des sept \u00e9mirats qui composent les \u00c9mirats arabes unis, est devenu un symbole de modernit\u00e9 et d'innovation. Connue pour ses gratte-ciel embl\u00e9matiques, comme le Burj Khalifa, et ses attractions touristiques de classe mondiale, Duba\u00ef n'est pas seulement une destination populaire ... <a title=\"\u00c9mirat de Duba\u00ef\" class=\"read-more\" href=\"https:\/\/azeta.pro\/fr\/emirato-di-dubai\/\" aria-label=\"Plus sur \u00c9mirat de Duba\u00ef\">Lire plus<\/a><\/p>","protected":false},"author":1,"featured_media":2361,"parent":0,"menu_order":0,"comment_status":"closed","ping_status":"closed","template":"","meta":{"iawp_total_views":19,"footnotes":""},"_links":{"self":[{"href":"https:\/\/azeta.pro\/fr\/wp-json\/wp\/v2\/pages\/2357"}],"collection":[{"href":"https:\/\/azeta.pro\/fr\/wp-json\/wp\/v2\/pages"}],"about":[{"href":"https:\/\/azeta.pro\/fr\/wp-json\/wp\/v2\/types\/page"}],"author":[{"embeddable":true,"href":"https:\/\/azeta.pro\/fr\/wp-json\/wp\/v2\/users\/1"}],"replies":[{"embeddable":true,"href":"https:\/\/azeta.pro\/fr\/wp-json\/wp\/v2\/comments?post=2357"}],"version-history":[{"count":15,"href":"https:\/\/azeta.pro\/fr\/wp-json\/wp\/v2\/pages\/2357\/revisions"}],"predecessor-version":[{"id":2416,"href":"https:\/\/azeta.pro\/fr\/wp-json\/wp\/v2\/pages\/2357\/revisions\/2416"}],"wp:featuredmedia":[{"embeddable":true,"href":"https:\/\/azeta.pro\/fr\/wp-json\/wp\/v2\/media\/2361"}],"wp:attachment":[{"href":"https:\/\/azeta.pro\/fr\/wp-json\/wp\/v2\/media?parent=2357"}],"curies":[{"name":"wp","href":"https:\/\/api.w.org\/{rel}","templated":true}]}}