{"id":2347,"date":"2024-07-27T08:28:10","date_gmt":"2024-07-27T08:28:10","guid":{"rendered":"https:\/\/azeta.pro\/?page_id=2347"},"modified":"2024-07-27T09:58:59","modified_gmt":"2024-07-27T09:58:59","slug":"repubblica-di-albania","status":"publish","type":"page","link":"https:\/\/azeta.pro\/fr\/repubblica-di-albania\/","title":{"rendered":"R\u00e9publique d'Albanie"},"content":{"rendered":"<div id=\"ez-toc-container\" class=\"ez-toc-v2_0_79_2 counter-hierarchy ez-toc-counter ez-toc-grey ez-toc-container-direction\">\n<div class=\"ez-toc-title-container\">\n<p class=\"ez-toc-title\" style=\"cursor:inherit\">Index<\/p>\n<span class=\"ez-toc-title-toggle\"><a href=\"#\" class=\"ez-toc-pull-right ez-toc-btn ez-toc-btn-xs ez-toc-btn-default ez-toc-toggle\" aria-label=\"Toggle Table des mati\u00e8res\"><span class=\"ez-toc-js-icon-con\"><span class=\"\"><span class=\"eztoc-hide\" style=\"display:none;\">Toggle<\/span><span class=\"ez-toc-icon-toggle-span\"><svg style=\"fill: #999;color:#999\" xmlns=\"http:\/\/www.w3.org\/2000\/svg\" class=\"list-377408\" width=\"20px\" height=\"20px\" viewbox=\"0 0 24 24\" fill=\"none\"><path d=\"M6 6H4v2h2V6zm14 0H8v2h12V6zM4 11h2v2H4v-2zm16 0H8v2h12v-2zM4 16h2v2H4v-2zm16 0H8v2h12v-2z\" fill=\"currentColor\"><\/path><\/svg><svg style=\"fill: #999;color:#999\" class=\"arrow-unsorted-368013\" xmlns=\"http:\/\/www.w3.org\/2000\/svg\" width=\"10px\" height=\"10px\" viewbox=\"0 0 24 24\" version=\"1.2\" baseprofile=\"tiny\"><path d=\"M18.2 9.3l-6.2-6.3-6.2 6.3c-.2.2-.3.4-.3.7s.1.5.3.7c.2.2.4.3.7.3h11c.3 0 .5-.1.7-.3.2-.2.3-.5.3-.7s-.1-.5-.3-.7zM5.8 14.7l6.2 6.3 6.2-6.3c.2-.2.3-.5.3-.7s-.1-.5-.3-.7c-.2-.2-.4-.3-.7-.3h-11c-.3 0-.5.1-.7.3-.2.2-.3.5-.3.7s.1.5.3.7z\"\/><\/svg><\/span><\/span><\/span><\/a><\/span><\/div>\n<nav><ul class='ez-toc-list ez-toc-list-level-1' ><li class='ez-toc-page-1 ez-toc-heading-level-2'><a class=\"ez-toc-link ez-toc-heading-1\" href=\"https:\/\/azeta.pro\/fr\/repubblica-di-albania\/#Turismo_e_Opportunita_di_Investimento\" >Tourisme et opportunit\u00e9s d'investissement<\/a><ul class='ez-toc-list-level-3' ><li class='ez-toc-heading-level-3'><a class=\"ez-toc-link ez-toc-heading-2\" href=\"https:\/\/azeta.pro\/fr\/repubblica-di-albania\/#Il_Potenziale_Turistico_dellAlbania\" >Le potentiel touristique de l'Albanie<\/a><\/li><li class='ez-toc-page-1 ez-toc-heading-level-3'><a class=\"ez-toc-link ez-toc-heading-3\" href=\"https:\/\/azeta.pro\/fr\/repubblica-di-albania\/#Opportunita_di_Investimento_nel_Settore_Turistico\" >Possibilit\u00e9s d'investissement dans le secteur du tourisme<\/a><\/li><li class='ez-toc-page-1 ez-toc-heading-level-3'><a class=\"ez-toc-link ez-toc-heading-4\" href=\"https:\/\/azeta.pro\/fr\/repubblica-di-albania\/#Il_Mercato_Immobiliare_Albanese\" >Le march\u00e9 immobilier albanais<\/a><\/li><li class='ez-toc-page-1 ez-toc-heading-level-3'><a class=\"ez-toc-link ez-toc-heading-5\" href=\"https:\/\/azeta.pro\/fr\/repubblica-di-albania\/#Vantaggi_dellInvestimento_in_Albania\" >Avantages de l'investissement en Albanie<\/a><\/li><\/ul><\/li><\/ul><\/nav><\/div>\n<h2 class=\"wp-block-heading\"><span class=\"ez-toc-section\" id=\"Turismo_e_Opportunita_di_Investimento\"><\/span>Tourisme et opportunit\u00e9s d'investissement<span class=\"ez-toc-section-end\"><\/span><\/h2>\n\n\n\n<p>L'Albanie, pays situ\u00e9 au c\u0153ur des Balkans, est un joyau cach\u00e9 qui attire de plus en plus l'attention en tant que destination touristique et opportunit\u00e9 d'investissement. Avec un littoral qui s'\u00e9tend sur 476 km le long des mers Adriatique et Ionienne, l'Albanie offre des paysages \u00e0 couper le souffle, une histoire culturelle riche et une \u00e9conomie en pleine croissance, ce qui en fait un lieu id\u00e9al pour le tourisme et l'investissement immobilier.<\/p>\n\n\n<div class=\"wp-block-image is-style-rounded\">\n<figure class=\"aligncenter size-full is-resized\"><img loading=\"lazy\" decoding=\"async\" width=\"260\" height=\"264\" src=\"http:\/\/azeta.pro\/wp-content\/uploads\/2024\/07\/Albanian.png\" alt=\"\" class=\"wp-image-2349\" style=\"width:696px;height:auto\" title=\"\" srcset=\"https:\/\/azeta.pro\/wp-content\/uploads\/2024\/07\/Albanian.png 260w, https:\/\/azeta.pro\/wp-content\/uploads\/2024\/07\/Albanian-12x12.png 12w\" sizes=\"(max-width: 260px) 100vw, 260px\" \/><\/figure><\/div>\n\n\n<h3 class=\"wp-block-heading\"><span class=\"ez-toc-section\" id=\"Il_Potenziale_Turistico_dellAlbania\"><\/span>Le potentiel touristique de l'Albanie<span class=\"ez-toc-section-end\"><\/span><\/h3>\n\n\n\n<p>Ces derni\u00e8res ann\u00e9es, l'Albanie a connu une augmentation significative du nombre de touristes, gr\u00e2ce \u00e0 sa beaut\u00e9 naturelle, son histoire fascinante et ses co\u00fbts relativement bas par rapport \u00e0 d'autres destinations europ\u00e9ennes. Les principales attractions touristiques sont les suivantes :<\/p>\n\n\n\n<div class=\"wp-block-media-text is-stacked-on-mobile\"><figure class=\"wp-block-media-text__media\"><img loading=\"lazy\" decoding=\"async\" width=\"517\" height=\"372\" src=\"http:\/\/azeta.pro\/wp-content\/uploads\/2024\/07\/spiagge-albania.jpeg\" alt=\"\" class=\"wp-image-2352 size-full\" title=\"\" srcset=\"https:\/\/azeta.pro\/wp-content\/uploads\/2024\/07\/spiagge-albania.jpeg 517w, https:\/\/azeta.pro\/wp-content\/uploads\/2024\/07\/spiagge-albania-300x216.jpeg 300w, https:\/\/azeta.pro\/wp-content\/uploads\/2024\/07\/spiagge-albania-18x12.jpeg 18w\" sizes=\"(max-width: 517px) 100vw, 517px\" \/><\/figure><div class=\"wp-block-media-text__content\">\n<ul>\n<li><strong>Les plages<\/strong>Les plages de Saranda, Ksamil et Dhermi sont c\u00e9l\u00e8bres pour leurs eaux cristallines et leur sable dor\u00e9. Ces lieux attirent les touristes en qu\u00eate de d\u00e9tente et d'aventures aquatiques.<\/li>\n\n\n\n<li><strong>Sites historiques<\/strong>L'Albanie est riche en sites historiques, notamment le ch\u00e2teau de Berat, class\u00e9 au patrimoine mondial de l'UNESCO, et les ruines anciennes d'Apollonia et de Butrint, qui offrent un aper\u00e7u fascinant de l'histoire du pays.<\/li>\n\n\n\n<li><strong>Nature et aventure<\/strong>Les montagnes albanaises, telles que le parc national de Valbona et le parc national de Theth, sont id\u00e9ales pour la randonn\u00e9e, le trekking et les activit\u00e9s de plein air, et attirent un tourisme \u00e9cologique croissant.<\/li>\n\n\n\n<li><strong>Culture et gastronomie<\/strong>L'Albanie est un carrefour de cultures, avec des influences ottomanes, italiennes et grecques. La cuisine albanaise, avec ses d\u00e9licieux plats tels que le byrek et le tavuk, est une attraction en soi.<\/li>\n<\/ul>\n<\/div><\/div>\n\n\n\n<h3 class=\"wp-block-heading\"><span class=\"ez-toc-section\" id=\"Opportunita_di_Investimento_nel_Settore_Turistico\"><\/span>Possibilit\u00e9s d'investissement dans le secteur du tourisme<span class=\"ez-toc-section-end\"><\/span><\/h3>\n\n\n\n<p>L'augmentation du tourisme a ouvert de nouvelles opportunit\u00e9s pour les investisseurs dans les secteurs de l'h\u00f4tellerie et de l'immobilier. Ces opportunit\u00e9s sont les suivantes :<\/p>\n\n\n\n<ul>\n<li><strong>D\u00e9veloppement de l'h\u00f4tellerie et de la vill\u00e9giature<\/strong>Le tourisme : Avec l'afflux de touristes, la demande d'infrastructures d'h\u00e9bergement est en augmentation. Investir dans la construction d'h\u00f4tels, de centres de vill\u00e9giature et de chambres d'h\u00f4tes peut s'av\u00e9rer tr\u00e8s rentable.<\/li>\n\n\n\n<li><strong>Propri\u00e9t\u00e9s \u00e0 louer<\/strong>Le tourisme : L'achat de propri\u00e9t\u00e9s r\u00e9sidentielles pour les louer \u00e0 des touristes est devenu une option tr\u00e8s pris\u00e9e. Des plateformes telles qu'Airbnb ont facilit\u00e9 la mon\u00e9tisation des propri\u00e9t\u00e9s situ\u00e9es dans des lieux touristiques.<\/li>\n\n\n\n<li><strong>Investissement dans les infrastructures<\/strong>Le gouvernement albanais investissant dans les infrastructures afin d'am\u00e9liorer l'accessibilit\u00e9 et les services, il existe des opportunit\u00e9s pour les investisseurs dans le secteur des transports et des services publics.<\/li>\n<\/ul>\n\n\n\n<p><\/p>\n\n\n\n<h3 class=\"wp-block-heading\"><span class=\"ez-toc-section\" id=\"Il_Mercato_Immobiliare_Albanese\"><\/span>Le march\u00e9 immobilier albanais<span class=\"ez-toc-section-end\"><\/span><\/h3>\n\n\n\n<p>L'Albanie offre un march\u00e9 immobilier attrayant pour les investisseurs, avec des prix encore relativement bas par rapport \u00e0 d'autres destinations m\u00e9diterran\u00e9ennes. Voici quelques points cl\u00e9s :<\/p>\n\n\n\n<ul>\n<li><strong>Prix comp\u00e9titifs<\/strong>Les prix de l'immobilier en Albanie sont nettement inf\u00e9rieurs \u00e0 ceux des pays voisins tels que l'Italie et la Gr\u00e8ce. Par exemple, le co\u00fbt moyen du m\u00e8tre carr\u00e9 dans des villes comme Tirana et Durr\u00ebs varie entre 1 200 et 2 500 euros, ce qui fait de l'achat d'une propri\u00e9t\u00e9 une option abordable pour les investisseurs \u00e9trangers.<\/li>\n\n\n\n<li><strong>Facilit\u00e9 d'achat<\/strong>Les \u00e9trangers peuvent acheter des biens immobiliers en Albanie sans restrictions significatives. Cependant, pour l'achat de terres agricoles, il est n\u00e9cessaire d'\u00e9tablir une soci\u00e9t\u00e9 locale ou de travailler avec une soci\u00e9t\u00e9 enregistr\u00e9e en Albanie.<\/li>\n\n\n\n<li><strong>Croissance du march\u00e9<\/strong>Albanie : Ces derni\u00e8res ann\u00e9es, le march\u00e9 immobilier albanais a montr\u00e9 des signes de croissance r\u00e9guli\u00e8re, en particulier dans les zones urbaines et c\u00f4ti\u00e8res. La demande de biens r\u00e9sidentiels et commerciaux est en hausse, soutenue par une \u00e9conomie en expansion et un tourisme en hausse.<\/li>\n<\/ul>\n\n\n\n<h3 class=\"wp-block-heading\"><span class=\"ez-toc-section\" id=\"Vantaggi_dellInvestimento_in_Albania\"><\/span>Avantages de l'investissement en Albanie<span class=\"ez-toc-section-end\"><\/span><\/h3>\n\n\n\n<p>Investir en Albanie offre de nombreux avantages :<\/p>\n\n\n\n<ul>\n<li><strong>Position strat\u00e9gique<\/strong>L'Albanie occupe une position strat\u00e9gique entre l'Europe et les Balkans, ce qui facilite l'acc\u00e8s \u00e0 des march\u00e9s plus vastes.<\/li>\n\n\n\n<li><strong>Faibles co\u00fbts de vie<\/strong>Le co\u00fbt de la vie en Albanie est nettement inf\u00e9rieur \u00e0 celui d'autres pays europ\u00e9ens, ce qui rend le pays attrayant pour les retrait\u00e9s et les personnes \u00e0 la recherche d'un niveau de vie plus abordable.<\/li>\n\n\n\n<li><strong>Incitations fiscales<\/strong>Le gouvernement albanais a mis en \u0153uvre des politiques visant \u00e0 encourager les investissements \u00e9trangers, notamment en r\u00e9duisant les taux d'imposition et en simplifiant les proc\u00e9dures d'achat de biens immobiliers.<\/li>\n<\/ul>\n\n\n\n<p><\/p>\n\n\n\n<p>L'Albanie repr\u00e9sente une opportunit\u00e9 unique pour les investisseurs et les touristes. Avec sa beaut\u00e9 naturelle, sa riche histoire culturelle et un march\u00e9 immobilier en pleine expansion, le pays est en passe de devenir l'une des principales destinations touristiques et d'investissement en Europe.<\/p>\n\n\n\n<p>Si vous souhaitez explorer les possibilit\u00e9s d'investissement en Albanie dans les secteurs du tourisme et de l'immobilier, n'h\u00e9sitez pas \u00e0 nous contacter pour obtenir des conseils sp\u00e9cifiques. <\/p>\n\n\n\n<p>Nos experts peuvent vous guider tout au long du processus d'investissement, en vous aidant \u00e0 prendre des d\u00e9cisions \u00e9clair\u00e9es et \u00e0 maximiser votre retour sur investissement. <\/p>\n\n\n\n<p>Contactez-nous d\u00e8s aujourd'hui pour savoir comment nous pouvons vous aider \u00e0 r\u00e9aliser votre r\u00eave d'investissement en Albanie !<\/p>","protected":false},"excerpt":{"rendered":"<p>Tourisme et opportunit\u00e9s d'investissement L'Albanie, pays situ\u00e9 au c\u0153ur des Balkans, est un joyau cach\u00e9 qui attire de plus en plus l'attention en tant que destination touristique et opportunit\u00e9 d'investissement. Avec un littoral qui s'\u00e9tend sur 476 km le long des mers Adriatique et Ionienne, l'Albanie offre des paysages \u00e0 couper le souffle, une histoire culturelle riche ... <a title=\"R\u00e9publique d&#039;Albanie\" class=\"read-more\" href=\"https:\/\/azeta.pro\/fr\/repubblica-di-albania\/\" aria-label=\"Plus sur R\u00e9publique d&#039;Albanie\">Lire plus<\/a><\/p>","protected":false},"author":1,"featured_media":2348,"parent":0,"menu_order":0,"comment_status":"closed","ping_status":"closed","template":"","meta":{"iawp_total_views":15,"footnotes":""},"_links":{"self":[{"href":"https:\/\/azeta.pro\/fr\/wp-json\/wp\/v2\/pages\/2347"}],"collection":[{"href":"https:\/\/azeta.pro\/fr\/wp-json\/wp\/v2\/pages"}],"about":[{"href":"https:\/\/azeta.pro\/fr\/wp-json\/wp\/v2\/types\/page"}],"author":[{"embeddable":true,"href":"https:\/\/azeta.pro\/fr\/wp-json\/wp\/v2\/users\/1"}],"replies":[{"embeddable":true,"href":"https:\/\/azeta.pro\/fr\/wp-json\/wp\/v2\/comments?post=2347"}],"version-history":[{"count":3,"href":"https:\/\/azeta.pro\/fr\/wp-json\/wp\/v2\/pages\/2347\/revisions"}],"predecessor-version":[{"id":2355,"href":"https:\/\/azeta.pro\/fr\/wp-json\/wp\/v2\/pages\/2347\/revisions\/2355"}],"wp:featuredmedia":[{"embeddable":true,"href":"https:\/\/azeta.pro\/fr\/wp-json\/wp\/v2\/media\/2348"}],"wp:attachment":[{"href":"https:\/\/azeta.pro\/fr\/wp-json\/wp\/v2\/media?parent=2347"}],"curies":[{"name":"wp","href":"https:\/\/api.w.org\/{rel}","templated":true}]}}