{"id":1833,"date":"2023-02-02T14:31:59","date_gmt":"2023-02-02T14:31:59","guid":{"rendered":"https:\/\/azeta.pro\/?page_id=1833"},"modified":"2024-06-11T08:31:32","modified_gmt":"2024-06-11T08:31:32","slug":"come-arrivare-in-traghetto-in-albania","status":"publish","type":"page","link":"https:\/\/azeta.pro\/fr\/come-arrivare-in-traghetto-in-albania\/","title":{"rendered":"Comment se rendre en Albanie en ferry"},"content":{"rendered":"<p><strong>Albanie<\/strong> L'Albanie est l'un des pays les plus fascinants d'Europe, avec sa riche histoire, sa nature intacte et ses plages exceptionnelles. Si vous pr\u00e9voyez un voyage en Albanie, <strong>un moyen pratique et commode de s'y rendre est de prendre un ferry<\/strong>. Le transport maritime est une solution \u00e9conomique et offre des vues spectaculaires pendant le voyage.<\/p>\n<p>Dans cet article, nous examinerons en d\u00e9tail <strong>Comment se rendre en Albanie en ferry<\/strong> - des temps de parcours aux tarifs en passant par les services \u00e0 bord. Nous vous proposons \u00e9galement quelques conseils pour vous aider \u00e0 mieux organiser votre voyage.<\/p>\n<p><strong>Plusieurs compagnies de ferry proposent des liaisons directes entre l'Albanie et l'Italie, la Gr\u00e8ce et la Croatie.<\/strong><\/p>\n<p>Les ferries \u00e0 destination de l'Albanie partent de :<\/p>\n<ul>\n<li>Bari,<\/li>\n<li>Anc\u00f4ne,<\/li>\n<li>Trieste,<\/li>\n<li>Brindisi,<\/li>\n<li>Venise,<\/li>\n<li>Patras,<\/li>\n<li>Igoumenitsa,<\/li>\n<li>Corfou<\/li>\n<li>Dubrovnik.<\/li>\n<\/ul>\n<p><strong>La dur\u00e9e du voyage vers l'Albanie peut varier d'un minimum de 2 heures \u00e0 un maximum de 15 heures, en fonction de la destination choisie.<\/strong><\/p>\n<p>Les compagnies de ferry assurant les liaisons avec l'Albanie sont les suivantes :<\/p>\n<ul>\n<li>Superfast,<\/li>\n<li>Lignes Anek,<\/li>\n<li>Ventouris Ferries,<\/li>\n<li>Lignes minoennes,<\/li>\n<li>Traghettilines,<\/li>\n<li>Lignes Agoudimos<\/li>\n<li>Ferries de la mer Ionienne.<\/li>\n<\/ul>\n<p>Chacune de ces entreprises propose des tarifs comp\u00e9titifs et des services de qualit\u00e9.<\/p>\n<p><strong><img loading=\"lazy\" decoding=\"async\" class=\"size-medium wp-image-1873 alignright\" src=\"http:\/\/azeta.pro\/wp-content\/uploads\/2023\/02\/turismo-in-albania-mare-vacanze-low-cost-300x295.png\" alt=\"turismo in albania mare vacanze low cost\" width=\"300\" height=\"295\" title=\"\" srcset=\"https:\/\/azeta.pro\/wp-content\/uploads\/2023\/02\/turismo-in-albania-mare-vacanze-low-cost-300x295.png 300w, https:\/\/azeta.pro\/wp-content\/uploads\/2023\/02\/turismo-in-albania-mare-vacanze-low-cost-12x12.png 12w, https:\/\/azeta.pro\/wp-content\/uploads\/2023\/02\/turismo-in-albania-mare-vacanze-low-cost.png 512w\" sizes=\"(max-width: 300px) 100vw, 300px\" \/>\u00c0 bord des ferries<\/strong> un large \u00e9ventail de services aux passagers est disponible, notamment un bar, un restaurant, une boutique de souvenirs et une salle de jeux. En outre, sur de nombreux ferries, il est possible de louer une cabine priv\u00e9e pour plus d'intimit\u00e9.<\/p>\n<p><strong>Le prix d'un aller simple pour l'Albanie<\/strong> peuvent varier en fonction de la ville de d\u00e9part et de la compagnie de ferry choisie. En g\u00e9n\u00e9ral, les billets pour l'Albanie sont relativement bon march\u00e9 et peuvent \u00eatre achet\u00e9s en ligne ou dans les agences de voyage.<\/p>\n<p><strong>Il y a quelques points \u00e0 prendre en compte lors de la r\u00e9servation d'un ferry pour l'Albanie.<\/strong> Tout d'abord, il est important de v\u00e9rifier que la compagnie de ferry que vous choisissez assure des services entre la ville de d\u00e9part et l'Albanie. En outre, il est n\u00e9cessaire de v\u00e9rifier s'il existe une cabine priv\u00e9e sur le navire et de s'assurer que vous disposez d'un billet valide assorti d'une police d'assurance.<\/p>\n<p><strong>Enfin, il convient de mentionner que certaines compagnies de ferry exigent la pr\u00e9sentation d'une carte d'identit\u00e9 ou d'un passeport en cours de validit\u00e9 \u00e0 l'embarquement.<\/strong> et d'enregistrer toutes les donn\u00e9es personnelles. Si vous n'\u00eates pas en possession d'une carte d'identit\u00e9 ou d'un passeport valide, il est conseill\u00e9 de contacter la compagnie de ferry avant de r\u00e9server un billet.<\/p>\n<p><strong>En conclusion, prenez un ferry pour l'Albanie.<\/strong> peut \u00eatre un moyen \u00e9conomique et confortable de se rendre \u00e0 destination. Gr\u00e2ce aux nombreux services propos\u00e9s \u00e0 bord, les voyageurs peuvent profiter d'une exp\u00e9rience de navigation confortable et agr\u00e9able. Avant de r\u00e9server un billet, veillez \u00e0 lire attentivement les conditions g\u00e9n\u00e9rales de la compagnie de ferries que vous avez choisie.<\/p>\n\n\n<h3 class=\"wp-block-heading has-text-align-center\" id=\"block-f640ab86-1dd9-47fc-9bbf-2bf15609f5d0\">Que voulez-vous faire maintenant ?<\/h3>\n\n\n\n<p id=\"block-ed3000bd-d577-4ac4-8863-93b5cb587a3e\"><strong>Vous \u00eates \u00e0 la recherche d'opportunit\u00e9s d'investissement et de croissance commerciale ? L'\u00e9conomie italienne \u00e9tant en difficult\u00e9, le moment est venu d'explorer de nouveaux march\u00e9s. D\u00e9couvrez les avantages de faire des affaires en Albanie : des imp\u00f4ts moins \u00e9lev\u00e9s, des co\u00fbts \u00e9nerg\u00e9tiques r\u00e9duits et un environnement favorable aux entreprises. Remplissez le formulaire ci-dessous et l'un de nos consultants vous contactera dans les 24 heures pour discuter de la mani\u00e8re dont nous pouvons vous aider \u00e0 d\u00e9velopper vos activit\u00e9s \u00e0 l'\u00e9chelle internationale. Ne manquez pas cette occasion de transformer l'avenir de votre entreprise !<\/strong><\/p>\n\n\n\n<div class=\"wp-block-contact-form-7-contact-form-selector\">\n<div class=\"wpcf7 no-js\" id=\"wpcf7-f6-o1\" lang=\"en-US\" dir=\"ltr\">\n<div class=\"screen-reader-response\"><p role=\"status\" aria-live=\"polite\" aria-atomic=\"true\"><\/p> <ul><\/ul><\/div>\n<form action=\"\/fr\/wp-json\/wp\/v2\/pages\/1833#wpcf7-f6-o1\" method=\"post\" class=\"wpcf7-form init\" aria-label=\"Formulaire de contact\" novalidate=\"novalidate\" data-status=\"init\" data-trp-original-action=\"\/fr\/wp-json\/wp\/v2\/pages\/1833#wpcf7-f6-o1\">\n<div style=\"display: none;\">\n<input type=\"hidden\" name=\"_wpcf7\" value=\"6\" \/>\n<input type=\"hidden\" name=\"_wpcf7_version\" value=\"5.9.8\" \/>\n<input type=\"hidden\" name=\"_wpcf7_locale\" value=\"en_US\" \/>\n<input type=\"hidden\" name=\"_wpcf7_unit_tag\" value=\"wpcf7-f6-o1\" \/>\n<input type=\"hidden\" name=\"_wpcf7_container_post\" value=\"0\" \/>\n<input type=\"hidden\" name=\"_wpcf7_posted_data_hash\" value=\"\" \/>\n<input type=\"hidden\" name=\"_wpcf7_recaptcha_response\" value=\"\" \/>\n<\/div>\n<p><label> Votre pr\u00e9nom et votre nom de famille<br \/>\n<span class=\"wpcf7-form-control-wrap\" data-name=\"your-name\"><input size=\"40\" maxlength=\"400\" class=\"wpcf7-form-control wpcf7-text wpcf7-validates-as-required\" aria-required=\"true\" aria-invalid=\"false\" value=\"\" type=\"text\" name=\"your-name\" \/><\/span> <\/label>\n<\/p>\n<p><label> Votre e-mail<br \/>\n<span class=\"wpcf7-form-control-wrap\" data-name=\"your-email\"><input size=\"40\" maxlength=\"400\" class=\"wpcf7-form-control wpcf7-email wpcf7-validates-as-required wpcf7-text wpcf7-validates-as-email\" aria-required=\"true\" aria-invalid=\"false\" value=\"\" type=\"email\" name=\"your-email\" \/><\/span> <\/label>\n<\/p>\n<p><label> T\u00e9l\u00e9phone<br \/>\n<span class=\"wpcf7-form-control-wrap\" data-name=\"tel-141\"><input size=\"40\" maxlength=\"400\" class=\"wpcf7-form-control wpcf7-tel wpcf7-validates-as-required wpcf7-text wpcf7-validates-as-tel\" aria-required=\"true\" aria-invalid=\"false\" value=\"\" type=\"tel\" name=\"tel-141\" \/><\/span> <\/label>\n<\/p>\n<p><label> Site web (facultatif)<br \/>\n<span class=\"wpcf7-form-control-wrap\" data-name=\"url-328\"><input size=\"40\" maxlength=\"400\" class=\"wpcf7-form-control wpcf7-url wpcf7-text wpcf7-validates-as-url\" aria-invalid=\"false\" value=\"\" type=\"url\" name=\"url-328\" \/><\/span> <\/label>\n<\/p>\n<p><label> Objet de votre demande<br \/>\n<span class=\"wpcf7-form-control-wrap\" data-name=\"your-subject\"><input size=\"40\" maxlength=\"400\" class=\"wpcf7-form-control wpcf7-text wpcf7-validates-as-required\" aria-required=\"true\" aria-invalid=\"false\" value=\"\" type=\"text\" name=\"your-subject\" \/><\/span> <\/label>\n<\/p>\n<p><label> S\u00e9lectionner l'int\u00e9r\u00eat<br \/>\n<span class=\"wpcf7-form-control-wrap\" data-name=\"menu-739\"><select class=\"wpcf7-form-control wpcf7-select wpcf7-validates-as-required\" aria-required=\"true\" aria-invalid=\"false\" multiple=\"multiple\" name=\"menu-739[]\"><option value=\"Costituzione societ\u00e0 Dubai\">Constitution de la soci\u00e9t\u00e9 de Duba\u00ef<\/option><option value=\"Richiesta residenza Dubai\">R\u00e9sidence \u00e0 Duba\u00ef requise<\/option><option value=\"Costituzione societ\u00e0 Albania\">Constitution de la soci\u00e9t\u00e9 Albanie<\/option><option value=\"Apertura Partita IVA professionista\">Ouverture d'un num\u00e9ro de TVA professionnel<\/option><option value=\"Consulenza Aziendale\">Conseil aux entreprises<\/option><option value=\"Apertura conto per non residenti\">Ouverture de compte pour les non-r\u00e9sidents<\/option><option value=\"Ricerca Finanziamenti per progetto\">Recherche de financement de projets<\/option><option value=\"Ricerca Finanziamento Europa\">Recherche de financement en Europe<\/option><option value=\"Internazionalizzazione d&#039;Impresa\">L'internationalisation des entreprises<\/option><option value=\"Investimento immobiliare\">Investissement immobilier<\/option><option value=\"Investimento di Portafoglio\">Investissement de portefeuille<\/option><option value=\"VISA Permesso di soggiorno\">VISA Permis de s\u00e9jour<\/option><option value=\"Richiesta cittadinanza Albanese\">Demande de citoyennet\u00e9 albanaise<\/option><option value=\"Altro...\">Plus...<\/option><\/select><\/span><\/label>\n<\/p>\n<p><label> Votre message<br \/>\n<span class=\"wpcf7-form-control-wrap\" data-name=\"your-message\"><textarea cols=\"40\" rows=\"10\" maxlength=\"2000\" class=\"wpcf7-form-control wpcf7-textarea\" aria-invalid=\"false\" name=\"your-message\"><\/textarea><\/span> <\/label>\n<\/p>\n<p><label>Consentement au respect de la vie priv\u00e9e et aux cookies en vertu du GDPR (obligatoire)<br \/>\n<span class=\"wpcf7-form-control-wrap\" data-name=\"acceptance-52\"><span class=\"wpcf7-form-control wpcf7-acceptance\"><span class=\"wpcf7-list-item\"><label><input type=\"checkbox\" name=\"acceptance-52\" value=\"1\" checked=\"checked\" aria-invalid=\"false\" \/><span class=\"wpcf7-list-item-label\">Je donne mon accord<\/span><\/label><\/span><\/span><\/span> au traitement de mes donn\u00e9es aux fins de leur traitement et je confirme que j'ai lu la politique de confidentialit\u00e9 du site.<br \/>\n<\/label>\n<\/p>\n<p><input class=\"wpcf7-form-control wpcf7-submit has-spinner\" type=\"submit\" value=\"Envoyer\" \/>\n<\/p><div class=\"wpcf7-response-output\" aria-hidden=\"true\"><\/div>\n<input type=\"hidden\" name=\"trp-form-language\" value=\"fr\"\/><\/form>\n<\/div>\n<\/div>","protected":false},"excerpt":{"rendered":"<p>L'Albanie est l'un des pays les plus fascinants d'Europe, avec sa riche histoire, sa nature intacte et ses plages exceptionnelles. Si vous envisagez de vous rendre en Albanie, le ferry est un moyen de transport pratique et commode. Le transport maritime est une option peu co\u00fbteuse et offre des vues spectaculaires pendant le voyage. En ... <a title=\"Comment se rendre en Albanie en ferry\" class=\"read-more\" href=\"https:\/\/azeta.pro\/fr\/come-arrivare-in-traghetto-in-albania\/\" aria-label=\"Plus sur Comment se rendre en Albanie en ferry\">Lire plus<\/a><\/p>","protected":false},"author":1,"featured_media":1872,"parent":0,"menu_order":0,"comment_status":"closed","ping_status":"closed","template":"","meta":{"iawp_total_views":9,"footnotes":""},"_links":{"self":[{"href":"https:\/\/azeta.pro\/fr\/wp-json\/wp\/v2\/pages\/1833"}],"collection":[{"href":"https:\/\/azeta.pro\/fr\/wp-json\/wp\/v2\/pages"}],"about":[{"href":"https:\/\/azeta.pro\/fr\/wp-json\/wp\/v2\/types\/page"}],"author":[{"embeddable":true,"href":"https:\/\/azeta.pro\/fr\/wp-json\/wp\/v2\/users\/1"}],"replies":[{"embeddable":true,"href":"https:\/\/azeta.pro\/fr\/wp-json\/wp\/v2\/comments?post=1833"}],"version-history":[{"count":2,"href":"https:\/\/azeta.pro\/fr\/wp-json\/wp\/v2\/pages\/1833\/revisions"}],"predecessor-version":[{"id":2287,"href":"https:\/\/azeta.pro\/fr\/wp-json\/wp\/v2\/pages\/1833\/revisions\/2287"}],"wp:featuredmedia":[{"embeddable":true,"href":"https:\/\/azeta.pro\/fr\/wp-json\/wp\/v2\/media\/1872"}],"wp:attachment":[{"href":"https:\/\/azeta.pro\/fr\/wp-json\/wp\/v2\/media?parent=1833"}],"curies":[{"name":"wp","href":"https:\/\/api.w.org\/{rel}","templated":true}]}}