{"id":1832,"date":"2023-02-02T14:14:37","date_gmt":"2023-02-02T14:14:37","guid":{"rendered":"https:\/\/azeta.pro\/?page_id=1832"},"modified":"2024-06-11T08:31:39","modified_gmt":"2024-06-11T08:31:39","slug":"arrivare-in-macchina-in-albania-tutto-quello-che-devi-sapere","status":"publish","type":"page","link":"https:\/\/azeta.pro\/fr\/arrivare-in-macchina-in-albania-tutto-quello-che-devi-sapere\/","title":{"rendered":"Arriver en voiture en Albanie : tout ce que vous devez savoir"},"content":{"rendered":"<p>L'Albanie est un pays riche en histoire et en culture qui offre une vari\u00e9t\u00e9 de destinations touristiques et de paysages \u00e0 couper le souffle. Si vous pr\u00e9voyez un voyage en Albanie, une <strong>Le moyen de s'y rendre est la voiture<\/strong>. Parmi les aspects \u00e0 prendre en compte avant d'entreprendre un voyage en voiture en Albanie, citons le code de la route local, l'assurance et les documents n\u00e9cessaires.<\/p>\n<p>Dans cet article, nous vous expliquons tout ce que vous devez savoir pour <strong>en direction de l'Albanie.<\/strong><\/p>\n<div id=\"ez-toc-container\" class=\"ez-toc-v2_0_79_2 counter-hierarchy ez-toc-counter ez-toc-grey ez-toc-container-direction\">\n<div class=\"ez-toc-title-container\">\n<p class=\"ez-toc-title\" style=\"cursor:inherit\">Index<\/p>\n<span class=\"ez-toc-title-toggle\"><a href=\"#\" class=\"ez-toc-pull-right ez-toc-btn ez-toc-btn-xs ez-toc-btn-default ez-toc-toggle\" aria-label=\"Toggle Table des mati\u00e8res\"><span class=\"ez-toc-js-icon-con\"><span class=\"\"><span class=\"eztoc-hide\" style=\"display:none;\">Toggle<\/span><span class=\"ez-toc-icon-toggle-span\"><svg style=\"fill: #999;color:#999\" xmlns=\"http:\/\/www.w3.org\/2000\/svg\" class=\"list-377408\" width=\"20px\" height=\"20px\" viewbox=\"0 0 24 24\" fill=\"none\"><path d=\"M6 6H4v2h2V6zm14 0H8v2h12V6zM4 11h2v2H4v-2zm16 0H8v2h12v-2zM4 16h2v2H4v-2zm16 0H8v2h12v-2z\" fill=\"currentColor\"><\/path><\/svg><svg style=\"fill: #999;color:#999\" class=\"arrow-unsorted-368013\" xmlns=\"http:\/\/www.w3.org\/2000\/svg\" width=\"10px\" height=\"10px\" viewbox=\"0 0 24 24\" version=\"1.2\" baseprofile=\"tiny\"><path d=\"M18.2 9.3l-6.2-6.3-6.2 6.3c-.2.2-.3.4-.3.7s.1.5.3.7c.2.2.4.3.7.3h11c.3 0 .5-.1.7-.3.2-.2.3-.5.3-.7s-.1-.5-.3-.7zM5.8 14.7l6.2 6.3 6.2-6.3c.2-.2.3-.5.3-.7s-.1-.5-.3-.7c-.2-.2-.4-.3-.7-.3h-11c-.3 0-.5.1-.7.3-.2.2-.3.5-.3.7s.1.5.3.7z\"\/><\/svg><\/span><\/span><\/span><\/a><\/span><\/div>\n<nav><ul class='ez-toc-list ez-toc-list-level-1' ><li class='ez-toc-page-1 ez-toc-heading-level-3'><a class=\"ez-toc-link ez-toc-heading-1\" href=\"https:\/\/azeta.pro\/fr\/arrivare-in-macchina-in-albania-tutto-quello-che-devi-sapere\/#Come_Entrare_in_Albania_Con_la_Tua_Auto\" >Comment entrer en Albanie avec votre voiture<\/a><\/li><li class='ez-toc-page-1 ez-toc-heading-level-3'><a class=\"ez-toc-link ez-toc-heading-2\" href=\"https:\/\/azeta.pro\/fr\/arrivare-in-macchina-in-albania-tutto-quello-che-devi-sapere\/#Leggi_Stradali_in_Albania\" >Code de la route en Albanie<\/a><\/li><li class='ez-toc-page-1 ez-toc-heading-level-3'><a class=\"ez-toc-link ez-toc-heading-3\" href=\"https:\/\/azeta.pro\/fr\/arrivare-in-macchina-in-albania-tutto-quello-che-devi-sapere\/#Assicurazione_Auto_in_Albania\" >Assurance automobile en Albanie<\/a><\/li><li class='ez-toc-page-1 ez-toc-heading-level-3'><a class=\"ez-toc-link ez-toc-heading-4\" href=\"https:\/\/azeta.pro\/fr\/arrivare-in-macchina-in-albania-tutto-quello-che-devi-sapere\/#Spostarsi_in_Albania\" >D\u00e9m\u00e9nager en Albanie<\/a><\/li><li class='ez-toc-page-1 ez-toc-heading-level-3'><a class=\"ez-toc-link ez-toc-heading-5\" href=\"https:\/\/azeta.pro\/fr\/arrivare-in-macchina-in-albania-tutto-quello-che-devi-sapere\/#Guida_Sicura_in_Albania\" >Conduire en toute s\u00e9curit\u00e9 en Albanie<\/a><\/li><li class='ez-toc-page-1 ez-toc-heading-level-3'><a class=\"ez-toc-link ez-toc-heading-6\" href=\"https:\/\/azeta.pro\/fr\/arrivare-in-macchina-in-albania-tutto-quello-che-devi-sapere\/#Conclusione\" >Conclusion<\/a><\/li><li class='ez-toc-page-1 ez-toc-heading-level-3'><a class=\"ez-toc-link ez-toc-heading-7\" href=\"https:\/\/azeta.pro\/fr\/arrivare-in-macchina-in-albania-tutto-quello-che-devi-sapere\/#Che_cosa_volete_fare_ora\" >Que voulez-vous faire maintenant ?<\/a><\/li><\/ul><\/nav><\/div>\n<h3><span class=\"ez-toc-section\" id=\"Come_Entrare_in_Albania_Con_la_Tua_Auto\"><\/span>Comment entrer en Albanie avec votre voiture<span class=\"ez-toc-section-end\"><\/span><\/h3>\n<p><span data-offset-key=\"897af-18-0\">La<\/span><span data-offset-key=\"897af-19-0\"> mag<\/span><span data-offset-key=\"897af-20-0\">g<\/span><span data-offset-key=\"897af-21-0\">ior<\/span><span data-offset-key=\"897af-22-0\"> partie<\/span><span data-offset-key=\"897af-23-0\">e<\/span><span data-offset-key=\"897af-24-0\"> de<\/span><span data-offset-key=\"897af-25-0\">i<\/span><span data-offset-key=\"897af-26-0\"> l\u00e0<\/span><span data-offset-key=\"897af-27-0\">agg<\/span><span data-offset-key=\"897af-28-0\">iateur<\/span><span data-offset-key=\"897af-29-0\">i<\/span><span data-offset-key=\"897af-30-0\"> pu<\/span><span data-offset-key=\"897af-31-0\">\u00f2<\/span><strong> entrer en Albanie en voiture par les fronti\u00e8res avec :<\/strong><\/p>\n<ul>\n<li><strong>Gr\u00e8ce, <\/strong><\/li>\n<li><strong>Italie, <\/strong><\/li>\n<li><strong>Mont\u00e9n\u00e9gro, <\/strong><\/li>\n<li><strong>Kosovo <\/strong><\/li>\n<li><strong>Mac\u00e9doine<\/strong><span data-offset-key=\"897af-68-0\">.<\/span><\/li>\n<\/ul>\n<p><strong>Avant de prendre votre voiture et de partir pour l'Albanie<\/strong>il est important de s'assurer que vous disposez de tous les documents n\u00e9cessaires.<\/p>\n<p>Pour entrer en Albanie avec votre voiture, vous devez avoir :<\/p>\n<ul>\n<li>un permis de conduire valide,<\/li>\n<li>un certificat d'assurance international,<\/li>\n<li>une carte verte<\/li>\n<li>une carte d'identit\u00e9 en cours de validit\u00e9 pour l'expatriation ou, \u00e0 d\u00e9faut, un passeport en cours de validit\u00e9.<\/li>\n<\/ul>\n<p>La <strong>permis de conduire<\/strong> doit \u00eatre d\u00e9livr\u00e9 par votre pays d'origine et \u00eatre valable au moins six mois. Si votre permis de conduire est d\u00e9livr\u00e9 dans une langue autre que l'albanais, vous devez \u00e9galement apporter une traduction officielle.<\/p>\n<p><img loading=\"lazy\" decoding=\"async\" class=\"size-medium wp-image-1879 alignleft\" src=\"http:\/\/azeta.pro\/wp-content\/uploads\/2023\/02\/carta-verde-in-albania-300x164.jpg\" alt=\"\" width=\"300\" height=\"164\" title=\"\" srcset=\"https:\/\/azeta.pro\/wp-content\/uploads\/2023\/02\/carta-verde-in-albania-300x164.jpg 300w, https:\/\/azeta.pro\/wp-content\/uploads\/2023\/02\/carta-verde-in-albania-18x10.jpg 18w, https:\/\/azeta.pro\/wp-content\/uploads\/2023\/02\/carta-verde-in-albania.jpg 304w\" sizes=\"(max-width: 300px) 100vw, 300px\" \/><\/p>\n<p><strong>Le certificat international d'assurance<\/strong> est obligatoire pour entrer en Albanie avec votre voiture. Le certificat doit \u00eatre d\u00e9livr\u00e9 par une compagnie d'assurance agr\u00e9\u00e9e par le gouvernement albanais.<\/p>\n<p><strong>La carte verte<\/strong> est un document qui garantit la couverture de l'assurance responsabilit\u00e9 civile \u00e0 l'\u00e9gard des tiers. Le certificat doit \u00eatre d\u00e9livr\u00e9 par votre pays d'origine et \u00eatre valable au moins six mois.<\/p>\n<p>&nbsp;<\/p>\n<h3><span class=\"ez-toc-section\" id=\"Leggi_Stradali_in_Albania\"><\/span>Code de la route en Albanie<span class=\"ez-toc-section-end\"><\/span><\/h3>\n<p>Une fois en Albanie, il est important de conna\u00eetre le code de la route local. Le code de la route albanais est similaire \u00e0 celui de la plupart des pays europ\u00e9ens. <strong>En Albanie, la conduite se fait \u00e0 droite comme en Italie.<\/strong><\/p>\n<p>La vitesse maximale autoris\u00e9e est de 50 km\/h en ville, de 90 km\/h sur les routes de campagne et de 120 km\/h sur les autoroutes. L'utilisation des phares la nuit est obligatoire.<\/p>\n<p>Il est ill\u00e9gal de conduire avec un permis expir\u00e9 et les amendes pour violation du code de la route peuvent \u00eatre \u00e9lev\u00e9es.<\/p>\n<h3><span class=\"ez-toc-section\" id=\"Assicurazione_Auto_in_Albania\"><\/span>Assurance automobile en Albanie<span class=\"ez-toc-section-end\"><\/span><\/h3>\n<p>Lorsque vous voyagez en Albanie avec votre voiture, il est obligatoire d'avoir une assurance valide. L'assurance automobile en Albanie peut \u00eatre souscrite aupr\u00e8s d'une compagnie d'assurance locale ou d'une compagnie d'assurance internationale.<\/p>\n<p>L'assurance automobile en Albanie couvre g\u00e9n\u00e9ralement<\/p>\n<ul>\n<li>les frais m\u00e9dicaux pour les conducteurs et les passagers,<\/li>\n<li>les frais de justice,<\/li>\n<li>le co\u00fbt de la r\u00e9paration ou de la reconstruction de la voiture,<\/li>\n<li>les frais de r\u00e9cup\u00e9ration et de remorquage.<\/li>\n<\/ul>\n<p>L'assurance en Albanie peut \u00eatre souscrite pour un certain nombre de jours ou pour une p\u00e9riode plus longue.<\/p>\n<h3><span class=\"ez-toc-section\" id=\"Spostarsi_in_Albania\"><\/span>D\u00e9m\u00e9nager en Albanie<span class=\"ez-toc-section-end\"><\/span><\/h3>\n<p>Une fois en Albanie, il y a plusieurs fa\u00e7ons de se d\u00e9placer. La plupart des grandes villes et des principaux centres touristiques sont desservis par un r\u00e9seau de bus. Les billets peuvent \u00eatre achet\u00e9s dans les gares routi\u00e8res ou dans les agences de voyage locales.<\/p>\n<p><strong>En outre, vous pouvez louer une voiture en Albanie<\/strong>. Il existe de nombreuses agences de location de voitures en Albanie et de nombreux a\u00e9roports proposent \u00e9galement des services de location de voitures.<\/p>\n<p>Si vous choisissez de louer une voiture, assurez-vous d'avoir un permis de conduire valide et une carte de cr\u00e9dit.<\/p>\n<h3><span class=\"ez-toc-section\" id=\"Guida_Sicura_in_Albania\"><\/span>Conduire en toute s\u00e9curit\u00e9 en Albanie<span class=\"ez-toc-section-end\"><\/span><\/h3>\n<p>Pendant votre voyage en voiture en Albanie, n'oubliez pas de conduire de mani\u00e8re responsable et de respecter le code de la route. Une conduite prudente est la meilleure garantie pour des vacances s\u00fbres et sans accident.<\/p>\n<p>Veillez \u00e0 ne pas conduire sous l'influence de l'alcool ou de drogues. Veillez \u00e9galement \u00e0 porter votre ceinture de s\u00e9curit\u00e9 \u00e0 tout moment. N'oubliez pas de respecter la limitation de vitesse et le code de la route.<\/p>\n<p>Veillez \u00e9galement \u00e0 toujours avoir une copie de vos documents avec vous. Il s'agit notamment de votre permis de conduire, de votre certificat d'assurance et de votre carte d'identit\u00e9.<\/p>\n<h3><span class=\"ez-toc-section\" id=\"Conclusione\"><\/span>Conclusion<span class=\"ez-toc-section-end\"><\/span><\/h3>\n<p><strong>Voyager en voiture en Albanie<\/strong> peut \u00eatre une exp\u00e9rience passionnante et m\u00e9morable. Avant d'entreprendre un voyage en Albanie, assurez-vous d'avoir tous les documents n\u00e9cessaires, de conna\u00eetre le code de la route local et d'avoir une assurance automobile valide. Veillez \u00e9galement \u00e0 conduire de mani\u00e8re responsable et \u00e0 toujours respecter le code de la route. En suivant ces conseils simples, vous pouvez vous assurer de passer des vacances s\u00fbres et inoubliables en Albanie.<\/p>\n\n\n<h3 class=\"wp-block-heading has-text-align-center\" id=\"block-f640ab86-1dd9-47fc-9bbf-2bf15609f5d0\"><span class=\"ez-toc-section\" id=\"Che_cosa_volete_fare_ora\"><\/span>Que voulez-vous faire maintenant ?<span class=\"ez-toc-section-end\"><\/span><\/h3>\n\n\n\n<p id=\"block-ed3000bd-d577-4ac4-8863-93b5cb587a3e\"><strong>Vous \u00eates \u00e0 la recherche d'opportunit\u00e9s d'investissement et de croissance commerciale ? L'\u00e9conomie italienne \u00e9tant en difficult\u00e9, le moment est venu d'explorer de nouveaux march\u00e9s. D\u00e9couvrez les avantages de faire des affaires en Albanie : des imp\u00f4ts moins \u00e9lev\u00e9s, des co\u00fbts \u00e9nerg\u00e9tiques r\u00e9duits et un environnement favorable aux entreprises. Remplissez le formulaire ci-dessous et l'un de nos consultants vous contactera dans les 24 heures pour discuter de la mani\u00e8re dont nous pouvons vous aider \u00e0 d\u00e9velopper vos activit\u00e9s \u00e0 l'\u00e9chelle internationale. Ne manquez pas cette occasion de transformer l'avenir de votre entreprise !<\/strong><\/p>\n\n\n\n<div class=\"wp-block-contact-form-7-contact-form-selector\">\n<div class=\"wpcf7 no-js\" id=\"wpcf7-f6-o1\" lang=\"en-US\" dir=\"ltr\">\n<div class=\"screen-reader-response\"><p role=\"status\" aria-live=\"polite\" aria-atomic=\"true\"><\/p> <ul><\/ul><\/div>\n<form action=\"\/fr\/wp-json\/wp\/v2\/pages\/1832#wpcf7-f6-o1\" method=\"post\" class=\"wpcf7-form init\" aria-label=\"Formulaire de contact\" novalidate=\"novalidate\" data-status=\"init\" data-trp-original-action=\"\/fr\/wp-json\/wp\/v2\/pages\/1832#wpcf7-f6-o1\">\n<div style=\"display: none;\">\n<input type=\"hidden\" name=\"_wpcf7\" value=\"6\" \/>\n<input type=\"hidden\" name=\"_wpcf7_version\" value=\"5.9.8\" \/>\n<input type=\"hidden\" name=\"_wpcf7_locale\" value=\"en_US\" \/>\n<input type=\"hidden\" name=\"_wpcf7_unit_tag\" value=\"wpcf7-f6-o1\" \/>\n<input type=\"hidden\" name=\"_wpcf7_container_post\" value=\"0\" \/>\n<input type=\"hidden\" name=\"_wpcf7_posted_data_hash\" value=\"\" \/>\n<input type=\"hidden\" name=\"_wpcf7_recaptcha_response\" value=\"\" \/>\n<\/div>\n<p><label> Votre pr\u00e9nom et votre nom de famille<br \/>\n<span class=\"wpcf7-form-control-wrap\" data-name=\"your-name\"><input size=\"40\" maxlength=\"400\" class=\"wpcf7-form-control wpcf7-text wpcf7-validates-as-required\" aria-required=\"true\" aria-invalid=\"false\" value=\"\" type=\"text\" name=\"your-name\" \/><\/span> <\/label>\n<\/p>\n<p><label> Votre e-mail<br \/>\n<span class=\"wpcf7-form-control-wrap\" data-name=\"your-email\"><input size=\"40\" maxlength=\"400\" class=\"wpcf7-form-control wpcf7-email wpcf7-validates-as-required wpcf7-text wpcf7-validates-as-email\" aria-required=\"true\" aria-invalid=\"false\" value=\"\" type=\"email\" name=\"your-email\" \/><\/span> <\/label>\n<\/p>\n<p><label> T\u00e9l\u00e9phone<br \/>\n<span class=\"wpcf7-form-control-wrap\" data-name=\"tel-141\"><input size=\"40\" maxlength=\"400\" class=\"wpcf7-form-control wpcf7-tel wpcf7-validates-as-required wpcf7-text wpcf7-validates-as-tel\" aria-required=\"true\" aria-invalid=\"false\" value=\"\" type=\"tel\" name=\"tel-141\" \/><\/span> <\/label>\n<\/p>\n<p><label> Site web (facultatif)<br \/>\n<span class=\"wpcf7-form-control-wrap\" data-name=\"url-328\"><input size=\"40\" maxlength=\"400\" class=\"wpcf7-form-control wpcf7-url wpcf7-text wpcf7-validates-as-url\" aria-invalid=\"false\" value=\"\" type=\"url\" name=\"url-328\" \/><\/span> <\/label>\n<\/p>\n<p><label> Objet de votre demande<br \/>\n<span class=\"wpcf7-form-control-wrap\" data-name=\"your-subject\"><input size=\"40\" maxlength=\"400\" class=\"wpcf7-form-control wpcf7-text wpcf7-validates-as-required\" aria-required=\"true\" aria-invalid=\"false\" value=\"\" type=\"text\" name=\"your-subject\" \/><\/span> <\/label>\n<\/p>\n<p><label> S\u00e9lectionner l'int\u00e9r\u00eat<br \/>\n<span class=\"wpcf7-form-control-wrap\" data-name=\"menu-739\"><select class=\"wpcf7-form-control wpcf7-select wpcf7-validates-as-required\" aria-required=\"true\" aria-invalid=\"false\" multiple=\"multiple\" name=\"menu-739[]\"><option value=\"Costituzione societ\u00e0 Dubai\">Constitution de la soci\u00e9t\u00e9 de Duba\u00ef<\/option><option value=\"Richiesta residenza Dubai\">R\u00e9sidence \u00e0 Duba\u00ef requise<\/option><option value=\"Costituzione societ\u00e0 Albania\">Constitution de la soci\u00e9t\u00e9 Albanie<\/option><option value=\"Apertura Partita IVA professionista\">Ouverture d'un num\u00e9ro de TVA professionnel<\/option><option value=\"Consulenza Aziendale\">Conseil aux entreprises<\/option><option value=\"Apertura conto per non residenti\">Ouverture de compte pour les non-r\u00e9sidents<\/option><option value=\"Ricerca Finanziamenti per progetto\">Recherche de financement de projets<\/option><option value=\"Ricerca Finanziamento Europa\">Recherche de financement en Europe<\/option><option value=\"Internazionalizzazione d&#039;Impresa\">L'internationalisation des entreprises<\/option><option value=\"Investimento immobiliare\">Investissement immobilier<\/option><option value=\"Investimento di Portafoglio\">Investissement de portefeuille<\/option><option value=\"VISA Permesso di soggiorno\">VISA Permis de s\u00e9jour<\/option><option value=\"Richiesta cittadinanza Albanese\">Demande de citoyennet\u00e9 albanaise<\/option><option value=\"Altro...\">Plus...<\/option><\/select><\/span><\/label>\n<\/p>\n<p><label> Votre message<br \/>\n<span class=\"wpcf7-form-control-wrap\" data-name=\"your-message\"><textarea cols=\"40\" rows=\"10\" maxlength=\"2000\" class=\"wpcf7-form-control wpcf7-textarea\" aria-invalid=\"false\" name=\"your-message\"><\/textarea><\/span> <\/label>\n<\/p>\n<p><label>Consentement au respect de la vie priv\u00e9e et aux cookies en vertu du GDPR (obligatoire)<br \/>\n<span class=\"wpcf7-form-control-wrap\" data-name=\"acceptance-52\"><span class=\"wpcf7-form-control wpcf7-acceptance\"><span class=\"wpcf7-list-item\"><label><input type=\"checkbox\" name=\"acceptance-52\" value=\"1\" checked=\"checked\" aria-invalid=\"false\" \/><span class=\"wpcf7-list-item-label\">Je donne mon accord<\/span><\/label><\/span><\/span><\/span> au traitement de mes donn\u00e9es aux fins de leur traitement et je confirme que j'ai lu la politique de confidentialit\u00e9 du site.<br \/>\n<\/label>\n<\/p>\n<p><input class=\"wpcf7-form-control wpcf7-submit has-spinner\" type=\"submit\" value=\"Envoyer\" \/>\n<\/p><div class=\"wpcf7-response-output\" aria-hidden=\"true\"><\/div>\n<input type=\"hidden\" name=\"trp-form-language\" value=\"fr\"\/><\/form>\n<\/div>\n<\/div>","protected":false},"excerpt":{"rendered":"<p>L'Albanie est un pays riche en histoire et en culture qui offre une vari\u00e9t\u00e9 de destinations touristiques et de paysages \u00e0 couper le souffle. Si vous pr\u00e9voyez un voyage en Albanie, la voiture est l'un des moyens de s'y rendre. Parmi les aspects \u00e0 prendre en compte avant d'entreprendre un voyage en Albanie, citons le code de la route local, l'assurance ... <a title=\"Arriver en voiture en Albanie : tout ce que vous devez savoir\" class=\"read-more\" href=\"https:\/\/azeta.pro\/fr\/arrivare-in-macchina-in-albania-tutto-quello-che-devi-sapere\/\" aria-label=\"Plus sur Arriver en voiture en Albanie : tout ce qu&#039;il faut savoir\">Lire plus<\/a><\/p>","protected":false},"author":1,"featured_media":1881,"parent":0,"menu_order":0,"comment_status":"closed","ping_status":"closed","template":"","meta":{"iawp_total_views":33,"footnotes":""},"_links":{"self":[{"href":"https:\/\/azeta.pro\/fr\/wp-json\/wp\/v2\/pages\/1832"}],"collection":[{"href":"https:\/\/azeta.pro\/fr\/wp-json\/wp\/v2\/pages"}],"about":[{"href":"https:\/\/azeta.pro\/fr\/wp-json\/wp\/v2\/types\/page"}],"author":[{"embeddable":true,"href":"https:\/\/azeta.pro\/fr\/wp-json\/wp\/v2\/users\/1"}],"replies":[{"embeddable":true,"href":"https:\/\/azeta.pro\/fr\/wp-json\/wp\/v2\/comments?post=1832"}],"version-history":[{"count":2,"href":"https:\/\/azeta.pro\/fr\/wp-json\/wp\/v2\/pages\/1832\/revisions"}],"predecessor-version":[{"id":2288,"href":"https:\/\/azeta.pro\/fr\/wp-json\/wp\/v2\/pages\/1832\/revisions\/2288"}],"wp:featuredmedia":[{"embeddable":true,"href":"https:\/\/azeta.pro\/fr\/wp-json\/wp\/v2\/media\/1881"}],"wp:attachment":[{"href":"https:\/\/azeta.pro\/fr\/wp-json\/wp\/v2\/media?parent=1832"}],"curies":[{"name":"wp","href":"https:\/\/api.w.org\/{rel}","templated":true}]}}