{"id":1768,"date":"2022-12-13T15:49:18","date_gmt":"2022-12-13T15:49:18","guid":{"rendered":"https:\/\/azeta.pro\/?page_id=1768"},"modified":"2022-12-27T18:22:23","modified_gmt":"2022-12-27T18:22:23","slug":"dr-roberto-damato","status":"publish","type":"page","link":"https:\/\/azeta.pro\/fr\/dr-roberto-damato\/","title":{"rendered":"Dr Roberto d'Amato"},"content":{"rendered":"<p><\/p>\n\n\n\n<p><strong>Avocat international, sa pratique se concentre sur les accords et les relations internationales, le droit des contrats et la constitution de soci\u00e9t\u00e9s.<\/strong><\/p>\n\n\n\n<p id=\"block-1f9f136a-c01a-48b1-a21b-9ce4a01a3d9f\"><strong>Titres et dipl\u00f4mes<\/strong><\/p>\n\n\n\n<ul id=\"block-0a8a4ab9-7082-4a08-a023-376423eb573f\">\n<li><strong>Ma\u00eetrise en droit de <\/strong><a href=\"https:\/\/www2.uniecampus.it\/info_uniecampus_universita.asp\" rel=\"nofollow noopener\" target=\"_blank\"><strong> l'universit\u00e9 d'\u00e9tudes Ecampus<\/strong>.<\/a><\/li>\n\n\n\n<li><strong>Dipl\u00f4me en sciences politiques et en \u00e9conomie sociale de l'universit\u00e9 suisse Leonardo da Vinci.<\/strong> <strong>Grade 110\/110<\/strong><\/li>\n\n\n\n<li><strong>Licence en sciences historiques \u00e9galement \u00e0 l'universit\u00e9 suisse Leonardo da Vinci. Note 110\/110<\/strong><\/li>\n\n\n\n<li><strong>Dipl\u00f4me de comptable et d'expert commercial<\/strong>obtenu \u00e0 l'Institut technique du commerce <strong>&#8216;<a href=\"https:\/\/ginnasio-carli.si\/\" rel=\"nofollow noopener\" target=\"_blank\">Gian Rinaldo Carli<\/a>&#8216;<\/strong> de Trieste.<\/li>\n<\/ul>\n\n\n\n<div style=\"height:30px\" aria-hidden=\"true\" class=\"wp-block-spacer\"><\/div>\n\n\n<div class=\"wp-block-image\">\n<figure class=\"aligncenter size-full\"><img loading=\"lazy\" decoding=\"async\" width=\"816\" height=\"185\" src=\"https:\/\/azeta.pro\/wp-content\/uploads\/2022\/12\/universita-leonardo-davinci-svizzera-internazionale.jpeg\" alt=\"\" class=\"wp-image-1772\" title=\"\" srcset=\"https:\/\/azeta.pro\/wp-content\/uploads\/2022\/12\/universita-leonardo-davinci-svizzera-internazionale.jpeg 816w, https:\/\/azeta.pro\/wp-content\/uploads\/2022\/12\/universita-leonardo-davinci-svizzera-internazionale-300x68.jpeg 300w, https:\/\/azeta.pro\/wp-content\/uploads\/2022\/12\/universita-leonardo-davinci-svizzera-internazionale-768x174.jpeg 768w, https:\/\/azeta.pro\/wp-content\/uploads\/2022\/12\/universita-leonardo-davinci-svizzera-internazionale-18x4.jpeg 18w\" sizes=\"(max-width: 816px) 100vw, 816px\" \/><\/figure><\/div>\n\n\n<div style=\"height:30px\" aria-hidden=\"true\" class=\"wp-block-spacer\"><\/div>\n\n\n\n<p><strong>En outre :<\/strong><\/p>\n\n\n\n<ul id=\"block-0a8a4ab9-7082-4a08-a023-376423eb573f\">\n<li>Il a fr\u00e9quent\u00e9 l'universit\u00e9 de Bologne, la plus ancienne et la plus belle du monde, l'Alma Mater, qui remonte \u00e0 l'an 1000, avec l'\u00e9cole de droit d'Irnerio.<\/li>\n\n\n\n<li>Elle a eu comme conf\u00e9renciers<strong> droit priv\u00e9<\/strong>Professeur \u00e9m\u00e9rite <a href=\"https:\/\/it.wikipedia.org\/wiki\/Francesco_Galgano\" rel=\"nofollow noopener\" target=\"_blank\"><strong>Francesco Galgano<\/strong><\/a>qui a \u00e9crit des livres et des textes juridiques pour des milliers de lyc\u00e9ens de l'UNIVERSIT\u00c9, a cr\u00e9\u00e9 le droit priv\u00e9 p\u00e9ruvien. Depuis des ann\u00e9es, le docteur Francesco Galgano est l'un des plus grands sp\u00e9cialistes du droit priv\u00e9 au P\u00e9rou. <strong>Les meilleurs avocats d'Agnelli.<\/strong><\/li>\n\n\n\n<li>Le professeur d'anglais Ugo Ruffolo lui a \u00e9galement enseign\u00e9 le droit civil, conseiller juridique de la rubrique mi manda Lubrano de Rai 3.<\/li>\n\n\n\n<li>Il a \u00e9t\u00e9 form\u00e9 par <strong>droit administratif<\/strong> l'ancien recteur de l'universit\u00e9 de Bologne <strong>Roversi Monaco<\/strong>.<\/li>\n<\/ul>\n\n\n\n<p><strong>Publications<\/strong><\/p>\n\n\n\n<ul>\n<li>Il a publi\u00e9 dix ouvrages sur l'histoire et deux sur l'\u00e9conomie.<\/li>\n<\/ul>\n\n\n\n<p><\/p>\n\n\n\n<p><strong>Exp\u00e9rience linguistique<\/strong><\/p>\n\n\n\n<ul id=\"block-2a08da81-a11c-49c8-99d0-553d8cbea695\">\n<li>Bon anglais<\/li>\n\n\n\n<li>\u00c9cole d'espagnol<\/li>\n\n\n\n<li>Bon fran\u00e7ais<\/li>\n<\/ul>\n\n\n\n<div style=\"height:100px\" aria-hidden=\"true\" class=\"wp-block-spacer\"><\/div>\n\n\n\n<h3 class=\"has-text-align-center wp-block-heading\" id=\"block-f640ab86-1dd9-47fc-9bbf-2bf15609f5d0\">Que voulez-vous faire maintenant ?<\/h3>\n\n\n\n<p id=\"block-ed3000bd-d577-4ac4-8863-93b5cb587a3e\"><strong>Voulez-vous rester en Europe et mourir de faim avec une r\u00e9cession \u00e0 port\u00e9e de main, une inflation galopante et des co\u00fbts de gaz et d'\u00e9lectricit\u00e9 toujours plus \u00e9lev\u00e9s et une p\u00e9nurie de mati\u00e8res premi\u00e8res ?<\/strong> <strong>Vous souhaitez prendre contact avec nous pour d\u00e9velopper votre opportunit\u00e9 commerciale en Albanie ? <\/strong><\/p>\n\n\n\n<p id=\"block-ed3000bd-d577-4ac4-8863-93b5cb587a3e\"><strong>Si vous souhaitez en savoir plus, veuillez remplir le formulaire ci-dessous et l'un de nos consultants vous contactera dans les 24 heures.<\/strong><\/p>\n\n\n\n<div class=\"wp-block-contact-form-7-contact-form-selector\">\n<div class=\"wpcf7 no-js\" id=\"wpcf7-f6-o1\" lang=\"en-US\" dir=\"ltr\">\n<div class=\"screen-reader-response\"><p role=\"status\" aria-live=\"polite\" aria-atomic=\"true\"><\/p> <ul><\/ul><\/div>\n<form action=\"\/fr\/wp-json\/wp\/v2\/pages\/1768#wpcf7-f6-o1\" method=\"post\" class=\"wpcf7-form init\" aria-label=\"Formulaire de contact\" novalidate=\"novalidate\" data-status=\"init\" data-trp-original-action=\"\/fr\/wp-json\/wp\/v2\/pages\/1768#wpcf7-f6-o1\">\n<div style=\"display: none;\">\n<input type=\"hidden\" name=\"_wpcf7\" value=\"6\" \/>\n<input type=\"hidden\" name=\"_wpcf7_version\" value=\"5.9.8\" \/>\n<input type=\"hidden\" name=\"_wpcf7_locale\" value=\"en_US\" \/>\n<input type=\"hidden\" name=\"_wpcf7_unit_tag\" value=\"wpcf7-f6-o1\" \/>\n<input type=\"hidden\" name=\"_wpcf7_container_post\" value=\"0\" \/>\n<input type=\"hidden\" name=\"_wpcf7_posted_data_hash\" value=\"\" \/>\n<input type=\"hidden\" name=\"_wpcf7_recaptcha_response\" value=\"\" \/>\n<\/div>\n<p><label> Votre pr\u00e9nom et votre nom de famille<br \/>\n<span class=\"wpcf7-form-control-wrap\" data-name=\"your-name\"><input size=\"40\" maxlength=\"400\" class=\"wpcf7-form-control wpcf7-text wpcf7-validates-as-required\" aria-required=\"true\" aria-invalid=\"false\" value=\"\" type=\"text\" name=\"your-name\" \/><\/span> <\/label>\n<\/p>\n<p><label> Votre e-mail<br \/>\n<span class=\"wpcf7-form-control-wrap\" data-name=\"your-email\"><input size=\"40\" maxlength=\"400\" class=\"wpcf7-form-control wpcf7-email wpcf7-validates-as-required wpcf7-text wpcf7-validates-as-email\" aria-required=\"true\" aria-invalid=\"false\" value=\"\" type=\"email\" name=\"your-email\" \/><\/span> <\/label>\n<\/p>\n<p><label> T\u00e9l\u00e9phone<br \/>\n<span class=\"wpcf7-form-control-wrap\" data-name=\"tel-141\"><input size=\"40\" maxlength=\"400\" class=\"wpcf7-form-control wpcf7-tel wpcf7-validates-as-required wpcf7-text wpcf7-validates-as-tel\" aria-required=\"true\" aria-invalid=\"false\" value=\"\" type=\"tel\" name=\"tel-141\" \/><\/span> <\/label>\n<\/p>\n<p><label> Site web (facultatif)<br \/>\n<span class=\"wpcf7-form-control-wrap\" data-name=\"url-328\"><input size=\"40\" maxlength=\"400\" class=\"wpcf7-form-control wpcf7-url wpcf7-text wpcf7-validates-as-url\" aria-invalid=\"false\" value=\"\" type=\"url\" name=\"url-328\" \/><\/span> <\/label>\n<\/p>\n<p><label> Objet de votre demande<br \/>\n<span class=\"wpcf7-form-control-wrap\" data-name=\"your-subject\"><input size=\"40\" maxlength=\"400\" class=\"wpcf7-form-control wpcf7-text wpcf7-validates-as-required\" aria-required=\"true\" aria-invalid=\"false\" value=\"\" type=\"text\" name=\"your-subject\" \/><\/span> <\/label>\n<\/p>\n<p><label> S\u00e9lectionner l'int\u00e9r\u00eat<br \/>\n<span class=\"wpcf7-form-control-wrap\" data-name=\"menu-739\"><select class=\"wpcf7-form-control wpcf7-select wpcf7-validates-as-required\" aria-required=\"true\" aria-invalid=\"false\" multiple=\"multiple\" name=\"menu-739[]\"><option value=\"Costituzione societ\u00e0 Dubai\">Constitution de la soci\u00e9t\u00e9 de Duba\u00ef<\/option><option value=\"Richiesta residenza Dubai\">R\u00e9sidence \u00e0 Duba\u00ef requise<\/option><option value=\"Costituzione societ\u00e0 Albania\">Constitution de la soci\u00e9t\u00e9 Albanie<\/option><option value=\"Apertura Partita IVA professionista\">Ouverture d'un num\u00e9ro de TVA professionnel<\/option><option value=\"Consulenza Aziendale\">Conseil aux entreprises<\/option><option value=\"Apertura conto per non residenti\">Ouverture de compte pour les non-r\u00e9sidents<\/option><option value=\"Ricerca Finanziamenti per progetto\">Recherche de financement de projets<\/option><option value=\"Ricerca Finanziamento Europa\">Recherche de financement en Europe<\/option><option value=\"Internazionalizzazione d&#039;Impresa\">L'internationalisation des entreprises<\/option><option value=\"Investimento immobiliare\">Investissement immobilier<\/option><option value=\"Investimento di Portafoglio\">Investissement de portefeuille<\/option><option value=\"VISA Permesso di soggiorno\">VISA Permis de s\u00e9jour<\/option><option value=\"Richiesta cittadinanza Albanese\">Demande de citoyennet\u00e9 albanaise<\/option><option value=\"Altro...\">Plus...<\/option><\/select><\/span><\/label>\n<\/p>\n<p><label> Votre message<br \/>\n<span class=\"wpcf7-form-control-wrap\" data-name=\"your-message\"><textarea cols=\"40\" rows=\"10\" maxlength=\"2000\" class=\"wpcf7-form-control wpcf7-textarea\" aria-invalid=\"false\" name=\"your-message\"><\/textarea><\/span> <\/label>\n<\/p>\n<p><label>Consentement au respect de la vie priv\u00e9e et aux cookies en vertu du GDPR (obligatoire)<br \/>\n<span class=\"wpcf7-form-control-wrap\" data-name=\"acceptance-52\"><span class=\"wpcf7-form-control wpcf7-acceptance\"><span class=\"wpcf7-list-item\"><label><input type=\"checkbox\" name=\"acceptance-52\" value=\"1\" checked=\"checked\" aria-invalid=\"false\" \/><span class=\"wpcf7-list-item-label\">Je donne mon accord<\/span><\/label><\/span><\/span><\/span> au traitement de mes donn\u00e9es aux fins de leur traitement et je confirme que j'ai lu la politique de confidentialit\u00e9 du site.<br \/>\n<\/label>\n<\/p>\n<p><input class=\"wpcf7-form-control wpcf7-submit has-spinner\" type=\"submit\" value=\"Envoyer\" \/>\n<\/p><div class=\"wpcf7-response-output\" aria-hidden=\"true\"><\/div>\n<input type=\"hidden\" name=\"trp-form-language\" value=\"fr\"\/><\/form>\n<\/div>\n<\/div>","protected":false},"excerpt":{"rendered":"<p>Avocat international, il s'occupe au sein du cabinet des accords et relations internationaux, du droit des contrats et de la constitution de soci\u00e9t\u00e9s. Titres et dipl\u00f4mes En plus : Publications Exp\u00e9rience linguistique Que voulez-vous faire maintenant ? Voulez-vous rester en Europe et souffrir de la faim, alors que la r\u00e9cession est imminente, que l'inflation galopante et les co\u00fbts du gaz et de l'\u00e9lectricit\u00e9 ne cessent d'augmenter et que le manque de ... <a title=\"Dr Roberto d&#039;Amato\" class=\"read-more\" href=\"https:\/\/azeta.pro\/fr\/dr-roberto-damato\/\" aria-label=\"Plus sur Dr Roberto d&#039;Amato\">Lire plus<\/a><\/p>","protected":false},"author":1,"featured_media":0,"parent":0,"menu_order":0,"comment_status":"closed","ping_status":"closed","template":"","meta":{"iawp_total_views":9,"footnotes":""},"_links":{"self":[{"href":"https:\/\/azeta.pro\/fr\/wp-json\/wp\/v2\/pages\/1768"}],"collection":[{"href":"https:\/\/azeta.pro\/fr\/wp-json\/wp\/v2\/pages"}],"about":[{"href":"https:\/\/azeta.pro\/fr\/wp-json\/wp\/v2\/types\/page"}],"author":[{"embeddable":true,"href":"https:\/\/azeta.pro\/fr\/wp-json\/wp\/v2\/users\/1"}],"replies":[{"embeddable":true,"href":"https:\/\/azeta.pro\/fr\/wp-json\/wp\/v2\/comments?post=1768"}],"version-history":[{"count":0,"href":"https:\/\/azeta.pro\/fr\/wp-json\/wp\/v2\/pages\/1768\/revisions"}],"wp:attachment":[{"href":"https:\/\/azeta.pro\/fr\/wp-json\/wp\/v2\/media?parent=1768"}],"curies":[{"name":"wp","href":"https:\/\/api.w.org\/{rel}","templated":true}]}}