{"id":1641,"date":"2022-12-05T08:38:59","date_gmt":"2022-12-05T08:38:59","guid":{"rendered":"https:\/\/azeta.pro\/?page_id=1641"},"modified":"2024-06-11T08:30:34","modified_gmt":"2024-06-11T08:30:34","slug":"dr-enrico-monaci","status":"publish","type":"page","link":"https:\/\/azeta.pro\/fr\/dr-enrico-monaci\/","title":{"rendered":"Dr Enrico Monaci"},"content":{"rendered":"<p>&nbsp;<\/p>\n\n\n<div class=\"wp-block-image\">\n<figure class=\"aligncenter size-full\"><img loading=\"lazy\" decoding=\"async\" width=\"725\" height=\"464\" src=\"http:\/\/azeta.pro\/wp-content\/uploads\/2022\/12\/Enrico-monaci-educatore-finanziario-AIEF.jpg\" alt=\"Enrico monaci educatore finanziario AIEF\" class=\"wp-image-1645\" title=\"\" srcset=\"https:\/\/azeta.pro\/wp-content\/uploads\/2022\/12\/Enrico-monaci-educatore-finanziario-AIEF.jpg 725w, https:\/\/azeta.pro\/wp-content\/uploads\/2022\/12\/Enrico-monaci-educatore-finanziario-AIEF-300x192.jpg 300w, https:\/\/azeta.pro\/wp-content\/uploads\/2022\/12\/Enrico-monaci-educatore-finanziario-AIEF-18x12.jpg 18w\" sizes=\"(max-width: 725px) 100vw, 725px\" \/><\/figure><\/div>\n\n\n<div class=\"wp-block-spacer\" style=\"height: 49px;\" aria-hidden=\"true\">\u00a0<\/div>\n\n\n\n<p id=\"block-1f9f136a-c01a-48b1-a21b-9ce4a01a3d9f\"><strong>Titres et dipl\u00f4mes<\/strong><\/p>\n\n\n\n<ul id=\"block-0a8a4ab9-7082-4a08-a023-376423eb573f\">\n<li>Dipl\u00f4me d'\u00e9tudes secondaires classiques avec une note de 55\/60<\/li>\n\n\n\n<li>Dipl\u00f4me en \u00e9conomie et commerce grade 110\/110<\/li>\n\n\n\n<li>Expert en mati\u00e8re religieuse (14 examens en th\u00e9ologie)<\/li>\n<\/ul>\n\n\n\n<p id=\"block-fdf3b3d0-c693-4e22-a374-d032e2052829\"><strong>Exp\u00e9riences linguistiques<\/strong><\/p>\n\n\n\n<ul id=\"block-2a08da81-a11c-49c8-99d0-553d8cbea695\">\n<li>un bon anglais,<\/li>\n\n\n\n<li>Langue technique \u00e9conomique en espagnol uniquement,<\/li>\n\n\n\n<li>cours d'h\u00e9breu \u00e9l\u00e9mentaire (8 ans) et cours d'h\u00e9breu moderne (1 an).<\/li>\n<\/ul>\n\n\n\n<p id=\"block-50cd6b34-8012-4e3c-b3fa-e16a53a12a16\"><strong>Honneurs re\u00e7us :<\/strong><\/p>\n\n\n\n<ul id=\"block-9246ff24-af61-405d-9a0c-03a7d78a91c2\">\n<li>M\u00e9daille d'argent pour 25 ans dans le <strong><a href=\"https:\/\/www.economia.unifi.it\/vp-155-associazione-villa-favard.html\" rel=\"nofollow noopener\" target=\"_blank\">association Villa Favard<\/a><\/strong> de dipl\u00f4m\u00e9s en \u00e9conomie et en commerce<\/li>\n<\/ul>\n\n\n\n<p id=\"block-d286d95d-857b-46cd-ad95-cb1388299d30\"><strong>Activit\u00e9s dans le domaine social :<\/strong><\/p>\n\n\n\n<ul id=\"block-4be4046f-7f5e-48ec-9001-da3d8268e543\">\n<li>Membre <strong><a href=\"https:\/\/mises.org\/\" rel=\"nofollow noopener\" target=\"_blank\">MISES<\/a><\/strong> Institut d'\u00e9tudes \u00e9conomiques en Alabama (\u00c9tats-Unis), qui suit la ligne de l'\u00e9cole autrichienne d'\u00e9conomie.<\/li>\r\n<li>Composante de la <strong><a href=\"http:\/\/www.domenicani.it\/chi-siamo\/ordine\/giustizia-e-pace\/\" rel=\"nofollow noopener\" target=\"_blank\">Commission nationale Justice et Paix<\/a><\/strong> de la famille dominicaine bas\u00e9e \u00e0 la Basilique de Minerve, Rome<\/li>\n\n\n\n<li>Composante de la <strong><a href=\"http:\/\/www.amiroma.it\/\" rel=\"nofollow noopener\" target=\"_blank\">Association de mariologie<\/a><\/strong> interdisciplinaire \u00e0 la facult\u00e9 Marianum, Rome<\/li>\n\n\n\n<li>Membre de<strong> <a href=\"http:\/\/www.storep.org\/wp\/\" rel=\"nofollow noopener\" target=\"_blank\">Storep<\/a>,<\/strong> Association pour l'\u00e9tude approfondie de l'histoire de l'\u00e9conomie politique, des d\u00e9veloppements actuels et des sc\u00e9narios futurs, compos\u00e9e d'universitaires et d'experts en \u00e9conomie.<\/li>\n\n\n\n<li>R\u00e9seau des membres fondateurs <strong><a href=\"https:\/\/totapulchra.org\/\" rel=\"nofollow noopener\" target=\"_blank\">Tota Pulchra<\/a>;<\/strong> En fait, j'ai d\u00e9cid\u00e9 d'aider les entreprises \u00e0 r\u00e9aliser leurs r\u00eaves en r\u00e9ussissant leurs projets.<\/li>\n<\/ul>\n\n\n\n<p id=\"block-09e38b75-01e6-4792-b2d3-7d66b6ccd94d\"><strong>Exp\u00e9rience professionnelle ant\u00e9rieure :<\/strong><\/p>\n\n\n\n<ul id=\"block-13f59612-0cbc-448d-ac98-84a121112ac6\">\n<li>Enseignement des mati\u00e8res de l'\u00e9cole d'\u00e9conomie (Arezzo, Montepulciano) 1994<\/li>\n\n\n\n<li>Directeur chez Sammiexport Ltd. 1996\/2002<\/li>\n<\/ul>\n\n\n\n<p id=\"block-aacdc3a1-db1e-4a36-9307-f57a509d7756\"><strong>Exp\u00e9rience professionnelle actuelle :<\/strong><\/p>\n\n\n\n<ul id=\"block-110785c0-bc0c-454c-bee7-b7dbabcf6ef8\">\n<li>Titulaire \u00e0 Ml chapelets aujourd'hui (secteur des articles religieux)<\/li>\n\n\n\n<li>Administrateur au sein du r\u00e9seau Tota Pulchra, fondateur (secteur de l'art sacr\u00e9) : qualification ecommerce et mail marketing manager<\/li>\n\n\n\n<li>Propri\u00e9taire de Picalcom studio sas (secteur de l'art sacr\u00e9) : qualification de responsable du commerce \u00e9lectronique et du marketing par correspondance<\/li>\n\n\n\n<li><strong>Conseiller pour un r\u00e9seau international de capital-risqueurs (Business Angels et banques d'investissement)<\/strong><\/li>\n\n\n\n<li>Partenaire d'entreprises dans les secteurs de la m\u00e9decine, de l'immobilier et du mobilier : responsable de l'internationalisation et du marketing internet.<\/li>\n\n\n\n<li>Il collabore actuellement avec un <strong>soci\u00e9t\u00e9 multinationale de conseil comptant pr\u00e8s de 2000 bureaux<\/strong> <strong>dans le monde<\/strong> qui a r\u00e9cemment re\u00e7u le prix du meilleur r\u00e9seau de consultance au monde <strong>(1200 investisseurs en portefeuille avec une base de donn\u00e9es internationale partag\u00e9e).<\/strong><\/li>\n<\/ul>\n\n\n\n<div class=\"wp-block-spacer\" style=\"height: 100px;\" aria-hidden=\"true\">\u00a0<\/div>\n\n\n\n<h3 class=\"wp-block-heading has-text-align-center\" id=\"block-f640ab86-1dd9-47fc-9bbf-2bf15609f5d0\">Que voulez-vous faire maintenant ?<\/h3>\n\n\n\n<p id=\"block-ed3000bd-d577-4ac4-8863-93b5cb587a3e\"><strong>Vous \u00eates \u00e0 la recherche d'opportunit\u00e9s d'investissement et de croissance commerciale ? L'\u00e9conomie italienne \u00e9tant en difficult\u00e9, le moment est venu d'explorer de nouveaux march\u00e9s. D\u00e9couvrez les avantages de faire des affaires en Albanie : des imp\u00f4ts moins \u00e9lev\u00e9s, des co\u00fbts \u00e9nerg\u00e9tiques r\u00e9duits et un environnement favorable aux entreprises. Remplissez le formulaire ci-dessous et l'un de nos consultants vous contactera dans les 24 heures pour discuter de la mani\u00e8re dont nous pouvons vous aider \u00e0 d\u00e9velopper vos activit\u00e9s \u00e0 l'\u00e9chelle internationale. Ne manquez pas cette occasion de transformer l'avenir de votre entreprise !<\/strong><\/p>\n\n\n\n<div class=\"wp-block-contact-form-7-contact-form-selector\">\n<div class=\"wpcf7 no-js\" id=\"wpcf7-f6-o1\" lang=\"en-US\" dir=\"ltr\">\n<div class=\"screen-reader-response\"><p role=\"status\" aria-live=\"polite\" aria-atomic=\"true\"><\/p> <ul><\/ul><\/div>\n<form action=\"\/fr\/wp-json\/wp\/v2\/pages\/1641#wpcf7-f6-o1\" method=\"post\" class=\"wpcf7-form init\" aria-label=\"Formulaire de contact\" novalidate=\"novalidate\" data-status=\"init\" data-trp-original-action=\"\/fr\/wp-json\/wp\/v2\/pages\/1641#wpcf7-f6-o1\">\n<div style=\"display: none;\">\n<input type=\"hidden\" name=\"_wpcf7\" value=\"6\" \/>\n<input type=\"hidden\" name=\"_wpcf7_version\" value=\"5.9.8\" \/>\n<input type=\"hidden\" name=\"_wpcf7_locale\" value=\"en_US\" \/>\n<input type=\"hidden\" name=\"_wpcf7_unit_tag\" value=\"wpcf7-f6-o1\" \/>\n<input type=\"hidden\" name=\"_wpcf7_container_post\" value=\"0\" \/>\n<input type=\"hidden\" name=\"_wpcf7_posted_data_hash\" value=\"\" \/>\n<input type=\"hidden\" name=\"_wpcf7_recaptcha_response\" value=\"\" \/>\n<\/div>\n<p><label> Votre pr\u00e9nom et votre nom de famille<br \/>\n<span class=\"wpcf7-form-control-wrap\" data-name=\"your-name\"><input size=\"40\" maxlength=\"400\" class=\"wpcf7-form-control wpcf7-text wpcf7-validates-as-required\" aria-required=\"true\" aria-invalid=\"false\" value=\"\" type=\"text\" name=\"your-name\" \/><\/span> <\/label>\n<\/p>\n<p><label> Votre e-mail<br \/>\n<span class=\"wpcf7-form-control-wrap\" data-name=\"your-email\"><input size=\"40\" maxlength=\"400\" class=\"wpcf7-form-control wpcf7-email wpcf7-validates-as-required wpcf7-text wpcf7-validates-as-email\" aria-required=\"true\" aria-invalid=\"false\" value=\"\" type=\"email\" name=\"your-email\" \/><\/span> <\/label>\n<\/p>\n<p><label> T\u00e9l\u00e9phone<br \/>\n<span class=\"wpcf7-form-control-wrap\" data-name=\"tel-141\"><input size=\"40\" maxlength=\"400\" class=\"wpcf7-form-control wpcf7-tel wpcf7-validates-as-required wpcf7-text wpcf7-validates-as-tel\" aria-required=\"true\" aria-invalid=\"false\" value=\"\" type=\"tel\" name=\"tel-141\" \/><\/span> <\/label>\n<\/p>\n<p><label> Site web (facultatif)<br \/>\n<span class=\"wpcf7-form-control-wrap\" data-name=\"url-328\"><input size=\"40\" maxlength=\"400\" class=\"wpcf7-form-control wpcf7-url wpcf7-text wpcf7-validates-as-url\" aria-invalid=\"false\" value=\"\" type=\"url\" name=\"url-328\" \/><\/span> <\/label>\n<\/p>\n<p><label> Objet de votre demande<br \/>\n<span class=\"wpcf7-form-control-wrap\" data-name=\"your-subject\"><input size=\"40\" maxlength=\"400\" class=\"wpcf7-form-control wpcf7-text wpcf7-validates-as-required\" aria-required=\"true\" aria-invalid=\"false\" value=\"\" type=\"text\" name=\"your-subject\" \/><\/span> <\/label>\n<\/p>\n<p><label> S\u00e9lectionner l'int\u00e9r\u00eat<br \/>\n<span class=\"wpcf7-form-control-wrap\" data-name=\"menu-739\"><select class=\"wpcf7-form-control wpcf7-select wpcf7-validates-as-required\" aria-required=\"true\" aria-invalid=\"false\" multiple=\"multiple\" name=\"menu-739[]\"><option value=\"Costituzione societ\u00e0 Dubai\">Constitution de la soci\u00e9t\u00e9 de Duba\u00ef<\/option><option value=\"Richiesta residenza Dubai\">R\u00e9sidence \u00e0 Duba\u00ef requise<\/option><option value=\"Costituzione societ\u00e0 Albania\">Constitution de la soci\u00e9t\u00e9 Albanie<\/option><option value=\"Apertura Partita IVA professionista\">Ouverture d'un num\u00e9ro de TVA professionnel<\/option><option value=\"Consulenza Aziendale\">Conseil aux entreprises<\/option><option value=\"Apertura conto per non residenti\">Ouverture de compte pour les non-r\u00e9sidents<\/option><option value=\"Ricerca Finanziamenti per progetto\">Recherche de financement de projets<\/option><option value=\"Ricerca Finanziamento Europa\">Recherche de financement en Europe<\/option><option value=\"Internazionalizzazione d&#039;Impresa\">L'internationalisation des entreprises<\/option><option value=\"Investimento immobiliare\">Investissement immobilier<\/option><option value=\"Investimento di Portafoglio\">Investissement de portefeuille<\/option><option value=\"VISA Permesso di soggiorno\">VISA Permis de s\u00e9jour<\/option><option value=\"Richiesta cittadinanza Albanese\">Demande de citoyennet\u00e9 albanaise<\/option><option value=\"Altro...\">Plus...<\/option><\/select><\/span><\/label>\n<\/p>\n<p><label> Votre message<br \/>\n<span class=\"wpcf7-form-control-wrap\" data-name=\"your-message\"><textarea cols=\"40\" rows=\"10\" maxlength=\"2000\" class=\"wpcf7-form-control wpcf7-textarea\" aria-invalid=\"false\" name=\"your-message\"><\/textarea><\/span> <\/label>\n<\/p>\n<p><label>Consentement au respect de la vie priv\u00e9e et aux cookies en vertu du GDPR (obligatoire)<br \/>\n<span class=\"wpcf7-form-control-wrap\" data-name=\"acceptance-52\"><span class=\"wpcf7-form-control wpcf7-acceptance\"><span class=\"wpcf7-list-item\"><label><input type=\"checkbox\" name=\"acceptance-52\" value=\"1\" checked=\"checked\" aria-invalid=\"false\" \/><span class=\"wpcf7-list-item-label\">Je donne mon accord<\/span><\/label><\/span><\/span><\/span> au traitement de mes donn\u00e9es aux fins de leur traitement et je confirme que j'ai lu la politique de confidentialit\u00e9 du site.<br \/>\n<\/label>\n<\/p>\n<p><input class=\"wpcf7-form-control wpcf7-submit has-spinner\" type=\"submit\" value=\"Envoyer\" \/>\n<\/p><div class=\"wpcf7-response-output\" aria-hidden=\"true\"><\/div>\n<input type=\"hidden\" name=\"trp-form-language\" value=\"fr\"\/><\/form>\n<\/div>\n<\/div>","protected":false},"excerpt":{"rendered":"<p>&nbsp; Titres et dipl\u00f4mes Exp\u00e9rience linguistique Distinctions obtenues Activit\u00e9s de travail social : Exp\u00e9rience professionnelle ant\u00e9rieure : Exp\u00e9rience professionnelle actuelle : Que voulez-vous faire maintenant ? Vous \u00eates \u00e0 la recherche d'opportunit\u00e9s d'investissement et de croissance commerciale ? L'\u00e9conomie italienne \u00e9tant en difficult\u00e9, le moment est venu d'explorer de nouveaux march\u00e9s. D\u00e9couvrez les avantages de faire des affaires en Albanie : imp\u00f4ts moins \u00e9lev\u00e9s, ... <a title=\"Dr Enrico Monaci\" class=\"read-more\" href=\"https:\/\/azeta.pro\/fr\/dr-enrico-monaci\/\" aria-label=\"Plus sur Dr Enrico Monaci\">Lire plus<\/a><\/p>","protected":false},"author":1,"featured_media":0,"parent":0,"menu_order":0,"comment_status":"closed","ping_status":"closed","template":"","meta":{"iawp_total_views":11,"footnotes":""},"_links":{"self":[{"href":"https:\/\/azeta.pro\/fr\/wp-json\/wp\/v2\/pages\/1641"}],"collection":[{"href":"https:\/\/azeta.pro\/fr\/wp-json\/wp\/v2\/pages"}],"about":[{"href":"https:\/\/azeta.pro\/fr\/wp-json\/wp\/v2\/types\/page"}],"author":[{"embeddable":true,"href":"https:\/\/azeta.pro\/fr\/wp-json\/wp\/v2\/users\/1"}],"replies":[{"embeddable":true,"href":"https:\/\/azeta.pro\/fr\/wp-json\/wp\/v2\/comments?post=1641"}],"version-history":[{"count":1,"href":"https:\/\/azeta.pro\/fr\/wp-json\/wp\/v2\/pages\/1641\/revisions"}],"predecessor-version":[{"id":2284,"href":"https:\/\/azeta.pro\/fr\/wp-json\/wp\/v2\/pages\/1641\/revisions\/2284"}],"wp:attachment":[{"href":"https:\/\/azeta.pro\/fr\/wp-json\/wp\/v2\/media?parent=1641"}],"curies":[{"name":"wp","href":"https:\/\/api.w.org\/{rel}","templated":true}]}}