{"id":1609,"date":"2022-12-02T09:03:05","date_gmt":"2022-12-02T09:03:05","guid":{"rendered":"https:\/\/azeta.pro\/?page_id=1609"},"modified":"2024-06-11T08:31:02","modified_gmt":"2024-06-11T08:31:02","slug":"prof-roberto-de-bortoli","status":"publish","type":"page","link":"https:\/\/azeta.pro\/fr\/prof-roberto-de-bortoli\/","title":{"rendered":"Prof. Roberto De Bortoli"},"content":{"rendered":"<p><\/p>\n\n\n\n<p><\/p>\n\n\n\n<div class=\"wp-block-media-text alignwide is-stacked-on-mobile\" style=\"grid-template-columns:15% auto\"><figure class=\"wp-block-media-text__media\"><img loading=\"lazy\" decoding=\"async\" width=\"1024\" height=\"854\" src=\"http:\/\/azeta.pro\/wp-content\/uploads\/2022\/11\/prefessore-roberto-de-bortoli-consulente-aziendale-albania-1024x854.jpg\" alt=\"professore-roberto-de-bortoli-consulente-aziendale-albania\" class=\"wp-image-1344 size-full\" title=\"\" srcset=\"https:\/\/azeta.pro\/wp-content\/uploads\/2022\/11\/prefessore-roberto-de-bortoli-consulente-aziendale-albania-1024x854.jpg 1024w, https:\/\/azeta.pro\/wp-content\/uploads\/2022\/11\/prefessore-roberto-de-bortoli-consulente-aziendale-albania-300x250.jpg 300w, https:\/\/azeta.pro\/wp-content\/uploads\/2022\/11\/prefessore-roberto-de-bortoli-consulente-aziendale-albania-768x641.jpg 768w, https:\/\/azeta.pro\/wp-content\/uploads\/2022\/11\/prefessore-roberto-de-bortoli-consulente-aziendale-albania.jpg 1327w\" sizes=\"(max-width: 1024px) 100vw, 1024px\" \/><\/figure><div class=\"wp-block-media-text__content\">\n<div style=\"height:6px\" aria-hidden=\"true\" class=\"wp-block-spacer\"><\/div>\n\n\n\n<p><strong>Roberto De Bortoli, consultant en affaires, New Global Business and Company Internationalisation.<\/strong><\/p>\n\n\n\n<p>Dipl\u00f4m\u00e9 en \u00e9conomie et en finance internationale en Suisse, il a collabor\u00e9 avec des cabinets de conseil en internationalisation des entreprises dans le monde entier. &nbsp;<a href=\"https:\/\/azeta.pro\/fr\/\">Europe de l'Est<\/a>&nbsp;et a assist\u00e9 \u00e0 la&nbsp;<strong>MIB TRIESTE SCHOOL OF MANAGEMENT<\/strong><\/p>\n<\/div><\/div>\n\n\n\n<p><\/p>\n\n\n\n<p><strong>Il est professeur adjoint \u00e0 l'universit\u00e9 catholique \"Sacro Cuore\" de Brescia.<\/strong> <strong>\u00e0 la Facult\u00e9 des langues et litt\u00e9ratures \u00e9trang\u00e8res. \u00e0 partir de 2021<\/strong> <strong>o\u00f9 il enseigne :<\/strong><\/p>\n\n\n\n<ul>\n<li>Contrats internationaux<\/li>\n<\/ul>\n\n\n\n<ul>\n<li>Internationalisation des entreprises, <\/li>\n<\/ul>\n\n\n\n<ul>\n<li>L'\u00e9conomie informelle dans les pays en d\u00e9veloppement <\/li>\n<\/ul>\n\n\n\n<ul>\n<li>Responsabilit\u00e9 sociale des entreprises<\/li>\n<\/ul>\n\n\n\n<ul>\n<li>Gestion des entreprises locales et mondiales (New Global Business)&nbsp;<\/li>\n<\/ul>\n\n\n\n<div style=\"height:100px\" aria-hidden=\"true\" class=\"wp-block-spacer\"><\/div>\n\n\n\n<div class=\"wp-block-media-text alignwide is-stacked-on-mobile\" style=\"grid-template-columns:17% auto\"><figure class=\"wp-block-media-text__media\"><img loading=\"lazy\" decoding=\"async\" width=\"380\" height=\"119\" src=\"https:\/\/azeta.pro\/wp-content\/uploads\/2024\/05\/logo-tender-lab-e-train-markets-ICE.jpeg\" alt=\"\" class=\"wp-image-2185 size-full\" title=\"\" srcset=\"https:\/\/azeta.pro\/wp-content\/uploads\/2024\/05\/logo-tender-lab-e-train-markets-ICE.jpeg 380w, https:\/\/azeta.pro\/wp-content\/uploads\/2024\/05\/logo-tender-lab-e-train-markets-ICE-300x94.jpeg 300w\" sizes=\"(max-width: 380px) 100vw, 380px\" \/><\/figure><div class=\"wp-block-media-text__content\">\n<p><strong>Il a particip\u00e9 aux cours de recyclage TenderLab, In gara con noi, promus par le minist\u00e8re des affaires \u00e9trang\u00e8res et de la coop\u00e9ration internationale (M.A.E.C.I.), avec un accent particulier sur la participation des PME aux appels d'offres internationaux lanc\u00e9s par les banques multilat\u00e9rales de d\u00e9veloppement (BMD). avec un accent particulier sur la participation des PME aux appels d'offres internationaux lanc\u00e9s par les banques multilat\u00e9rales de d\u00e9veloppement (BMD) :<\/strong><\/p>\n<\/div><\/div>\n\n\n\n<div class=\"wp-block-media-text alignwide is-stacked-on-mobile\" style=\"grid-template-columns:17% auto\"><figure class=\"wp-block-media-text__media\"><img loading=\"lazy\" decoding=\"async\" width=\"200\" height=\"200\" src=\"http:\/\/azeta.pro\/wp-content\/uploads\/2022\/12\/Smart-Export.png\" alt=\"\" class=\"wp-image-1621 size-full\" title=\"\" srcset=\"https:\/\/azeta.pro\/wp-content\/uploads\/2022\/12\/Smart-Export.png 200w, https:\/\/azeta.pro\/wp-content\/uploads\/2022\/12\/Smart-Export-150x150.png 150w, https:\/\/azeta.pro\/wp-content\/uploads\/2022\/12\/Smart-Export-12x12.png 12w\" sizes=\"(max-width: 200px) 100vw, 200px\" \/><\/figure><div class=\"wp-block-media-text__content\">\n<p><strong>Il a particip\u00e9 \u00e0 des cours de perfectionnement Smart Export, promus par le minist\u00e8re des Affaires \u00e9trang\u00e8res et de la Coop\u00e9ration internationale M.A.E.C.I. et organis\u00e9s par plusieurs universit\u00e9s italiennes et \u00e9coles de commerce internationales, ax\u00e9s sur l'industrie 4.0. l'intelligence \u00e9conomique, etc :<\/strong><\/p>\n<\/div><\/div>\n\n\n\n<p><\/p>\n\n\n\n<div style=\"height:100px\" aria-hidden=\"true\" class=\"wp-block-spacer\"><\/div>\n\n\n\n<h3 class=\"wp-block-heading has-text-align-center\" id=\"block-f640ab86-1dd9-47fc-9bbf-2bf15609f5d0\">Que voulez-vous faire maintenant ?<\/h3>\n\n\n\n<p id=\"block-ed3000bd-d577-4ac4-8863-93b5cb587a3e\"><strong>Vous \u00eates \u00e0 la recherche d'opportunit\u00e9s d'investissement et de croissance commerciale ? L'\u00e9conomie italienne \u00e9tant en difficult\u00e9, le moment est venu d'explorer de nouveaux march\u00e9s. D\u00e9couvrez les avantages de faire des affaires en Albanie : des imp\u00f4ts moins \u00e9lev\u00e9s, des co\u00fbts \u00e9nerg\u00e9tiques r\u00e9duits et un environnement favorable aux entreprises. Remplissez le formulaire ci-dessous et l'un de nos consultants vous contactera dans les 24 heures pour discuter de la mani\u00e8re dont nous pouvons vous aider \u00e0 d\u00e9velopper vos activit\u00e9s \u00e0 l'\u00e9chelle internationale. Ne manquez pas cette occasion de transformer l'avenir de votre entreprise !<\/strong><\/p>\n\n\n\n<div class=\"wp-block-contact-form-7-contact-form-selector\">\n<div class=\"wpcf7 no-js\" id=\"wpcf7-f6-o1\" lang=\"en-US\" dir=\"ltr\">\n<div class=\"screen-reader-response\"><p role=\"status\" aria-live=\"polite\" aria-atomic=\"true\"><\/p> <ul><\/ul><\/div>\n<form action=\"\/fr\/wp-json\/wp\/v2\/pages\/1609#wpcf7-f6-o1\" method=\"post\" class=\"wpcf7-form init\" aria-label=\"Formulaire de contact\" novalidate=\"novalidate\" data-status=\"init\" data-trp-original-action=\"\/fr\/wp-json\/wp\/v2\/pages\/1609#wpcf7-f6-o1\">\n<div style=\"display: none;\">\n<input type=\"hidden\" name=\"_wpcf7\" value=\"6\" \/>\n<input type=\"hidden\" name=\"_wpcf7_version\" value=\"5.9.8\" \/>\n<input type=\"hidden\" name=\"_wpcf7_locale\" value=\"en_US\" \/>\n<input type=\"hidden\" name=\"_wpcf7_unit_tag\" value=\"wpcf7-f6-o1\" \/>\n<input type=\"hidden\" name=\"_wpcf7_container_post\" value=\"0\" \/>\n<input type=\"hidden\" name=\"_wpcf7_posted_data_hash\" value=\"\" \/>\n<input type=\"hidden\" name=\"_wpcf7_recaptcha_response\" value=\"\" \/>\n<\/div>\n<p><label> Votre pr\u00e9nom et votre nom de famille<br \/>\n<span class=\"wpcf7-form-control-wrap\" data-name=\"your-name\"><input size=\"40\" maxlength=\"400\" class=\"wpcf7-form-control wpcf7-text wpcf7-validates-as-required\" aria-required=\"true\" aria-invalid=\"false\" value=\"\" type=\"text\" name=\"your-name\" \/><\/span> <\/label>\n<\/p>\n<p><label> Votre e-mail<br \/>\n<span class=\"wpcf7-form-control-wrap\" data-name=\"your-email\"><input size=\"40\" maxlength=\"400\" class=\"wpcf7-form-control wpcf7-email wpcf7-validates-as-required wpcf7-text wpcf7-validates-as-email\" aria-required=\"true\" aria-invalid=\"false\" value=\"\" type=\"email\" name=\"your-email\" \/><\/span> <\/label>\n<\/p>\n<p><label> T\u00e9l\u00e9phone<br \/>\n<span class=\"wpcf7-form-control-wrap\" data-name=\"tel-141\"><input size=\"40\" maxlength=\"400\" class=\"wpcf7-form-control wpcf7-tel wpcf7-validates-as-required wpcf7-text wpcf7-validates-as-tel\" aria-required=\"true\" aria-invalid=\"false\" value=\"\" type=\"tel\" name=\"tel-141\" \/><\/span> <\/label>\n<\/p>\n<p><label> Site web (facultatif)<br \/>\n<span class=\"wpcf7-form-control-wrap\" data-name=\"url-328\"><input size=\"40\" maxlength=\"400\" class=\"wpcf7-form-control wpcf7-url wpcf7-text wpcf7-validates-as-url\" aria-invalid=\"false\" value=\"\" type=\"url\" name=\"url-328\" \/><\/span> <\/label>\n<\/p>\n<p><label> Objet de votre demande<br \/>\n<span class=\"wpcf7-form-control-wrap\" data-name=\"your-subject\"><input size=\"40\" maxlength=\"400\" class=\"wpcf7-form-control wpcf7-text wpcf7-validates-as-required\" aria-required=\"true\" aria-invalid=\"false\" value=\"\" type=\"text\" name=\"your-subject\" \/><\/span> <\/label>\n<\/p>\n<p><label> S\u00e9lectionner l'int\u00e9r\u00eat<br \/>\n<span class=\"wpcf7-form-control-wrap\" data-name=\"menu-739\"><select class=\"wpcf7-form-control wpcf7-select wpcf7-validates-as-required\" aria-required=\"true\" aria-invalid=\"false\" multiple=\"multiple\" name=\"menu-739[]\"><option value=\"Costituzione societ\u00e0 Dubai\">Constitution de la soci\u00e9t\u00e9 de Duba\u00ef<\/option><option value=\"Richiesta residenza Dubai\">R\u00e9sidence \u00e0 Duba\u00ef requise<\/option><option value=\"Costituzione societ\u00e0 Albania\">Constitution de la soci\u00e9t\u00e9 Albanie<\/option><option value=\"Apertura Partita IVA professionista\">Ouverture d'un num\u00e9ro de TVA professionnel<\/option><option value=\"Consulenza Aziendale\">Conseil aux entreprises<\/option><option value=\"Apertura conto per non residenti\">Ouverture de compte pour les non-r\u00e9sidents<\/option><option value=\"Ricerca Finanziamenti per progetto\">Recherche de financement de projets<\/option><option value=\"Ricerca Finanziamento Europa\">Recherche de financement en Europe<\/option><option value=\"Internazionalizzazione d&#039;Impresa\">L'internationalisation des entreprises<\/option><option value=\"Investimento immobiliare\">Investissement immobilier<\/option><option value=\"Investimento di Portafoglio\">Investissement de portefeuille<\/option><option value=\"VISA Permesso di soggiorno\">VISA Permis de s\u00e9jour<\/option><option value=\"Richiesta cittadinanza Albanese\">Demande de citoyennet\u00e9 albanaise<\/option><option value=\"Altro...\">Plus...<\/option><\/select><\/span><\/label>\n<\/p>\n<p><label> Votre message<br \/>\n<span class=\"wpcf7-form-control-wrap\" data-name=\"your-message\"><textarea cols=\"40\" rows=\"10\" maxlength=\"2000\" class=\"wpcf7-form-control wpcf7-textarea\" aria-invalid=\"false\" name=\"your-message\"><\/textarea><\/span> <\/label>\n<\/p>\n<p><label>Consentement au respect de la vie priv\u00e9e et aux cookies en vertu du GDPR (obligatoire)<br \/>\n<span class=\"wpcf7-form-control-wrap\" data-name=\"acceptance-52\"><span class=\"wpcf7-form-control wpcf7-acceptance\"><span class=\"wpcf7-list-item\"><label><input type=\"checkbox\" name=\"acceptance-52\" value=\"1\" checked=\"checked\" aria-invalid=\"false\" \/><span class=\"wpcf7-list-item-label\">Je donne mon accord<\/span><\/label><\/span><\/span><\/span> au traitement de mes donn\u00e9es aux fins de leur traitement et je confirme que j'ai lu la politique de confidentialit\u00e9 du site.<br \/>\n<\/label>\n<\/p>\n<p><input class=\"wpcf7-form-control wpcf7-submit has-spinner\" type=\"submit\" value=\"Envoyer\" \/>\n<\/p><div class=\"wpcf7-response-output\" aria-hidden=\"true\"><\/div>\n<input type=\"hidden\" name=\"trp-form-language\" value=\"fr\"\/><\/form>\n<\/div>\n<\/div>","protected":false},"excerpt":{"rendered":"<p>Il est professeur adjoint \u00e0 l'Universit\u00e9 catholique \"Sacro Cuore\" de Brescia \u00e0 la Facult\u00e9 des langues et des litt\u00e9ratures \u00e9trang\u00e8res. Depuis 2021, il enseigne : Il a particip\u00e9 aux cours de recyclage TenderLab, In gara con noi, promus par le minist\u00e8re des Affaires \u00e9trang\u00e8res et de la Coop\u00e9ration internationale M.A.E.C.I. avec un accent particulier sur la participation des PME aux appels d'offres ... <a title=\"Prof. Roberto De Bortoli\" class=\"read-more\" href=\"https:\/\/azeta.pro\/fr\/prof-roberto-de-bortoli\/\" aria-label=\"Plus sur Prof Roberto De Bortoli\">Lire plus<\/a><\/p>","protected":false},"author":1,"featured_media":0,"parent":0,"menu_order":0,"comment_status":"closed","ping_status":"closed","template":"","meta":{"iawp_total_views":37,"footnotes":""},"_links":{"self":[{"href":"https:\/\/azeta.pro\/fr\/wp-json\/wp\/v2\/pages\/1609"}],"collection":[{"href":"https:\/\/azeta.pro\/fr\/wp-json\/wp\/v2\/pages"}],"about":[{"href":"https:\/\/azeta.pro\/fr\/wp-json\/wp\/v2\/types\/page"}],"author":[{"embeddable":true,"href":"https:\/\/azeta.pro\/fr\/wp-json\/wp\/v2\/users\/1"}],"replies":[{"embeddable":true,"href":"https:\/\/azeta.pro\/fr\/wp-json\/wp\/v2\/comments?post=1609"}],"version-history":[{"count":8,"href":"https:\/\/azeta.pro\/fr\/wp-json\/wp\/v2\/pages\/1609\/revisions"}],"predecessor-version":[{"id":2285,"href":"https:\/\/azeta.pro\/fr\/wp-json\/wp\/v2\/pages\/1609\/revisions\/2285"}],"wp:attachment":[{"href":"https:\/\/azeta.pro\/fr\/wp-json\/wp\/v2\/media?parent=1609"}],"curies":[{"name":"wp","href":"https:\/\/api.w.org\/{rel}","templated":true}]}}