{"id":1285,"date":"2021-05-30T14:08:16","date_gmt":"2021-05-30T13:08:16","guid":{"rendered":"https:\/\/capital.wordifysites.com\/?page_id=3"},"modified":"2022-11-20T12:02:57","modified_gmt":"2022-11-20T12:02:57","slug":"privacy-policy-2","status":"publish","type":"page","link":"https:\/\/azeta.pro\/fr\/privacy-policy-2\/","title":{"rendered":"Politique de confidentialit\u00e9"},"content":{"rendered":"<div id=\"ez-toc-container\" class=\"ez-toc-v2_0_79_2 counter-hierarchy ez-toc-counter ez-toc-grey ez-toc-container-direction\">\n<div class=\"ez-toc-title-container\">\n<p class=\"ez-toc-title\" style=\"cursor:inherit\">Index<\/p>\n<span class=\"ez-toc-title-toggle\"><a href=\"#\" class=\"ez-toc-pull-right ez-toc-btn ez-toc-btn-xs ez-toc-btn-default ez-toc-toggle\" aria-label=\"Toggle Table des mati\u00e8res\"><span class=\"ez-toc-js-icon-con\"><span class=\"\"><span class=\"eztoc-hide\" style=\"display:none;\">Toggle<\/span><span class=\"ez-toc-icon-toggle-span\"><svg style=\"fill: #999;color:#999\" xmlns=\"http:\/\/www.w3.org\/2000\/svg\" class=\"list-377408\" width=\"20px\" height=\"20px\" viewbox=\"0 0 24 24\" fill=\"none\"><path d=\"M6 6H4v2h2V6zm14 0H8v2h12V6zM4 11h2v2H4v-2zm16 0H8v2h12v-2zM4 16h2v2H4v-2zm16 0H8v2h12v-2z\" fill=\"currentColor\"><\/path><\/svg><svg style=\"fill: #999;color:#999\" class=\"arrow-unsorted-368013\" xmlns=\"http:\/\/www.w3.org\/2000\/svg\" width=\"10px\" height=\"10px\" viewbox=\"0 0 24 24\" version=\"1.2\" baseprofile=\"tiny\"><path d=\"M18.2 9.3l-6.2-6.3-6.2 6.3c-.2.2-.3.4-.3.7s.1.5.3.7c.2.2.4.3.7.3h11c.3 0 .5-.1.7-.3.2-.2.3-.5.3-.7s-.1-.5-.3-.7zM5.8 14.7l6.2 6.3 6.2-6.3c.2-.2.3-.5.3-.7s-.1-.5-.3-.7c-.2-.2-.4-.3-.7-.3h-11c-.3 0-.5.1-.7.3-.2.2-.3.5-.3.7s.1.5.3.7z\"\/><\/svg><\/span><\/span><\/span><\/a><\/span><\/div>\n<nav><ul class='ez-toc-list ez-toc-list-level-1' ><li class='ez-toc-page-1 ez-toc-heading-level-2'><a class=\"ez-toc-link ez-toc-heading-1\" href=\"https:\/\/azeta.pro\/fr\/privacy-policy-2\/#Chi_siamo\" >A propos de nous<\/a><\/li><li class='ez-toc-page-1 ez-toc-heading-level-2'><a class=\"ez-toc-link ez-toc-heading-2\" href=\"https:\/\/azeta.pro\/fr\/privacy-policy-2\/#Media\" >M\u00e9dias<\/a><\/li><li class='ez-toc-page-1 ez-toc-heading-level-2'><a class=\"ez-toc-link ez-toc-heading-3\" href=\"https:\/\/azeta.pro\/fr\/privacy-policy-2\/#Cookie\" >Cookies<\/a><\/li><li class='ez-toc-page-1 ez-toc-heading-level-2'><a class=\"ez-toc-link ez-toc-heading-4\" href=\"https:\/\/azeta.pro\/fr\/privacy-policy-2\/#Contenuto_incorporato_da_altri_siti_web\" >Contenu int\u00e9gr\u00e9 d'autres sites web<\/a><\/li><li class='ez-toc-page-1 ez-toc-heading-level-2'><a class=\"ez-toc-link ez-toc-heading-5\" href=\"https:\/\/azeta.pro\/fr\/privacy-policy-2\/#Con_chi_condividiamo_i_tuoi_dati\" >Avec qui nous partageons vos donn\u00e9es<\/a><\/li><li class='ez-toc-page-1 ez-toc-heading-level-2'><a class=\"ez-toc-link ez-toc-heading-6\" href=\"https:\/\/azeta.pro\/fr\/privacy-policy-2\/#Per_quanto_tempo_conserviamo_i_tuoi_dati\" >Combien de temps nous conservons vos donn\u00e9es<\/a><\/li><li class='ez-toc-page-1 ez-toc-heading-level-2'><a class=\"ez-toc-link ez-toc-heading-7\" href=\"https:\/\/azeta.pro\/fr\/privacy-policy-2\/#Quali_diritti_hai_sui_tuoi_dati\" >Quels droits avez-vous sur vos donn\u00e9es ?<\/a><\/li><li class='ez-toc-page-1 ez-toc-heading-level-2'><a class=\"ez-toc-link ez-toc-heading-8\" href=\"https:\/\/azeta.pro\/fr\/privacy-policy-2\/#Dove_spediamo_i_tuoi_dati\" >O\u00f9 nous envoyons vos donn\u00e9es<\/a><\/li><\/ul><\/nav><\/div>\n<h2 class=\"wp-block-heading\"><span class=\"ez-toc-section\" id=\"Chi_siamo\"><\/span>A propos de nous<span class=\"ez-toc-section-end\"><\/span><\/h2>\n\n\n\n<p><strong>L'objectif principal d'Azeta.pro est de fournir des informations <\/strong><strong>sur les services aux PME en Albanie<\/strong><strong> pour les utilisateurs et donner de la visibilit\u00e9 aux publications commerciales.<\/strong><\/p>\n\n\n\n<p><strong>L'adresse de notre site web est la suivante :&nbsp;<\/strong><strong>https:\/\/azeta.pro<\/strong><\/p>\n\n\n\n<p><strong>C<\/strong>omments<\/p>\n\n\n\n<p>Lorsque les visiteurs laissent des commentaires sur le site, nous recueillons les donn\u00e9es indiqu\u00e9es dans le formulaire de commentaire en plus de l'adresse IP du visiteur et de la cha\u00eene d'agent utilisateur du navigateur afin de faciliter la d\u00e9tection des spams.<\/p>\n\n\n\n<p>Une cha\u00eene de caract\u00e8res anonymis\u00e9e cr\u00e9\u00e9e \u00e0 partir de votre adresse \u00e9lectronique (autrement appel\u00e9e \"hash\") peut \u00eatre fournie au service Gravatar pour savoir si vous l'utilisez. La politique de confidentialit\u00e9 du service Gravatar est disponible ici : https:\/\/automattic.com\/privacy\/. Apr\u00e8s approbation de votre commentaire, votre photo de profil est publiquement visible dans le contexte de votre commentaire.<\/p>\n\n\n\n<h2 class=\"wp-block-heading\"><span class=\"ez-toc-section\" id=\"Media\"><\/span>M\u00e9dias<span class=\"ez-toc-section-end\"><\/span><\/h2>\n\n\n\n<p>Si vous t\u00e9l\u00e9chargez des images sur le site web, vous devez \u00e9viter de t\u00e9l\u00e9charger des images qui contiennent des donn\u00e9es de localisation int\u00e9gr\u00e9es (GPS EXIF). Les visiteurs du site web peuvent t\u00e9l\u00e9charger et extraire n'importe quelle donn\u00e9e de localisation \u00e0 partir des images du site.<\/p>\n\n\n\n<h2 class=\"wp-block-heading\"><span class=\"ez-toc-section\" id=\"Cookie\"><\/span>Cookies<span class=\"ez-toc-section-end\"><\/span><\/h2>\n\n\n\n<p>Si vous laissez un commentaire sur notre site, vous pouvez choisir d'enregistrer votre nom, votre adresse \u00e9lectronique et votre site web dans les cookies. Elles sont utilis\u00e9es pour votre commodit\u00e9 afin que vous n'ayez pas \u00e0 saisir \u00e0 nouveau vos coordonn\u00e9es lorsque vous laissez un autre commentaire. Ces biscuits se conservent pendant un an.<\/p>\n\n\n\n<p>Si vous visitez la page de connexion, un cookie temporaire sera cr\u00e9\u00e9 pour d\u00e9terminer si votre navigateur accepte les cookies. Ce cookie ne contient aucune donn\u00e9e personnelle et est supprim\u00e9 lorsque vous fermez le navigateur.<\/p>\n\n\n\n<p>Lorsque vous vous connectez, plusieurs cookies sont cr\u00e9\u00e9s pour stocker vos informations de connexion et vos options d'\u00e9cran. Les cookies de connexion durent deux jours, tandis que les cookies d'option d'\u00e9cran durent un an. Si vous s\u00e9lectionnez \"Se souvenir de moi\", votre connexion sera maintenue pendant une quinzaine de jours. Si vous vous d\u00e9connectez de votre compte, les cookies de connexion seront supprim\u00e9s.<\/p>\n\n\n\n<p>Si vous modifiez ou publiez un article, un cookie suppl\u00e9mentaire sera enregistr\u00e9 dans votre navigateur. Ce cookie ne comprend aucune donn\u00e9e personnelle, mais indique simplement l'ID de l'article que vous venez de modifier. Il expire apr\u00e8s 1 jour.<\/p>\n\n\n\n<h2 class=\"wp-block-heading\"><span class=\"ez-toc-section\" id=\"Contenuto_incorporato_da_altri_siti_web\"><\/span>Contenu int\u00e9gr\u00e9 d'autres sites web<span class=\"ez-toc-section-end\"><\/span><\/h2>\n\n\n\n<p>Les articles de ce site peuvent inclure du contenu int\u00e9gr\u00e9 (par exemple des vid\u00e9os, des images, des articles, etc.). Le contenu int\u00e9gr\u00e9 provenant d'autres sites web se comporte exactement de la m\u00eame mani\u00e8re que si le visiteur avait visit\u00e9 l'autre site web.<\/p>\n\n\n\n<p>Ces sites web peuvent recueillir des donn\u00e9es vous concernant, utiliser des cookies, int\u00e9grer un suivi suppl\u00e9mentaire par des tiers et surveiller votre interaction avec eux, y compris le suivi de votre interaction avec le contenu int\u00e9gr\u00e9 si vous avez un compte et \u00eates connect\u00e9 \u00e0 ces sites web.<\/p>\n\n\n\n<h2 class=\"wp-block-heading\"><span class=\"ez-toc-section\" id=\"Con_chi_condividiamo_i_tuoi_dati\"><\/span>Avec qui nous partageons vos donn\u00e9es<span class=\"ez-toc-section-end\"><\/span><\/h2>\n\n\n\n<p>Si vous demandez une r\u00e9initialisation du mot de passe, votre adresse IP sera incluse dans l'e-mail de r\u00e9initialisation.<\/p>\n\n\n\n<h2 class=\"wp-block-heading\"><span class=\"ez-toc-section\" id=\"Per_quanto_tempo_conserviamo_i_tuoi_dati\"><\/span>Combien de temps nous conservons vos donn\u00e9es<span class=\"ez-toc-section-end\"><\/span><\/h2>\n\n\n\n<p>Si vous laissez un commentaire, celui-ci et ses m\u00e9tadonn\u00e9es sont conserv\u00e9s ind\u00e9finiment. C'est ainsi que nous pouvons reconna\u00eetre et approuver automatiquement tout commentaire ult\u00e9rieur au lieu de le garder dans une file d'attente de mod\u00e9ration.<\/p>\n\n\n\n<p>Pour les utilisateurs qui s'inscrivent sur notre site web (le cas \u00e9ch\u00e9ant), nous stockons \u00e9galement les informations personnelles qu'ils fournissent dans leur profil d'utilisateur. Tous les utilisateurs peuvent consulter, modifier ou supprimer leurs informations personnelles \u00e0 tout moment (sauf leur nom d'utilisateur, qu'ils ne peuvent pas modifier). Les administrateurs du site web peuvent \u00e9galement consulter et modifier ces informations.<\/p>\n\n\n\n<h2 class=\"wp-block-heading\"><span class=\"ez-toc-section\" id=\"Quali_diritti_hai_sui_tuoi_dati\"><\/span>Quels droits avez-vous sur vos donn\u00e9es ?<span class=\"ez-toc-section-end\"><\/span><\/h2>\n\n\n\n<p>Si vous avez un compte sur ce site, ou si vous avez laiss\u00e9 des commentaires, vous pouvez demander \u00e0 recevoir un fichier export\u00e9 du site avec les donn\u00e9es personnelles que nous avons sur vous, y compris les donn\u00e9es que vous nous avez fournies. Vous pouvez \u00e9galement demander que nous supprimions toutes les donn\u00e9es personnelles vous concernant. Cela ne comprend pas les donn\u00e9es que nous sommes oblig\u00e9s de conserver \u00e0 des fins administratives, juridiques ou de s\u00e9curit\u00e9.<\/p>\n\n\n\n<h2 class=\"wp-block-heading\"><span class=\"ez-toc-section\" id=\"Dove_spediamo_i_tuoi_dati\"><\/span>O\u00f9 nous envoyons vos donn\u00e9es<span class=\"ez-toc-section-end\"><\/span><\/h2>\n\n\n\n<p>Les commentaires des visiteurs peuvent \u00eatre v\u00e9rifi\u00e9s par un service de d\u00e9tection automatique des spams.<\/p>","protected":false},"excerpt":{"rendered":"<p>A propos de nous L'objectif principal d'Azeta.pro est de fournir des informations sur les services aux PME en Albanie pour les utilisateurs et de donner de la visibilit\u00e9 aux publications de l'industrie. L'adresse de notre site web est : https:\/\/azeta.pro Commentaires Lorsque les visiteurs laissent des commentaires sur le site, nous recueillons les donn\u00e9es figurant dans le formulaire de commentaire, en plus de l'adresse IP du visiteur et ... <a title=\"Politique de confidentialit\u00e9\" class=\"read-more\" href=\"https:\/\/azeta.pro\/fr\/privacy-policy-2\/\" aria-label=\"Plus sur Politique de confidentialit\u00e9\">Lire plus<\/a><\/p>","protected":false},"author":1,"featured_media":0,"parent":0,"menu_order":0,"comment_status":"closed","ping_status":"closed","template":"","meta":{"iawp_total_views":12,"footnotes":""},"_links":{"self":[{"href":"https:\/\/azeta.pro\/fr\/wp-json\/wp\/v2\/pages\/1285"}],"collection":[{"href":"https:\/\/azeta.pro\/fr\/wp-json\/wp\/v2\/pages"}],"about":[{"href":"https:\/\/azeta.pro\/fr\/wp-json\/wp\/v2\/types\/page"}],"author":[{"embeddable":true,"href":"https:\/\/azeta.pro\/fr\/wp-json\/wp\/v2\/users\/1"}],"replies":[{"embeddable":true,"href":"https:\/\/azeta.pro\/fr\/wp-json\/wp\/v2\/comments?post=1285"}],"version-history":[{"count":0,"href":"https:\/\/azeta.pro\/fr\/wp-json\/wp\/v2\/pages\/1285\/revisions"}],"wp:attachment":[{"href":"https:\/\/azeta.pro\/fr\/wp-json\/wp\/v2\/media?parent=1285"}],"curies":[{"name":"wp","href":"https:\/\/api.w.org\/{rel}","templated":true}]}}