{"id":2347,"date":"2024-07-27T08:28:10","date_gmt":"2024-07-27T08:28:10","guid":{"rendered":"https:\/\/azeta.pro\/?page_id=2347"},"modified":"2024-07-27T09:58:59","modified_gmt":"2024-07-27T09:58:59","slug":"repubblica-di-albania","status":"publish","type":"page","link":"https:\/\/azeta.pro\/de\/repubblica-di-albania\/","title":{"rendered":"Republik Albanien"},"content":{"rendered":"<div id=\"ez-toc-container\" class=\"ez-toc-v2_0_79_2 counter-hierarchy ez-toc-counter ez-toc-grey ez-toc-container-direction\">\n<div class=\"ez-toc-title-container\">\n<p class=\"ez-toc-title\" style=\"cursor:inherit\">Index<\/p>\n<span class=\"ez-toc-title-toggle\"><a href=\"#\" class=\"ez-toc-pull-right ez-toc-btn ez-toc-btn-xs ez-toc-btn-default ez-toc-toggle\" aria-label=\"Inhaltsverzeichnis umschalten\"><span class=\"ez-toc-js-icon-con\"><span class=\"\"><span class=\"eztoc-hide\" style=\"display:none;\">Umschalten auf<\/span><span class=\"ez-toc-icon-toggle-span\"><svg style=\"fill: #999;color:#999\" xmlns=\"http:\/\/www.w3.org\/2000\/svg\" class=\"list-377408\" width=\"20px\" height=\"20px\" viewbox=\"0 0 24 24\" fill=\"none\"><path d=\"M6 6H4v2h2V6zm14 0H8v2h12V6zM4 11h2v2H4v-2zm16 0H8v2h12v-2zM4 16h2v2H4v-2zm16 0H8v2h12v-2z\" fill=\"currentColor\"><\/path><\/svg><svg style=\"fill: #999;color:#999\" class=\"arrow-unsorted-368013\" xmlns=\"http:\/\/www.w3.org\/2000\/svg\" width=\"10px\" height=\"10px\" viewbox=\"0 0 24 24\" version=\"1.2\" baseprofile=\"tiny\"><path d=\"M18.2 9.3l-6.2-6.3-6.2 6.3c-.2.2-.3.4-.3.7s.1.5.3.7c.2.2.4.3.7.3h11c.3 0 .5-.1.7-.3.2-.2.3-.5.3-.7s-.1-.5-.3-.7zM5.8 14.7l6.2 6.3 6.2-6.3c.2-.2.3-.5.3-.7s-.1-.5-.3-.7c-.2-.2-.4-.3-.7-.3h-11c-.3 0-.5.1-.7.3-.2.2-.3.5-.3.7s.1.5.3.7z\"\/><\/svg><\/span><\/span><\/span><\/a><\/span><\/div>\n<nav><ul class='ez-toc-list ez-toc-list-level-1' ><li class='ez-toc-page-1 ez-toc-heading-level-2'><a class=\"ez-toc-link ez-toc-heading-1\" href=\"https:\/\/azeta.pro\/de\/repubblica-di-albania\/#Turismo_e_Opportunita_di_Investimento\" >Tourismus und Investitionsm\u00f6glichkeiten<\/a><ul class='ez-toc-list-level-3' ><li class='ez-toc-heading-level-3'><a class=\"ez-toc-link ez-toc-heading-2\" href=\"https:\/\/azeta.pro\/de\/repubblica-di-albania\/#Il_Potenziale_Turistico_dellAlbania\" >Das touristische Potenzial Albaniens<\/a><\/li><li class='ez-toc-page-1 ez-toc-heading-level-3'><a class=\"ez-toc-link ez-toc-heading-3\" href=\"https:\/\/azeta.pro\/de\/repubblica-di-albania\/#Opportunita_di_Investimento_nel_Settore_Turistico\" >Investitionsm\u00f6glichkeiten im Tourismussektor<\/a><\/li><li class='ez-toc-page-1 ez-toc-heading-level-3'><a class=\"ez-toc-link ez-toc-heading-4\" href=\"https:\/\/azeta.pro\/de\/repubblica-di-albania\/#Il_Mercato_Immobiliare_Albanese\" >Der albanische Immobilienmarkt<\/a><\/li><li class='ez-toc-page-1 ez-toc-heading-level-3'><a class=\"ez-toc-link ez-toc-heading-5\" href=\"https:\/\/azeta.pro\/de\/repubblica-di-albania\/#Vantaggi_dellInvestimento_in_Albania\" >Vorteile einer Investition in Albanien<\/a><\/li><\/ul><\/li><\/ul><\/nav><\/div>\n<h2 class=\"wp-block-heading\"><span class=\"ez-toc-section\" id=\"Turismo_e_Opportunita_di_Investimento\"><\/span>Tourismus und Investitionsm\u00f6glichkeiten<span class=\"ez-toc-section-end\"><\/span><\/h2>\n\n\n\n<p>Albanien, ein Land im Herzen des Balkans, ist ein verstecktes Juwel, das als Reiseziel und Investitionsm\u00f6glichkeit zunehmend an Aufmerksamkeit gewinnt. Mit einer K\u00fcstenlinie von 476 km entlang der Adria und des Ionischen Meeres bietet Albanien atemberaubende Landschaften, eine reiche Kulturgeschichte und eine wachsende Wirtschaft, was es zu einem idealen Standort f\u00fcr Tourismus und Immobilieninvestitionen macht.<\/p>\n\n\n<div class=\"wp-block-image is-style-rounded\">\n<figure class=\"aligncenter size-full is-resized\"><img loading=\"lazy\" decoding=\"async\" width=\"260\" height=\"264\" src=\"http:\/\/azeta.pro\/wp-content\/uploads\/2024\/07\/Albanian.png\" alt=\"\" class=\"wp-image-2349\" style=\"width:696px;height:auto\" title=\"\" srcset=\"https:\/\/azeta.pro\/wp-content\/uploads\/2024\/07\/Albanian.png 260w, https:\/\/azeta.pro\/wp-content\/uploads\/2024\/07\/Albanian-12x12.png 12w\" sizes=\"(max-width: 260px) 100vw, 260px\" \/><\/figure><\/div>\n\n\n<h3 class=\"wp-block-heading\"><span class=\"ez-toc-section\" id=\"Il_Potenziale_Turistico_dellAlbania\"><\/span>Das touristische Potenzial Albaniens<span class=\"ez-toc-section-end\"><\/span><\/h3>\n\n\n\n<p>In den letzten Jahren hat Albanien dank seiner nat\u00fcrlichen Sch\u00f6nheit, seiner faszinierenden Geschichte und seiner im Vergleich zu anderen europ\u00e4ischen Reisezielen relativ niedrigen Kosten einen erheblichen Anstieg der Touristenzahlen verzeichnet. Zu den wichtigsten Touristenattraktionen geh\u00f6ren:<\/p>\n\n\n\n<div class=\"wp-block-media-text is-stacked-on-mobile\"><figure class=\"wp-block-media-text__media\"><img loading=\"lazy\" decoding=\"async\" width=\"517\" height=\"372\" src=\"http:\/\/azeta.pro\/wp-content\/uploads\/2024\/07\/spiagge-albania.jpeg\" alt=\"\" class=\"wp-image-2352 size-full\" title=\"\" srcset=\"https:\/\/azeta.pro\/wp-content\/uploads\/2024\/07\/spiagge-albania.jpeg 517w, https:\/\/azeta.pro\/wp-content\/uploads\/2024\/07\/spiagge-albania-300x216.jpeg 300w, https:\/\/azeta.pro\/wp-content\/uploads\/2024\/07\/spiagge-albania-18x12.jpeg 18w\" sizes=\"(max-width: 517px) 100vw, 517px\" \/><\/figure><div class=\"wp-block-media-text__content\">\n<ul>\n<li><strong>Die Str\u00e4nde<\/strong>Die Str\u00e4nde von Saranda, Ksamil und Dhermi sind ber\u00fchmt f\u00fcr ihr kristallklares Wasser und ihren goldenen Sand. Diese Orte ziehen Touristen an, die auf der Suche nach Entspannung und Wasserabenteuern sind.<\/li>\n\n\n\n<li><strong>Historische St\u00e4tten<\/strong>Albanien ist reich an historischen St\u00e4tten, darunter die zum UNESCO-Weltkulturerbe geh\u00f6rende Burg von Berat und die antiken Ruinen von Apollonia und Butrint, die einen faszinierenden Einblick in die Geschichte des Landes bieten.<\/li>\n\n\n\n<li><strong>Natur und Abenteuer<\/strong>Albaniens Berge, wie der Valbona-Nationalpark und der Theth-Nationalpark, sind ideal f\u00fcr Wanderungen, Trekking und Outdoor-Aktivit\u00e4ten und ziehen einen wachsenden \u00f6kologischen Tourismus an.<\/li>\n\n\n\n<li><strong>Kultur und Gastronomie<\/strong>Albanien ist ein Kreuzungspunkt der Kulturen, mit osmanischen, italienischen und griechischen Einfl\u00fcssen. Die albanische K\u00fcche mit ihren k\u00f6stlichen Gerichten wie Byrek und Tavuk ist eine Attraktion f\u00fcr sich.<\/li>\n<\/ul>\n<\/div><\/div>\n\n\n\n<h3 class=\"wp-block-heading\"><span class=\"ez-toc-section\" id=\"Opportunita_di_Investimento_nel_Settore_Turistico\"><\/span>Investitionsm\u00f6glichkeiten im Tourismussektor<span class=\"ez-toc-section-end\"><\/span><\/h3>\n\n\n\n<p>Die Zunahme des Tourismus hat neue M\u00f6glichkeiten f\u00fcr Investoren im Gastgewerbe und im Immobiliensektor er\u00f6ffnet. Zu den M\u00f6glichkeiten geh\u00f6ren:<\/p>\n\n\n\n<ul>\n<li><strong>Entwicklung von Hotels und Resorts<\/strong>Mit dem Zustrom von Touristen steigt auch die Nachfrage nach Unterk\u00fcnften. Investitionen in den Bau von Hotels, Ferienanlagen und Fr\u00fchst\u00fcckspensionen k\u00f6nnen erhebliche Ertr\u00e4ge bringen.<\/li>\n\n\n\n<li><strong>Immobilien zur Miete<\/strong>Der Kauf von Wohnimmobilien zur Vermietung an Touristen ist eine beliebte Option geworden. Plattformen wie Airbnb haben es einfacher gemacht, Immobilien in touristischen Gebieten zu vermarkten.<\/li>\n\n\n\n<li><strong>Investitionen in die Infrastruktur<\/strong>Da die albanische Regierung in die Infrastruktur investiert, um die Zug\u00e4nglichkeit und die Dienstleistungen zu verbessern, bieten sich Chancen f\u00fcr Investoren im Verkehrs- und Versorgungssektor.<\/li>\n<\/ul>\n\n\n\n<p><\/p>\n\n\n\n<h3 class=\"wp-block-heading\"><span class=\"ez-toc-section\" id=\"Il_Mercato_Immobiliare_Albanese\"><\/span>Der albanische Immobilienmarkt<span class=\"ez-toc-section-end\"><\/span><\/h3>\n\n\n\n<p>Albanien bietet einen attraktiven Immobilienmarkt f\u00fcr Investoren, dessen Preise im Vergleich zu anderen Mittelmeerl\u00e4ndern noch relativ niedrig sind. Einige wichtige Punkte sind:<\/p>\n\n\n\n<ul>\n<li><strong>Konkurrenzf\u00e4hige Preise<\/strong>Die Immobilienpreise in Albanien sind deutlich niedriger als in Nachbarl\u00e4ndern wie Italien und Griechenland. So liegen die durchschnittlichen Kosten pro Quadratmeter in St\u00e4dten wie Tirana und Durr\u00ebs zwischen 1.200 und 2.500 Euro, was den Erwerb von Immobilien f\u00fcr ausl\u00e4ndische Investoren erschwinglich macht.<\/li>\n\n\n\n<li><strong>Einfacher Kauf<\/strong>Ausl\u00e4nder k\u00f6nnen in Albanien ohne gr\u00f6\u00dfere Einschr\u00e4nkungen Immobilien erwerben. F\u00fcr den Erwerb von landwirtschaftlichen Fl\u00e4chen ist es jedoch erforderlich, ein lokales Unternehmen zu gr\u00fcnden oder mit einem in Albanien registrierten Unternehmen zusammenzuarbeiten.<\/li>\n\n\n\n<li><strong>Marktwachstum<\/strong>In den letzten Jahren hat der albanische Immobilienmarkt Anzeichen eines stetigen Wachstums gezeigt, insbesondere in st\u00e4dtischen Gebieten und an der K\u00fcste. Die Nachfrage nach Wohn- und Gewerbeimmobilien steigt, unterst\u00fctzt durch eine expandierende Wirtschaft und einen zunehmenden Tourismus.<\/li>\n<\/ul>\n\n\n\n<h3 class=\"wp-block-heading\"><span class=\"ez-toc-section\" id=\"Vantaggi_dellInvestimento_in_Albania\"><\/span>Vorteile einer Investition in Albanien<span class=\"ez-toc-section-end\"><\/span><\/h3>\n\n\n\n<p>Eine Investition in Albanien bietet zahlreiche Vorteile:<\/p>\n\n\n\n<ul>\n<li><strong>Strategische Position<\/strong>Albanien liegt strategisch g\u00fcnstig zwischen Europa und den Balkanl\u00e4ndern, was den Zugang zu gr\u00f6\u00dferen M\u00e4rkten erleichtert.<\/li>\n\n\n\n<li><strong>Niedrige Lebenshaltungskosten<\/strong>Die Lebenshaltungskosten in Albanien sind deutlich niedriger als in anderen europ\u00e4ischen L\u00e4ndern, was das Land f\u00fcr Rentner und Menschen, die einen erschwinglichen Lebensstandard suchen, attraktiv macht.<\/li>\n\n\n\n<li><strong>Steuerliche Anreize<\/strong>Die albanische Regierung hat Ma\u00dfnahmen zur F\u00f6rderung ausl\u00e4ndischer Investitionen ergriffen, darunter erm\u00e4\u00dfigte Steuers\u00e4tze und vereinfachte Verfahren f\u00fcr den Erwerb von Immobilien.<\/li>\n<\/ul>\n\n\n\n<p><\/p>\n\n\n\n<p>Albanien ist eine einzigartige Gelegenheit f\u00fcr Investoren und Touristen. Mit seiner nat\u00fcrlichen Sch\u00f6nheit, seiner reichen Kulturgeschichte und einem wachsenden Immobilienmarkt ist das Land auf dem besten Weg, eines der f\u00fchrenden Tourismus- und Investitionsziele in Europa zu werden.<\/p>\n\n\n\n<p>Wenn Sie daran interessiert sind, Investitionsm\u00f6glichkeiten in Albanien in den Bereichen Tourismus und Immobilien zu pr\u00fcfen, z\u00f6gern Sie nicht, uns f\u00fcr eine spezifische Beratung zu kontaktieren. <\/p>\n\n\n\n<p>Unsere Experten k\u00f6nnen Sie durch den Investitionsprozess f\u00fchren und Ihnen helfen, fundierte Entscheidungen zu treffen und Ihre Rendite zu maximieren. <\/p>\n\n\n\n<p>Setzen Sie sich noch heute mit uns in Verbindung, um herauszufinden, wie wir Ihnen helfen k\u00f6nnen, Ihren Traum von einer Investition in Albanien zu verwirklichen!<\/p>","protected":false},"excerpt":{"rendered":"<p>Tourismus und Investitionsm\u00f6glichkeiten Albanien, ein Land im Herzen des Balkans, ist ein verstecktes Juwel, das als Reiseziel und Investitionsm\u00f6glichkeit immer mehr Aufmerksamkeit erregt. Mit einer K\u00fcstenlinie, die sich 476 km entlang der Adria und des Ionischen Meeres erstreckt, bietet Albanien atemberaubende Landschaften, eine reiche Kulturgeschichte ... <a title=\"Republik Albanien\" class=\"read-more\" href=\"https:\/\/azeta.pro\/de\/repubblica-di-albania\/\" aria-label=\"Mehr zu Republik Albanien\">Weiterlesen ...<\/a><\/p>","protected":false},"author":1,"featured_media":2348,"parent":0,"menu_order":0,"comment_status":"closed","ping_status":"closed","template":"","meta":{"iawp_total_views":15,"footnotes":""},"_links":{"self":[{"href":"https:\/\/azeta.pro\/de\/wp-json\/wp\/v2\/pages\/2347"}],"collection":[{"href":"https:\/\/azeta.pro\/de\/wp-json\/wp\/v2\/pages"}],"about":[{"href":"https:\/\/azeta.pro\/de\/wp-json\/wp\/v2\/types\/page"}],"author":[{"embeddable":true,"href":"https:\/\/azeta.pro\/de\/wp-json\/wp\/v2\/users\/1"}],"replies":[{"embeddable":true,"href":"https:\/\/azeta.pro\/de\/wp-json\/wp\/v2\/comments?post=2347"}],"version-history":[{"count":3,"href":"https:\/\/azeta.pro\/de\/wp-json\/wp\/v2\/pages\/2347\/revisions"}],"predecessor-version":[{"id":2355,"href":"https:\/\/azeta.pro\/de\/wp-json\/wp\/v2\/pages\/2347\/revisions\/2355"}],"wp:featuredmedia":[{"embeddable":true,"href":"https:\/\/azeta.pro\/de\/wp-json\/wp\/v2\/media\/2348"}],"wp:attachment":[{"href":"https:\/\/azeta.pro\/de\/wp-json\/wp\/v2\/media?parent=2347"}],"curies":[{"name":"wp","href":"https:\/\/api.w.org\/{rel}","templated":true}]}}