{"id":1890,"date":"2023-02-03T08:47:14","date_gmt":"2023-02-03T08:47:14","guid":{"rendered":"https:\/\/azeta.pro\/?page_id=1890"},"modified":"2024-06-11T08:28:42","modified_gmt":"2024-06-11T08:28:42","slug":"come-arrivare-in-albania-tutto-cio-che-devi-sapere","status":"publish","type":"page","link":"https:\/\/azeta.pro\/de\/come-arrivare-in-albania-tutto-cio-che-devi-sapere\/","title":{"rendered":"Anreise nach Albanien: Alles, was Sie wissen m\u00fcssen"},"content":{"rendered":"<p><strong>Wenn Sie einen Urlaub in Albanien planen oder dorthin beruflich oder gesch\u00e4ftlich reisen<\/strong>fragen Sie sich wahrscheinlich, wie Sie das Land erreichen k\u00f6nnen. Obwohl Albanien ein kleines Land ist, hat es eine sehr wichtige geografische Lage, die es besonders einfach zu erreichen macht.<\/p>\n<p><strong>Es gibt mehrere M\u00f6glichkeiten, nach Albanien zu gelangen, darunter auch Flugreisen, <a href=\"https:\/\/azeta.pro\/de\/arrivare-in-macchina-in-albania-tutto-quello-che-devi-sapere\/\">mit dem Auto oder Bus reisen<\/a>, o <a href=\"https:\/\/azeta.pro\/de\/come-arrivare-in-traghetto-in-albania\/\">mit dem Schiff reisen<\/a>.<\/strong> Unabh\u00e4ngig von Ihrem Budget und Ihrem Reisestil gibt es eine M\u00f6glichkeit, dieses fantastische Land zu erreichen.<\/p>\n<p>In diesem Artikel stellen wir Ihnen alle M\u00f6glichkeiten vor, wie Sie nach Albanien kommen k\u00f6nnen, vom Flug bis zur F\u00e4hre. Sie werden feststellen, dass es verschiedene M\u00f6glichkeiten gibt, Ihr Ziel zu erreichen, je nach Ihrem Budget und Ihren Bed\u00fcrfnissen.<\/p>\n<div id=\"ez-toc-container\" class=\"ez-toc-v2_0_79_2 counter-hierarchy ez-toc-counter ez-toc-grey ez-toc-container-direction\">\n<div class=\"ez-toc-title-container\">\n<p class=\"ez-toc-title\" style=\"cursor:inherit\">Index<\/p>\n<span class=\"ez-toc-title-toggle\"><a href=\"#\" class=\"ez-toc-pull-right ez-toc-btn ez-toc-btn-xs ez-toc-btn-default ez-toc-toggle\" aria-label=\"Inhaltsverzeichnis umschalten\"><span class=\"ez-toc-js-icon-con\"><span class=\"\"><span class=\"eztoc-hide\" style=\"display:none;\">Umschalten auf<\/span><span class=\"ez-toc-icon-toggle-span\"><svg style=\"fill: #999;color:#999\" xmlns=\"http:\/\/www.w3.org\/2000\/svg\" class=\"list-377408\" width=\"20px\" height=\"20px\" viewbox=\"0 0 24 24\" fill=\"none\"><path d=\"M6 6H4v2h2V6zm14 0H8v2h12V6zM4 11h2v2H4v-2zm16 0H8v2h12v-2zM4 16h2v2H4v-2zm16 0H8v2h12v-2z\" fill=\"currentColor\"><\/path><\/svg><svg style=\"fill: #999;color:#999\" class=\"arrow-unsorted-368013\" xmlns=\"http:\/\/www.w3.org\/2000\/svg\" width=\"10px\" height=\"10px\" viewbox=\"0 0 24 24\" version=\"1.2\" baseprofile=\"tiny\"><path d=\"M18.2 9.3l-6.2-6.3-6.2 6.3c-.2.2-.3.4-.3.7s.1.5.3.7c.2.2.4.3.7.3h11c.3 0 .5-.1.7-.3.2-.2.3-.5.3-.7s-.1-.5-.3-.7zM5.8 14.7l6.2 6.3 6.2-6.3c.2-.2.3-.5.3-.7s-.1-.5-.3-.7c-.2-.2-.4-.3-.7-.3h-11c-.3 0-.5.1-.7.3-.2.2-.3.5-.3.7s.1.5.3.7z\"\/><\/svg><\/span><\/span><\/span><\/a><\/span><\/div>\n<nav><ul class='ez-toc-list ez-toc-list-level-1' ><li class='ez-toc-page-1 ez-toc-heading-level-3'><a class=\"ez-toc-link ez-toc-heading-1\" href=\"https:\/\/azeta.pro\/de\/come-arrivare-in-albania-tutto-cio-che-devi-sapere\/#Voli_aerei\" >Flugreisen<\/a><\/li><li class='ez-toc-page-1 ez-toc-heading-level-3'><a class=\"ez-toc-link ez-toc-heading-2\" href=\"https:\/\/azeta.pro\/de\/come-arrivare-in-albania-tutto-cio-che-devi-sapere\/#Viaggi_in_auto\" >Autofahrten<\/a><\/li><li class='ez-toc-page-1 ez-toc-heading-level-3'><a class=\"ez-toc-link ez-toc-heading-3\" href=\"https:\/\/azeta.pro\/de\/come-arrivare-in-albania-tutto-cio-che-devi-sapere\/#Viaggi_in_autobus\" >Busreisen<\/a><\/li><li class='ez-toc-page-1 ez-toc-heading-level-3'><a class=\"ez-toc-link ez-toc-heading-4\" href=\"https:\/\/azeta.pro\/de\/come-arrivare-in-albania-tutto-cio-che-devi-sapere\/#Viaggi_in_nave\" >Reisen mit dem Schiff<\/a><\/li><li class='ez-toc-page-1 ez-toc-heading-level-3'><a class=\"ez-toc-link ez-toc-heading-5\" href=\"https:\/\/azeta.pro\/de\/come-arrivare-in-albania-tutto-cio-che-devi-sapere\/#In_conclusione\" >Zusammenfassend<\/a><\/li><li class='ez-toc-page-1 ez-toc-heading-level-3'><a class=\"ez-toc-link ez-toc-heading-6\" href=\"https:\/\/azeta.pro\/de\/come-arrivare-in-albania-tutto-cio-che-devi-sapere\/#Che_cosa_volete_fare_ora\" >Was wollen Sie jetzt tun?<\/a><\/li><\/ul><\/nav><\/div>\n<h3><span class=\"ez-toc-section\" id=\"Voli_aerei\"><\/span>Flugreisen<span class=\"ez-toc-section-end\"><\/span><\/h3>\n<p><img loading=\"lazy\" decoding=\"async\" class=\"wp-image-1876 alignleft\" src=\"http:\/\/azeta.pro\/wp-content\/uploads\/2023\/02\/andare-in-aereo-in-albania-300x300.png\" alt=\"andare in aereo in albania\" width=\"187\" height=\"187\" title=\"\" srcset=\"https:\/\/azeta.pro\/wp-content\/uploads\/2023\/02\/andare-in-aereo-in-albania-300x300.png 300w, https:\/\/azeta.pro\/wp-content\/uploads\/2023\/02\/andare-in-aereo-in-albania-150x150.png 150w, https:\/\/azeta.pro\/wp-content\/uploads\/2023\/02\/andare-in-aereo-in-albania-12x12.png 12w, https:\/\/azeta.pro\/wp-content\/uploads\/2023\/02\/andare-in-aereo-in-albania.png 500w\" sizes=\"(max-width: 187px) 100vw, 187px\" \/><a href=\"https:\/\/azeta.pro\/de\/come-arrivare-in-albania-in-aereo-tutto-cio-che-devi-sapere\/\"><strong>Die schnellste und effizienteste Art, nach Albanien zu gelangen, ist ein Flug.<\/strong><\/a> In Albanien gibt es mehrere internationale Flugh\u00e4fen, darunter Tirana, der wichtigste Flughafen.<\/p>\n<p>Es gibt mehrere Direktfl\u00fcge von europ\u00e4ischen Gro\u00dfst\u00e4dten wie Rom, London und Paris. Dar\u00fcber hinaus k\u00f6nnen Sie einen Flug mit Zwischenlandung auf einem der gro\u00dfen europ\u00e4ischen Flugh\u00e4fen nehmen und dann einen Inlandsflug nach Albanien nehmen.<\/p>\n<p>Direktfl\u00fcge k\u00f6nnen je nach Jahreszeit recht g\u00fcnstig sein. Dar\u00fcber hinaus gibt es zahlreiche Fluggesellschaften, die g\u00fcnstige Fl\u00fcge zu noch g\u00fcnstigeren Preisen anbieten, lesen Sie mehr dar\u00fcber auf dieser Seite auf der <a href=\"https:\/\/azeta.pro\/de\/come-arrivare-in-albania-in-aereo-tutto-cio-che-devi-sapere\/\"><strong>Fl\u00fcge nach Albanien.<\/strong><\/a><\/p>\n<h3><span class=\"ez-toc-section\" id=\"Viaggi_in_auto\"><\/span>Autofahrten<span class=\"ez-toc-section-end\"><\/span><\/h3>\n<p><img loading=\"lazy\" decoding=\"async\" class=\"wp-image-1881 alignleft\" src=\"http:\/\/azeta.pro\/wp-content\/uploads\/2023\/02\/il-valico-di-frontiera-muriqan-sukobin-fra-l-albania-ed-montenegro-luglio-automobili-una-linea-attesa-europa-140369119-300x200.jpg\" alt=\"il-valico-di-frontiera-muriqan-sukobin-fra-l-albania-ed-montenegro-luglio-automobili-una-linea-attesa-europa-140369119\" width=\"233\" height=\"155\" title=\"\" srcset=\"https:\/\/azeta.pro\/wp-content\/uploads\/2023\/02\/il-valico-di-frontiera-muriqan-sukobin-fra-l-albania-ed-montenegro-luglio-automobili-una-linea-attesa-europa-140369119-300x200.jpg 300w, https:\/\/azeta.pro\/wp-content\/uploads\/2023\/02\/il-valico-di-frontiera-muriqan-sukobin-fra-l-albania-ed-montenegro-luglio-automobili-una-linea-attesa-europa-140369119-768x512.jpg 768w, https:\/\/azeta.pro\/wp-content\/uploads\/2023\/02\/il-valico-di-frontiera-muriqan-sukobin-fra-l-albania-ed-montenegro-luglio-automobili-una-linea-attesa-europa-140369119-18x12.jpg 18w, https:\/\/azeta.pro\/wp-content\/uploads\/2023\/02\/il-valico-di-frontiera-muriqan-sukobin-fra-l-albania-ed-montenegro-luglio-automobili-una-linea-attesa-europa-140369119.jpg 800w\" sizes=\"(max-width: 233px) 100vw, 233px\" \/><strong>Wenn Sie Geld sparen und mehr Freiheit haben wollen<\/strong>k\u00f6nnen Sie die folgenden Optionen in Betracht ziehen<a href=\"https:\/\/azeta.pro\/de\/arrivare-in-macchina-in-albania-tutto-quello-che-devi-sapere\/\"><strong> Reisen mit dem Auto.<\/strong><\/a> Die meisten europ\u00e4ischen L\u00e4nder verf\u00fcgen \u00fcber ein gut ausgebautes Stra\u00dfennetz, so dass es relativ einfach ist, nach Albanien zu gelangen.<\/p>\n<p><strong>Es gibt mehrere M\u00f6glichkeiten, Albanien mit dem Auto zu erreichen<\/strong>. Wenn Sie in Italien sind, k\u00f6nnen Sie die A14 bis Triest nehmen und dann die E75 bis zur albanischen Grenze fahren. Wenn Sie sich in Slowenien befinden, k\u00f6nnen Sie die<strong> E61 bis zur albanischen Grenze.<\/strong><\/p>\n<p>Wenn Sie sich in Griechenland befinden, k\u00f6nnen Sie die E90 bis Igoumenitsa nehmen und dann auf der A1 bis zur albanischen Grenze fahren. An der Grenze angekommen, m\u00fcssen Sie Ihren Reisepass vorzeigen und k\u00f6nnen dann Ihre Reise fortsetzen.<\/p>\n<h3><span class=\"ez-toc-section\" id=\"Viaggi_in_autobus\"><\/span>Busreisen<span class=\"ez-toc-section-end\"><\/span><\/h3>\n<p><strong>Eine weitere bequeme M\u00f6glichkeit, nach Albanien zu gelangen, ist die Fahrt mit dem Bus.<\/strong> Es gibt mehrere Reiseveranstalter, die Busverbindungen von verschiedenen europ\u00e4ischen St\u00e4dten nach Albanien anbieten.<\/p>\n<p>Reiseveranstalter bieten Busverbindungen von:<\/p>\n<ul>\n<li>Rom,<\/li>\n<li>Mailand,<\/li>\n<li>Wien,<\/li>\n<li>Sofia und viele andere.<\/li>\n<\/ul>\n<p>Normalerweise ist der Ticketpreis recht g\u00fcnstig, es sei denn, Sie w\u00e4hlen einen Luxusreiseveranstalter.<\/p>\n<p>Ein Busservice kann eine bequeme Art sein, nach Albanien zu kommen, besonders wenn Sie in einer Gruppe von Freunden oder Familie sind. Sie k\u00f6nnen auch einen Bus aus Italien oder Griechenland nehmen, wenn Sie es vorziehen.<\/p>\n<h3><span class=\"ez-toc-section\" id=\"Viaggi_in_nave\"><\/span>Reisen mit dem Schiff<span class=\"ez-toc-section-end\"><\/span><\/h3>\n<p><img loading=\"lazy\" decoding=\"async\" class=\"wp-image-1872 alignright\" src=\"http:\/\/azeta.pro\/wp-content\/uploads\/2023\/02\/traghetto-dallitalia-in-albania-300x295.png\" alt=\"traghetto dall&#039;italia in albania\" width=\"369\" height=\"363\" title=\"\" srcset=\"https:\/\/azeta.pro\/wp-content\/uploads\/2023\/02\/traghetto-dallitalia-in-albania-300x295.png 300w, https:\/\/azeta.pro\/wp-content\/uploads\/2023\/02\/traghetto-dallitalia-in-albania-12x12.png 12w, https:\/\/azeta.pro\/wp-content\/uploads\/2023\/02\/traghetto-dallitalia-in-albania.png 508w\" sizes=\"(max-width: 369px) 100vw, 369px\" \/>Wenn Sie ein einzigartiges Reiseerlebnis haben m\u00f6chten, k\u00f6nnen Sie eine Reise mit dem Schiff in Betracht ziehen. <strong>Es gibt verschiedene <a href=\"https:\/\/azeta.pro\/de\/come-arrivare-in-traghetto-in-albania\/\">F\u00e4hrh\u00e4fen in Albanien<\/a> die das Land mit mehreren europ\u00e4ischen L\u00e4ndern verbindet.<\/strong><\/p>\n<p>Einer der beliebtesten H\u00e4fen ist <strong>Durres,<\/strong> die gut vernetzt ist mit:<\/p>\n<ul>\n<li>Bari,<\/li>\n<li>Ancona,<\/li>\n<li>Brindisi,<\/li>\n<li>Igoumenitsa,<\/li>\n<li>Korfu und viele andere.<\/li>\n<\/ul>\n<p>Wenn Sie in Griechenland sind, k\u00f6nnen Sie eine F\u00e4hre von <strong>Igoumenitsa nach Durres, was etwa 5 Stunden dauert.<\/strong><\/p>\n<p>Sie k\u00f6nnen auch eine F\u00e4hre nehmen von <strong>Bari nach Durres (Durres), was etwa 10 Stunden dauert.<\/strong> Wenn Ihr Budget begrenzt ist, k\u00f6nnen Sie sich f\u00fcr eine Economy-Kabine entscheiden, die in der Regel viel weniger kostet als ein Flugzeug.<\/p>\n<h3><span class=\"ez-toc-section\" id=\"In_conclusione\"><\/span>Zusammenfassend<span class=\"ez-toc-section-end\"><\/span><\/h3>\n<p><strong>Wie Sie gesehen haben, gibt es mehrere M\u00f6glichkeiten, nach Albanien zu gelangen<\/strong>je nach Ihrem Budget und Ihren Bed\u00fcrfnissen. Wenn Sie Geld sparen wollen, k\u00f6nnen Sie mit dem Auto oder dem Bus reisen.<\/p>\n<p><strong>Wenn Sie ein einzigartiges Reiseerlebnis haben m\u00f6chten, k\u00f6nnen Sie eine Reise mit dem Schiff in Betracht ziehen<\/strong>. Auf jeden Fall gibt es mehrere M\u00f6glichkeiten, dieses fantastische Land zu erreichen.<\/p>\n\n\n<h3 class=\"wp-block-heading has-text-align-center\" id=\"block-f640ab86-1dd9-47fc-9bbf-2bf15609f5d0\"><span class=\"ez-toc-section\" id=\"Che_cosa_volete_fare_ora\"><\/span>Was wollen Sie jetzt tun?<span class=\"ez-toc-section-end\"><\/span><\/h3>\n\n\n\n<p id=\"block-ed3000bd-d577-4ac4-8863-93b5cb587a3e\"><strong>Sind Sie auf der Suche nach Investitions- und Wachstumsm\u00f6glichkeiten? Jetzt, wo Italiens Wirtschaft zu k\u00e4mpfen hat, ist es an der Zeit, neue M\u00e4rkte zu erschlie\u00dfen. Entdecken Sie die Vorteile einer Gesch\u00e4ftst\u00e4tigkeit in Albanien: niedrigere Steuern, geringere Energiekosten und ein wirtschaftsfreundliches Umfeld. F\u00fcllen Sie das untenstehende Formular aus, und einer unserer Berater wird sich innerhalb von 24 Stunden mit Ihnen in Verbindung setzen, um mit Ihnen zu besprechen, wie wir Ihnen helfen k\u00f6nnen, Ihr Gesch\u00e4ft international zu erweitern. Verpassen Sie nicht diese Gelegenheit, Ihre gesch\u00e4ftliche Zukunft zu ver\u00e4ndern!<\/strong><\/p>\n\n\n\n<div class=\"wp-block-contact-form-7-contact-form-selector\">\n<div class=\"wpcf7 no-js\" id=\"wpcf7-f6-o1\" lang=\"en-US\" dir=\"ltr\">\n<div class=\"screen-reader-response\"><p role=\"status\" aria-live=\"polite\" aria-atomic=\"true\"><\/p> <ul><\/ul><\/div>\n<form action=\"\/de\/wp-json\/wp\/v2\/pages\/1890#wpcf7-f6-o1\" method=\"post\" class=\"wpcf7-form init\" aria-label=\"Kontakt-Formular\" novalidate=\"novalidate\" data-status=\"init\" data-trp-original-action=\"\/de\/wp-json\/wp\/v2\/pages\/1890#wpcf7-f6-o1\">\n<div style=\"display: none;\">\n<input type=\"hidden\" name=\"_wpcf7\" value=\"6\" \/>\n<input type=\"hidden\" name=\"_wpcf7_version\" value=\"5.9.8\" \/>\n<input type=\"hidden\" name=\"_wpcf7_locale\" value=\"en_US\" \/>\n<input type=\"hidden\" name=\"_wpcf7_unit_tag\" value=\"wpcf7-f6-o1\" \/>\n<input type=\"hidden\" name=\"_wpcf7_container_post\" value=\"0\" \/>\n<input type=\"hidden\" name=\"_wpcf7_posted_data_hash\" value=\"\" \/>\n<input type=\"hidden\" name=\"_wpcf7_recaptcha_response\" value=\"\" \/>\n<\/div>\n<p><label> Ihr Vor- und Nachname<br \/>\n<span class=\"wpcf7-form-control-wrap\" data-name=\"your-name\"><input size=\"40\" maxlength=\"400\" class=\"wpcf7-form-control wpcf7-text wpcf7-validates-as-required\" aria-required=\"true\" aria-invalid=\"false\" value=\"\" type=\"text\" name=\"your-name\" \/><\/span> <\/label>\n<\/p>\n<p><label> Ihre E-Mail<br \/>\n<span class=\"wpcf7-form-control-wrap\" data-name=\"your-email\"><input size=\"40\" maxlength=\"400\" class=\"wpcf7-form-control wpcf7-email wpcf7-validates-as-required wpcf7-text wpcf7-validates-as-email\" aria-required=\"true\" aria-invalid=\"false\" value=\"\" type=\"email\" name=\"your-email\" \/><\/span> <\/label>\n<\/p>\n<p><label> Telefon<br \/>\n<span class=\"wpcf7-form-control-wrap\" data-name=\"tel-141\"><input size=\"40\" maxlength=\"400\" class=\"wpcf7-form-control wpcf7-tel wpcf7-validates-as-required wpcf7-text wpcf7-validates-as-tel\" aria-required=\"true\" aria-invalid=\"false\" value=\"\" type=\"tel\" name=\"tel-141\" \/><\/span> <\/label>\n<\/p>\n<p><label> Website (fakultativ)<br \/>\n<span class=\"wpcf7-form-control-wrap\" data-name=\"url-328\"><input size=\"40\" maxlength=\"400\" class=\"wpcf7-form-control wpcf7-url wpcf7-text wpcf7-validates-as-url\" aria-invalid=\"false\" value=\"\" type=\"url\" name=\"url-328\" \/><\/span> <\/label>\n<\/p>\n<p><label> Gegenstand Ihrer Anfrage<br \/>\n<span class=\"wpcf7-form-control-wrap\" data-name=\"your-subject\"><input size=\"40\" maxlength=\"400\" class=\"wpcf7-form-control wpcf7-text wpcf7-validates-as-required\" aria-required=\"true\" aria-invalid=\"false\" value=\"\" type=\"text\" name=\"your-subject\" \/><\/span> <\/label>\n<\/p>\n<p><label> Interesse w\u00e4hlen<br \/>\n<span class=\"wpcf7-form-control-wrap\" data-name=\"menu-739\"><select class=\"wpcf7-form-control wpcf7-select wpcf7-validates-as-required\" aria-required=\"true\" aria-invalid=\"false\" multiple=\"multiple\" name=\"menu-739[]\"><option value=\"Costituzione societ\u00e0 Dubai\">Dubai Unternehmensverfassung<\/option><option value=\"Richiesta residenza Dubai\">Wohnsitz in Dubai erforderlich<\/option><option value=\"Costituzione societ\u00e0 Albania\">Unternehmensverfassung Albanien<\/option><option value=\"Apertura Partita IVA professionista\">Er\u00f6ffnung einer professionellen MwSt-Nummer<\/option><option value=\"Consulenza Aziendale\">Unternehmensberatung<\/option><option value=\"Apertura conto per non residenti\">Kontoer\u00f6ffnung f\u00fcr Nicht-Residenten<\/option><option value=\"Ricerca Finanziamenti per progetto\">Projektfinanzierungssuche<\/option><option value=\"Ricerca Finanziamento Europa\">Suche nach Finanzierungsm\u00f6glichkeiten in Europa<\/option><option value=\"Internazionalizzazione d&#039;Impresa\">Internationalisierung des Gesch\u00e4fts<\/option><option value=\"Investimento immobiliare\">Immobilieninvestitionen<\/option><option value=\"Investimento di Portafoglio\">Portfolio-Investitionen<\/option><option value=\"VISA Permesso di soggiorno\">VISA Aufenthaltserlaubnis<\/option><option value=\"Richiesta cittadinanza Albanese\">Bewerbung um die albanische Staatsb\u00fcrgerschaft<\/option><option value=\"Altro...\">Mehr...<\/option><\/select><\/span><\/label>\n<\/p>\n<p><label> Ihre Nachricht<br \/>\n<span class=\"wpcf7-form-control-wrap\" data-name=\"your-message\"><textarea cols=\"40\" rows=\"10\" maxlength=\"2000\" class=\"wpcf7-form-control wpcf7-textarea\" aria-invalid=\"false\" name=\"your-message\"><\/textarea><\/span> <\/label>\n<\/p>\n<p><label>GDPR-Datenschutz und Zustimmung zu Cookies (erforderlich)<br \/>\n<span class=\"wpcf7-form-control-wrap\" data-name=\"acceptance-52\"><span class=\"wpcf7-form-control wpcf7-acceptance\"><span class=\"wpcf7-list-item\"><label><input type=\"checkbox\" name=\"acceptance-52\" value=\"1\" checked=\"checked\" aria-invalid=\"false\" \/><span class=\"wpcf7-list-item-label\">Ich gebe meine Zustimmung<\/span><\/label><\/span><\/span><\/span> Ich stimme der Verarbeitung meiner Daten f\u00fcr die Zwecke ihrer Behandlung zu und best\u00e4tige, dass ich die Datenschutzbestimmungen der Website gelesen habe.<br \/>\n<\/label>\n<\/p>\n<p><input class=\"wpcf7-form-control wpcf7-submit has-spinner\" type=\"submit\" value=\"Senden Sie\" \/>\n<\/p><div class=\"wpcf7-response-output\" aria-hidden=\"true\"><\/div>\n<input type=\"hidden\" name=\"trp-form-language\" value=\"de\"\/><\/form>\n<\/div>\n<\/div>","protected":false},"excerpt":{"rendered":"<p>Wenn Sie einen Urlaub in Albanien planen oder aus beruflichen Gr\u00fcnden dorthin reisen, fragen Sie sich wahrscheinlich, wie Sie das Land erreichen k\u00f6nnen. Obwohl Albanien ein kleines Land ist, ist es aufgrund seiner geografischen Lage besonders leicht zu erreichen. Es gibt mehrere M\u00f6glichkeiten, nach Albanien zu gelangen, darunter Flugreisen, Reisen ... <a title=\"Anreise nach Albanien: Alles, was Sie wissen m\u00fcssen\" class=\"read-more\" href=\"https:\/\/azeta.pro\/de\/come-arrivare-in-albania-tutto-cio-che-devi-sapere\/\" aria-label=\"Mehr zu So reisen Sie nach Albanien: Alles, was Sie wissen m\u00fcssen\">Weiterlesen ...<\/a><\/p>","protected":false},"author":1,"featured_media":1846,"parent":0,"menu_order":0,"comment_status":"closed","ping_status":"closed","template":"","meta":{"iawp_total_views":14,"footnotes":""},"_links":{"self":[{"href":"https:\/\/azeta.pro\/de\/wp-json\/wp\/v2\/pages\/1890"}],"collection":[{"href":"https:\/\/azeta.pro\/de\/wp-json\/wp\/v2\/pages"}],"about":[{"href":"https:\/\/azeta.pro\/de\/wp-json\/wp\/v2\/types\/page"}],"author":[{"embeddable":true,"href":"https:\/\/azeta.pro\/de\/wp-json\/wp\/v2\/users\/1"}],"replies":[{"embeddable":true,"href":"https:\/\/azeta.pro\/de\/wp-json\/wp\/v2\/comments?post=1890"}],"version-history":[{"count":2,"href":"https:\/\/azeta.pro\/de\/wp-json\/wp\/v2\/pages\/1890\/revisions"}],"predecessor-version":[{"id":2281,"href":"https:\/\/azeta.pro\/de\/wp-json\/wp\/v2\/pages\/1890\/revisions\/2281"}],"wp:featuredmedia":[{"embeddable":true,"href":"https:\/\/azeta.pro\/de\/wp-json\/wp\/v2\/media\/1846"}],"wp:attachment":[{"href":"https:\/\/azeta.pro\/de\/wp-json\/wp\/v2\/media?parent=1890"}],"curies":[{"name":"wp","href":"https:\/\/api.w.org\/{rel}","templated":true}]}}