{"id":1834,"date":"2023-02-02T14:41:50","date_gmt":"2023-02-02T14:41:50","guid":{"rendered":"https:\/\/azeta.pro\/?page_id=1834"},"modified":"2024-06-11T08:31:47","modified_gmt":"2024-06-11T08:31:47","slug":"come-arrivare-in-albania-in-aereo-tutto-cio-che-devi-sapere","status":"publish","type":"page","link":"https:\/\/azeta.pro\/de\/come-arrivare-in-albania-in-aereo-tutto-cio-che-devi-sapere\/","title":{"rendered":"Anreise nach Albanien mit dem Flugzeug: Alles, was Sie wissen m\u00fcssen"},"content":{"rendered":"<p><strong>Albanien kann mit dem Flugzeug erreicht werden.<\/strong> Albanien ist eines der faszinierendsten L\u00e4nder Osteuropas. Das an der Adriak\u00fcste gelegene Land verf\u00fcgt \u00fcber eine reiche Kultur und unber\u00fchrte Natur. Es bietet auch eine Vielzahl von Outdoor-Aktivit\u00e4ten, wie Rafting, Klettern, Bergwandern und vieles mehr. Wenn Sie mit dem Gedanken spielen, Albanien zu besuchen, sollten Sie als Erstes Folgendes tun <strong>einen Flug mit dem Flugzeug buchen.<\/strong><\/p>\n<p><strong>Das Flugzeug ist bei weitem die bequemste Art, nach Albanien zu reisen.<\/strong> Die meisten internationalen Fl\u00fcge landen auf dem Flughafen von Tirana, dem Hauptflughafen des Landes. Sobald Sie in Albanien angekommen sind, k\u00f6nnen Sie das Land einfach und kosteng\u00fcnstig bereisen.<\/p>\n<p><strong><img loading=\"lazy\" decoding=\"async\" class=\"size-medium wp-image-1876 alignright\" src=\"http:\/\/azeta.pro\/wp-content\/uploads\/2023\/02\/andare-in-aereo-in-albania-300x300.png\" alt=\"andare in aereo in albania\" width=\"300\" height=\"300\" title=\"\" srcset=\"https:\/\/azeta.pro\/wp-content\/uploads\/2023\/02\/andare-in-aereo-in-albania-300x300.png 300w, https:\/\/azeta.pro\/wp-content\/uploads\/2023\/02\/andare-in-aereo-in-albania-150x150.png 150w, https:\/\/azeta.pro\/wp-content\/uploads\/2023\/02\/andare-in-aereo-in-albania-12x12.png 12w, https:\/\/azeta.pro\/wp-content\/uploads\/2023\/02\/andare-in-aereo-in-albania.png 500w\" sizes=\"(max-width: 300px) 100vw, 300px\" \/>Wenn Sie nach Fl\u00fcgen nach Albanien suchen<\/strong>Es gibt eine Reihe von Fluggesellschaften, die Fl\u00fcge von einer Vielzahl von Zielen in der ganzen Welt anbieten. Um die besten Preise und Angebote zu finden, sollten Sie nach Direktfl\u00fcgen suchen. Wenn Sie keine Direktfl\u00fcge finden k\u00f6nnen, gibt es auch eine Reihe von Fl\u00fcgen mit Zwischenstopps in anderen europ\u00e4ischen L\u00e4ndern, wie Deutschland, Frankreich, Italien oder Griechenland.<\/p>\n<p><strong>Wenn Sie einen Flug gebucht haben, m\u00fcssen Sie sich auch Gedanken dar\u00fcber machen, wie Sie zum Flughafen von Tirana kommen.<\/strong> Wenn Sie aus einem europ\u00e4ischen Land kommen, k\u00f6nnen Sie einen Direktflug von einer gro\u00dfen europ\u00e4ischen Stadt nehmen, wie z. B.:<\/p>\n<ul>\n<li>Rom,<\/li>\n<li>London,<\/li>\n<li>Paris<\/li>\n<li>Frankfurt.<\/li>\n<\/ul>\n<p>Wenn Sie sich nicht in einem europ\u00e4ischen Land befinden, gibt es auch Direktfl\u00fcge von St\u00e4dten wie z. B.:<\/p>\n<ul>\n<li>Istanbul,<\/li>\n<li>Beirut,<\/li>\n<li>Abu Dhabi<\/li>\n<li>Dubai.<\/li>\n<\/ul>\n<p>Wenn Sie am Flughafen Tirana ankommen, haben Sie mehrere M\u00f6glichkeiten, Ihr Ziel zu erreichen. Es gibt mehrere Transportdienste, darunter:<\/p>\n<ul>\n<li>Bus,<\/li>\n<li>Taxis,<\/li>\n<li>Kleinbus<\/li>\n<li>Autovermietungsdienste.<\/li>\n<\/ul>\n<p>Wenn Sie sich f\u00fcr ein Taxi entscheiden, vergewissern Sie sich, dass Sie eine Vorstellung davon haben, wie viel die Fahrt kosten wird, bevor Sie an Bord gehen. Wenn Sie Geld sparen m\u00f6chten, k\u00f6nnen Sie auch einen Bus oder Minibus von einer der gr\u00f6\u00dferen St\u00e4dte Albaniens nehmen, z. B. <strong>Tirana, Shkodra, Durres, Elbasan oder Vlor\u00eb.<\/strong><\/p>\n<p><strong>Eine weitere M\u00f6glichkeit ist die Anmietung eines Autos<\/strong>. In Albanien gibt es eine Reihe von Autovermietungen, bei denen Sie g\u00fcnstig ein Auto mieten k\u00f6nnen. Bevor Sie sich jedoch f\u00fcr diese Option entscheiden, sollten Sie die Preise vergleichen und die Mietbedingungen sorgf\u00e4ltig lesen.<\/p>\n<p>Wenn Sie eine Reise nach Albanien planen, sollten Sie sich vor Ihrer Abreise vergewissern, dass Sie \u00fcber alle erforderlichen Dokumente verf\u00fcgen. F\u00fcr die Einreise nach Albanien ben\u00f6tigen Sie einen g\u00fcltigen Personalausweis oder Reisepass. Wenn Sie B\u00fcrger eines nichteurop\u00e4ischen Landes sind, m\u00fcssen Sie vor Ihrer Reise auch ein Visum beantragen.<\/p>\n<p>Sobald Sie einen Flug gebucht und alle erforderlichen Dokumente erhalten haben, k\u00f6nnen Sie loslegen. <strong>Albanien mit dem Flugzeug zu erreichen, ist eine schnelle, sichere und bequeme Art, dieses faszinierende Land zu erreichen.<\/strong> Befolgen Sie diese Richtlinien, damit Sie eine unvergessliche Reise erleben und alles genie\u00dfen k\u00f6nnen, was Albanien zu bieten hat.<\/p>\n\n\n<h3 class=\"wp-block-heading has-text-align-center\" id=\"block-f640ab86-1dd9-47fc-9bbf-2bf15609f5d0\">Was wollen Sie jetzt tun?<\/h3>\n\n\n\n<p id=\"block-ed3000bd-d577-4ac4-8863-93b5cb587a3e\"><strong>Sind Sie auf der Suche nach Investitions- und Wachstumsm\u00f6glichkeiten? Jetzt, wo Italiens Wirtschaft zu k\u00e4mpfen hat, ist es an der Zeit, neue M\u00e4rkte zu erschlie\u00dfen. Entdecken Sie die Vorteile einer Gesch\u00e4ftst\u00e4tigkeit in Albanien: niedrigere Steuern, geringere Energiekosten und ein wirtschaftsfreundliches Umfeld. F\u00fcllen Sie das untenstehende Formular aus, und einer unserer Berater wird sich innerhalb von 24 Stunden mit Ihnen in Verbindung setzen, um mit Ihnen zu besprechen, wie wir Ihnen helfen k\u00f6nnen, Ihr Gesch\u00e4ft international zu erweitern. Verpassen Sie nicht diese Gelegenheit, Ihre gesch\u00e4ftliche Zukunft zu ver\u00e4ndern!<\/strong><\/p>\n\n\n\n<div class=\"wp-block-contact-form-7-contact-form-selector\">\n<div class=\"wpcf7 no-js\" id=\"wpcf7-f6-o1\" lang=\"en-US\" dir=\"ltr\">\n<div class=\"screen-reader-response\"><p role=\"status\" aria-live=\"polite\" aria-atomic=\"true\"><\/p> <ul><\/ul><\/div>\n<form action=\"\/de\/wp-json\/wp\/v2\/pages\/1834#wpcf7-f6-o1\" method=\"post\" class=\"wpcf7-form init\" aria-label=\"Kontakt-Formular\" novalidate=\"novalidate\" data-status=\"init\" data-trp-original-action=\"\/de\/wp-json\/wp\/v2\/pages\/1834#wpcf7-f6-o1\">\n<div style=\"display: none;\">\n<input type=\"hidden\" name=\"_wpcf7\" value=\"6\" \/>\n<input type=\"hidden\" name=\"_wpcf7_version\" value=\"5.9.8\" \/>\n<input type=\"hidden\" name=\"_wpcf7_locale\" value=\"en_US\" \/>\n<input type=\"hidden\" name=\"_wpcf7_unit_tag\" value=\"wpcf7-f6-o1\" \/>\n<input type=\"hidden\" name=\"_wpcf7_container_post\" value=\"0\" \/>\n<input type=\"hidden\" name=\"_wpcf7_posted_data_hash\" value=\"\" \/>\n<input type=\"hidden\" name=\"_wpcf7_recaptcha_response\" value=\"\" \/>\n<\/div>\n<p><label> Ihr Vor- und Nachname<br \/>\n<span class=\"wpcf7-form-control-wrap\" data-name=\"your-name\"><input size=\"40\" maxlength=\"400\" class=\"wpcf7-form-control wpcf7-text wpcf7-validates-as-required\" aria-required=\"true\" aria-invalid=\"false\" value=\"\" type=\"text\" name=\"your-name\" \/><\/span> <\/label>\n<\/p>\n<p><label> Ihre E-Mail<br \/>\n<span class=\"wpcf7-form-control-wrap\" data-name=\"your-email\"><input size=\"40\" maxlength=\"400\" class=\"wpcf7-form-control wpcf7-email wpcf7-validates-as-required wpcf7-text wpcf7-validates-as-email\" aria-required=\"true\" aria-invalid=\"false\" value=\"\" type=\"email\" name=\"your-email\" \/><\/span> <\/label>\n<\/p>\n<p><label> Telefon<br \/>\n<span class=\"wpcf7-form-control-wrap\" data-name=\"tel-141\"><input size=\"40\" maxlength=\"400\" class=\"wpcf7-form-control wpcf7-tel wpcf7-validates-as-required wpcf7-text wpcf7-validates-as-tel\" aria-required=\"true\" aria-invalid=\"false\" value=\"\" type=\"tel\" name=\"tel-141\" \/><\/span> <\/label>\n<\/p>\n<p><label> Website (fakultativ)<br \/>\n<span class=\"wpcf7-form-control-wrap\" data-name=\"url-328\"><input size=\"40\" maxlength=\"400\" class=\"wpcf7-form-control wpcf7-url wpcf7-text wpcf7-validates-as-url\" aria-invalid=\"false\" value=\"\" type=\"url\" name=\"url-328\" \/><\/span> <\/label>\n<\/p>\n<p><label> Gegenstand Ihrer Anfrage<br \/>\n<span class=\"wpcf7-form-control-wrap\" data-name=\"your-subject\"><input size=\"40\" maxlength=\"400\" class=\"wpcf7-form-control wpcf7-text wpcf7-validates-as-required\" aria-required=\"true\" aria-invalid=\"false\" value=\"\" type=\"text\" name=\"your-subject\" \/><\/span> <\/label>\n<\/p>\n<p><label> Interesse w\u00e4hlen<br \/>\n<span class=\"wpcf7-form-control-wrap\" data-name=\"menu-739\"><select class=\"wpcf7-form-control wpcf7-select wpcf7-validates-as-required\" aria-required=\"true\" aria-invalid=\"false\" multiple=\"multiple\" name=\"menu-739[]\"><option value=\"Costituzione societ\u00e0 Dubai\">Dubai Unternehmensverfassung<\/option><option value=\"Richiesta residenza Dubai\">Wohnsitz in Dubai erforderlich<\/option><option value=\"Costituzione societ\u00e0 Albania\">Unternehmensverfassung Albanien<\/option><option value=\"Apertura Partita IVA professionista\">Er\u00f6ffnung einer professionellen MwSt-Nummer<\/option><option value=\"Consulenza Aziendale\">Unternehmensberatung<\/option><option value=\"Apertura conto per non residenti\">Kontoer\u00f6ffnung f\u00fcr Nicht-Residenten<\/option><option value=\"Ricerca Finanziamenti per progetto\">Projektfinanzierungssuche<\/option><option value=\"Ricerca Finanziamento Europa\">Suche nach Finanzierungsm\u00f6glichkeiten in Europa<\/option><option value=\"Internazionalizzazione d&#039;Impresa\">Internationalisierung des Gesch\u00e4fts<\/option><option value=\"Investimento immobiliare\">Immobilieninvestitionen<\/option><option value=\"Investimento di Portafoglio\">Portfolio-Investitionen<\/option><option value=\"VISA Permesso di soggiorno\">VISA Aufenthaltserlaubnis<\/option><option value=\"Richiesta cittadinanza Albanese\">Bewerbung um die albanische Staatsb\u00fcrgerschaft<\/option><option value=\"Altro...\">Mehr...<\/option><\/select><\/span><\/label>\n<\/p>\n<p><label> Ihre Nachricht<br \/>\n<span class=\"wpcf7-form-control-wrap\" data-name=\"your-message\"><textarea cols=\"40\" rows=\"10\" maxlength=\"2000\" class=\"wpcf7-form-control wpcf7-textarea\" aria-invalid=\"false\" name=\"your-message\"><\/textarea><\/span> <\/label>\n<\/p>\n<p><label>GDPR-Datenschutz und Zustimmung zu Cookies (erforderlich)<br \/>\n<span class=\"wpcf7-form-control-wrap\" data-name=\"acceptance-52\"><span class=\"wpcf7-form-control wpcf7-acceptance\"><span class=\"wpcf7-list-item\"><label><input type=\"checkbox\" name=\"acceptance-52\" value=\"1\" checked=\"checked\" aria-invalid=\"false\" \/><span class=\"wpcf7-list-item-label\">Ich gebe meine Zustimmung<\/span><\/label><\/span><\/span><\/span> Ich stimme der Verarbeitung meiner Daten f\u00fcr die Zwecke ihrer Behandlung zu und best\u00e4tige, dass ich die Datenschutzbestimmungen der Website gelesen habe.<br \/>\n<\/label>\n<\/p>\n<p><input class=\"wpcf7-form-control wpcf7-submit has-spinner\" type=\"submit\" value=\"Senden Sie\" \/>\n<\/p><div class=\"wpcf7-response-output\" aria-hidden=\"true\"><\/div>\n<input type=\"hidden\" name=\"trp-form-language\" value=\"de\"\/><\/form>\n<\/div>\n<\/div>","protected":false},"excerpt":{"rendered":"<p>Albanien kann mit dem Flugzeug erreicht werden. Albanien ist eines der faszinierendsten L\u00e4nder Osteuropas. Das an der Adriak\u00fcste gelegene Land verf\u00fcgt \u00fcber eine reiche Kultur und unber\u00fchrte Natur. Au\u00dferdem bietet es eine Vielzahl von Outdoor-Aktivit\u00e4ten wie Rafting, Klettern, Bergwandern und vieles mehr. Wenn Sie mit dem Gedanken spielen, Albanien zu besuchen, ist die erste ... <a title=\"Anreise nach Albanien mit dem Flugzeug: Alles, was Sie wissen m\u00fcssen\" class=\"read-more\" href=\"https:\/\/azeta.pro\/de\/come-arrivare-in-albania-in-aereo-tutto-cio-che-devi-sapere\/\" aria-label=\"Mehr zu Wie man mit dem Flugzeug nach Albanien kommt: Alles, was Sie wissen m\u00fcssen\">Weiterlesen ...<\/a><\/p>","protected":false},"author":1,"featured_media":1846,"parent":0,"menu_order":0,"comment_status":"closed","ping_status":"closed","template":"","meta":{"iawp_total_views":19,"footnotes":""},"_links":{"self":[{"href":"https:\/\/azeta.pro\/de\/wp-json\/wp\/v2\/pages\/1834"}],"collection":[{"href":"https:\/\/azeta.pro\/de\/wp-json\/wp\/v2\/pages"}],"about":[{"href":"https:\/\/azeta.pro\/de\/wp-json\/wp\/v2\/types\/page"}],"author":[{"embeddable":true,"href":"https:\/\/azeta.pro\/de\/wp-json\/wp\/v2\/users\/1"}],"replies":[{"embeddable":true,"href":"https:\/\/azeta.pro\/de\/wp-json\/wp\/v2\/comments?post=1834"}],"version-history":[{"count":2,"href":"https:\/\/azeta.pro\/de\/wp-json\/wp\/v2\/pages\/1834\/revisions"}],"predecessor-version":[{"id":2286,"href":"https:\/\/azeta.pro\/de\/wp-json\/wp\/v2\/pages\/1834\/revisions\/2286"}],"wp:featuredmedia":[{"embeddable":true,"href":"https:\/\/azeta.pro\/de\/wp-json\/wp\/v2\/media\/1846"}],"wp:attachment":[{"href":"https:\/\/azeta.pro\/de\/wp-json\/wp\/v2\/media?parent=1834"}],"curies":[{"name":"wp","href":"https:\/\/api.w.org\/{rel}","templated":true}]}}