{"id":1833,"date":"2023-02-02T14:31:59","date_gmt":"2023-02-02T14:31:59","guid":{"rendered":"https:\/\/azeta.pro\/?page_id=1833"},"modified":"2024-06-11T08:31:32","modified_gmt":"2024-06-11T08:31:32","slug":"come-arrivare-in-traghetto-in-albania","status":"publish","type":"page","link":"https:\/\/azeta.pro\/de\/come-arrivare-in-traghetto-in-albania\/","title":{"rendered":"Wie man mit der F\u00e4hre nach Albanien kommt"},"content":{"rendered":"<p><strong>Albanien<\/strong> ist eines der faszinierendsten L\u00e4nder Europas mit seiner reichen Geschichte, seiner unber\u00fchrten Natur und seinen au\u00dfergew\u00f6hnlichen Str\u00e4nden. Wenn Sie eine Reise nach Albanien planen, <strong>eine bequeme und praktische Art, dorthin zu gelangen, ist die Fahrt mit der F\u00e4hre<\/strong>. Die Bef\u00f6rderung auf dem Seeweg ist eine wirtschaftliche L\u00f6sung und bietet w\u00e4hrend der Fahrt spektakul\u00e4re Aussichten.<\/p>\n<p>In diesem Artikel werden wir im Detail untersuchen <strong>wie man mit der F\u00e4hre nach Albanien kommt<\/strong> - von den Fahrzeiten \u00fcber die Tarife bis hin zum Bordservice. Wir haben auch einige Tipps zusammengestellt, die Ihnen helfen, Ihre Reise besser zu organisieren.<\/p>\n<p><strong>Es gibt mehrere F\u00e4hrgesellschaften, die Direktverbindungen zwischen Albanien und Italien, Griechenland und Kroatien anbieten.<\/strong><\/p>\n<p>F\u00e4hren nach Albanien fahren von folgenden Orten ab:<\/p>\n<ul>\n<li>Bari,<\/li>\n<li>Ancona,<\/li>\n<li>Triest,<\/li>\n<li>Brindisi,<\/li>\n<li>Venedig,<\/li>\n<li>Patras,<\/li>\n<li>Igoumenitsa,<\/li>\n<li>Korfu<\/li>\n<li>Dubrovnik.<\/li>\n<\/ul>\n<p><strong>Die Reisezeit nach Albanien kann je nach Zielort zwischen mindestens 2 und maximal 15 Stunden betragen.<\/strong><\/p>\n<p>Die F\u00e4hrgesellschaften, die Verbindungen mit Albanien anbieten, sind:<\/p>\n<ul>\n<li>Superschnell,<\/li>\n<li>Anek Lines,<\/li>\n<li>Ventouris Ferries,<\/li>\n<li>Minoische Linien,<\/li>\n<li>Traghettilinien,<\/li>\n<li>Agoudimos-Linien<\/li>\n<li>Ionische F\u00e4hren.<\/li>\n<\/ul>\n<p>Jedes dieser Unternehmen bietet wettbewerbsf\u00e4hige Preise und hochwertige Dienstleistungen.<\/p>\n<p><strong><img loading=\"lazy\" decoding=\"async\" class=\"size-medium wp-image-1873 alignright\" src=\"http:\/\/azeta.pro\/wp-content\/uploads\/2023\/02\/turismo-in-albania-mare-vacanze-low-cost-300x295.png\" alt=\"turismo in albania mare vacanze low cost\" width=\"300\" height=\"295\" title=\"\" srcset=\"https:\/\/azeta.pro\/wp-content\/uploads\/2023\/02\/turismo-in-albania-mare-vacanze-low-cost-300x295.png 300w, https:\/\/azeta.pro\/wp-content\/uploads\/2023\/02\/turismo-in-albania-mare-vacanze-low-cost-12x12.png 12w, https:\/\/azeta.pro\/wp-content\/uploads\/2023\/02\/turismo-in-albania-mare-vacanze-low-cost.png 512w\" sizes=\"(max-width: 300px) 100vw, 300px\" \/>An Bord von F\u00e4hren<\/strong> eine breite Palette von Dienstleistungen f\u00fcr die Passagiere, darunter eine Bar, ein Restaurant, ein Souvenirladen und ein Spielzimmer. Auf vielen F\u00e4hren ist es au\u00dferdem m\u00f6glich, eine Privatkabine zu mieten, um mehr Privatsph\u00e4re zu haben.<\/p>\n<p><strong>Der Preis f\u00fcr einen einfachen Flug nach Albanien<\/strong> k\u00f6nnen je nach Abfahrtsort und gew\u00e4hlter F\u00e4hrgesellschaft variieren. Im Allgemeinen sind Tickets nach Albanien relativ g\u00fcnstig und k\u00f6nnen online oder in Reiseb\u00fcros erworben werden.<\/p>\n<p><strong>Bei der Buchung einer F\u00e4hre nach Albanien gibt es einige Dinge zu beachten.<\/strong> Zun\u00e4chst ist es wichtig zu pr\u00fcfen, ob die von Ihnen gew\u00e4hlte F\u00e4hrgesellschaft Verbindungen zwischen der Abfahrtsstadt und Albanien anbietet. Au\u00dferdem m\u00fcssen Sie pr\u00fcfen, ob es auf dem Schiff eine Privatkabine gibt, und sicherstellen, dass Sie ein g\u00fcltiges Ticket mit einer Versicherungspolice haben.<\/p>\n<p><strong>Schlie\u00dflich ist zu erw\u00e4hnen, dass einige F\u00e4hrgesellschaften bei der Einschiffung die Vorlage eines g\u00fcltigen Personalausweises oder Reisepasses verlangen<\/strong> und alle pers\u00f6nlichen Daten zu registrieren. Wenn Sie nicht im Besitz eines g\u00fcltigen Personalausweises oder Reisepasses sind, ist es ratsam, die F\u00e4hrgesellschaft zu kontaktieren, bevor Sie ein Ticket buchen.<\/p>\n<p><strong>Abschlie\u00dfend: Nehmen Sie eine F\u00e4hre nach Albanien<\/strong> kann eine g\u00fcnstige und bequeme Art sein, an Ihr Ziel zu gelangen. Dank der zahlreichen Dienstleistungen an Bord k\u00f6nnen Reisende eine komfortable und angenehme \u00dcberfahrt genie\u00dfen. Bevor Sie ein Ticket buchen, sollten Sie die Allgemeinen Gesch\u00e4ftsbedingungen der von Ihnen gew\u00e4hlten F\u00e4hrgesellschaft sorgf\u00e4ltig lesen.<\/p>\n\n\n<h3 class=\"wp-block-heading has-text-align-center\" id=\"block-f640ab86-1dd9-47fc-9bbf-2bf15609f5d0\">Was wollen Sie jetzt tun?<\/h3>\n\n\n\n<p id=\"block-ed3000bd-d577-4ac4-8863-93b5cb587a3e\"><strong>Sind Sie auf der Suche nach Investitions- und Wachstumsm\u00f6glichkeiten? Jetzt, wo Italiens Wirtschaft zu k\u00e4mpfen hat, ist es an der Zeit, neue M\u00e4rkte zu erschlie\u00dfen. Entdecken Sie die Vorteile einer Gesch\u00e4ftst\u00e4tigkeit in Albanien: niedrigere Steuern, geringere Energiekosten und ein wirtschaftsfreundliches Umfeld. F\u00fcllen Sie das untenstehende Formular aus, und einer unserer Berater wird sich innerhalb von 24 Stunden mit Ihnen in Verbindung setzen, um mit Ihnen zu besprechen, wie wir Ihnen helfen k\u00f6nnen, Ihr Gesch\u00e4ft international zu erweitern. Verpassen Sie nicht diese Gelegenheit, Ihre gesch\u00e4ftliche Zukunft zu ver\u00e4ndern!<\/strong><\/p>\n\n\n\n<div class=\"wp-block-contact-form-7-contact-form-selector\">\n<div class=\"wpcf7 no-js\" id=\"wpcf7-f6-o1\" lang=\"en-US\" dir=\"ltr\">\n<div class=\"screen-reader-response\"><p role=\"status\" aria-live=\"polite\" aria-atomic=\"true\"><\/p> <ul><\/ul><\/div>\n<form action=\"\/de\/wp-json\/wp\/v2\/pages\/1833#wpcf7-f6-o1\" method=\"post\" class=\"wpcf7-form init\" aria-label=\"Kontakt-Formular\" novalidate=\"novalidate\" data-status=\"init\" data-trp-original-action=\"\/de\/wp-json\/wp\/v2\/pages\/1833#wpcf7-f6-o1\">\n<div style=\"display: none;\">\n<input type=\"hidden\" name=\"_wpcf7\" value=\"6\" \/>\n<input type=\"hidden\" name=\"_wpcf7_version\" value=\"5.9.8\" \/>\n<input type=\"hidden\" name=\"_wpcf7_locale\" value=\"en_US\" \/>\n<input type=\"hidden\" name=\"_wpcf7_unit_tag\" value=\"wpcf7-f6-o1\" \/>\n<input type=\"hidden\" name=\"_wpcf7_container_post\" value=\"0\" \/>\n<input type=\"hidden\" name=\"_wpcf7_posted_data_hash\" value=\"\" \/>\n<input type=\"hidden\" name=\"_wpcf7_recaptcha_response\" value=\"\" \/>\n<\/div>\n<p><label> Ihr Vor- und Nachname<br \/>\n<span class=\"wpcf7-form-control-wrap\" data-name=\"your-name\"><input size=\"40\" maxlength=\"400\" class=\"wpcf7-form-control wpcf7-text wpcf7-validates-as-required\" aria-required=\"true\" aria-invalid=\"false\" value=\"\" type=\"text\" name=\"your-name\" \/><\/span> <\/label>\n<\/p>\n<p><label> Ihre E-Mail<br \/>\n<span class=\"wpcf7-form-control-wrap\" data-name=\"your-email\"><input size=\"40\" maxlength=\"400\" class=\"wpcf7-form-control wpcf7-email wpcf7-validates-as-required wpcf7-text wpcf7-validates-as-email\" aria-required=\"true\" aria-invalid=\"false\" value=\"\" type=\"email\" name=\"your-email\" \/><\/span> <\/label>\n<\/p>\n<p><label> Telefon<br \/>\n<span class=\"wpcf7-form-control-wrap\" data-name=\"tel-141\"><input size=\"40\" maxlength=\"400\" class=\"wpcf7-form-control wpcf7-tel wpcf7-validates-as-required wpcf7-text wpcf7-validates-as-tel\" aria-required=\"true\" aria-invalid=\"false\" value=\"\" type=\"tel\" name=\"tel-141\" \/><\/span> <\/label>\n<\/p>\n<p><label> Website (fakultativ)<br \/>\n<span class=\"wpcf7-form-control-wrap\" data-name=\"url-328\"><input size=\"40\" maxlength=\"400\" class=\"wpcf7-form-control wpcf7-url wpcf7-text wpcf7-validates-as-url\" aria-invalid=\"false\" value=\"\" type=\"url\" name=\"url-328\" \/><\/span> <\/label>\n<\/p>\n<p><label> Gegenstand Ihrer Anfrage<br \/>\n<span class=\"wpcf7-form-control-wrap\" data-name=\"your-subject\"><input size=\"40\" maxlength=\"400\" class=\"wpcf7-form-control wpcf7-text wpcf7-validates-as-required\" aria-required=\"true\" aria-invalid=\"false\" value=\"\" type=\"text\" name=\"your-subject\" \/><\/span> <\/label>\n<\/p>\n<p><label> Interesse w\u00e4hlen<br \/>\n<span class=\"wpcf7-form-control-wrap\" data-name=\"menu-739\"><select class=\"wpcf7-form-control wpcf7-select wpcf7-validates-as-required\" aria-required=\"true\" aria-invalid=\"false\" multiple=\"multiple\" name=\"menu-739[]\"><option value=\"Costituzione societ\u00e0 Dubai\">Dubai Unternehmensverfassung<\/option><option value=\"Richiesta residenza Dubai\">Wohnsitz in Dubai erforderlich<\/option><option value=\"Costituzione societ\u00e0 Albania\">Unternehmensverfassung Albanien<\/option><option value=\"Apertura Partita IVA professionista\">Er\u00f6ffnung einer professionellen MwSt-Nummer<\/option><option value=\"Consulenza Aziendale\">Unternehmensberatung<\/option><option value=\"Apertura conto per non residenti\">Kontoer\u00f6ffnung f\u00fcr Nicht-Residenten<\/option><option value=\"Ricerca Finanziamenti per progetto\">Projektfinanzierungssuche<\/option><option value=\"Ricerca Finanziamento Europa\">Suche nach Finanzierungsm\u00f6glichkeiten in Europa<\/option><option value=\"Internazionalizzazione d&#039;Impresa\">Internationalisierung des Gesch\u00e4fts<\/option><option value=\"Investimento immobiliare\">Immobilieninvestitionen<\/option><option value=\"Investimento di Portafoglio\">Portfolio-Investitionen<\/option><option value=\"VISA Permesso di soggiorno\">VISA Aufenthaltserlaubnis<\/option><option value=\"Richiesta cittadinanza Albanese\">Bewerbung um die albanische Staatsb\u00fcrgerschaft<\/option><option value=\"Altro...\">Mehr...<\/option><\/select><\/span><\/label>\n<\/p>\n<p><label> Ihre Nachricht<br \/>\n<span class=\"wpcf7-form-control-wrap\" data-name=\"your-message\"><textarea cols=\"40\" rows=\"10\" maxlength=\"2000\" class=\"wpcf7-form-control wpcf7-textarea\" aria-invalid=\"false\" name=\"your-message\"><\/textarea><\/span> <\/label>\n<\/p>\n<p><label>GDPR-Datenschutz und Zustimmung zu Cookies (erforderlich)<br \/>\n<span class=\"wpcf7-form-control-wrap\" data-name=\"acceptance-52\"><span class=\"wpcf7-form-control wpcf7-acceptance\"><span class=\"wpcf7-list-item\"><label><input type=\"checkbox\" name=\"acceptance-52\" value=\"1\" checked=\"checked\" aria-invalid=\"false\" \/><span class=\"wpcf7-list-item-label\">Ich gebe meine Zustimmung<\/span><\/label><\/span><\/span><\/span> Ich stimme der Verarbeitung meiner Daten f\u00fcr die Zwecke ihrer Behandlung zu und best\u00e4tige, dass ich die Datenschutzbestimmungen der Website gelesen habe.<br \/>\n<\/label>\n<\/p>\n<p><input class=\"wpcf7-form-control wpcf7-submit has-spinner\" type=\"submit\" value=\"Senden Sie\" \/>\n<\/p><div class=\"wpcf7-response-output\" aria-hidden=\"true\"><\/div>\n<input type=\"hidden\" name=\"trp-form-language\" value=\"de\"\/><\/form>\n<\/div>\n<\/div>","protected":false},"excerpt":{"rendered":"<p>Albanien ist eines der faszinierendsten L\u00e4nder Europas mit einer reichen Geschichte, unber\u00fchrter Natur und au\u00dfergew\u00f6hnlichen Str\u00e4nden. Wenn Sie eine Reise nach Albanien planen, ist eine F\u00e4hre eine bequeme und praktische M\u00f6glichkeit, dorthin zu gelangen. Der Transport auf dem Seeweg ist eine preiswerte Option und bietet w\u00e4hrend der Fahrt spektakul\u00e4re Ausblicke. In ... <a title=\"Wie man mit der F\u00e4hre nach Albanien kommt\" class=\"read-more\" href=\"https:\/\/azeta.pro\/de\/come-arrivare-in-traghetto-in-albania\/\" aria-label=\"Mehr zu Wie man mit der F\u00e4hre nach Albanien kommt\">Weiterlesen ...<\/a><\/p>","protected":false},"author":1,"featured_media":1872,"parent":0,"menu_order":0,"comment_status":"closed","ping_status":"closed","template":"","meta":{"iawp_total_views":9,"footnotes":""},"_links":{"self":[{"href":"https:\/\/azeta.pro\/de\/wp-json\/wp\/v2\/pages\/1833"}],"collection":[{"href":"https:\/\/azeta.pro\/de\/wp-json\/wp\/v2\/pages"}],"about":[{"href":"https:\/\/azeta.pro\/de\/wp-json\/wp\/v2\/types\/page"}],"author":[{"embeddable":true,"href":"https:\/\/azeta.pro\/de\/wp-json\/wp\/v2\/users\/1"}],"replies":[{"embeddable":true,"href":"https:\/\/azeta.pro\/de\/wp-json\/wp\/v2\/comments?post=1833"}],"version-history":[{"count":2,"href":"https:\/\/azeta.pro\/de\/wp-json\/wp\/v2\/pages\/1833\/revisions"}],"predecessor-version":[{"id":2287,"href":"https:\/\/azeta.pro\/de\/wp-json\/wp\/v2\/pages\/1833\/revisions\/2287"}],"wp:featuredmedia":[{"embeddable":true,"href":"https:\/\/azeta.pro\/de\/wp-json\/wp\/v2\/media\/1872"}],"wp:attachment":[{"href":"https:\/\/azeta.pro\/de\/wp-json\/wp\/v2\/media?parent=1833"}],"curies":[{"name":"wp","href":"https:\/\/api.w.org\/{rel}","templated":true}]}}