{"id":1832,"date":"2023-02-02T14:14:37","date_gmt":"2023-02-02T14:14:37","guid":{"rendered":"https:\/\/azeta.pro\/?page_id=1832"},"modified":"2024-06-11T08:31:39","modified_gmt":"2024-06-11T08:31:39","slug":"arrivare-in-macchina-in-albania-tutto-quello-che-devi-sapere","status":"publish","type":"page","link":"https:\/\/azeta.pro\/de\/arrivare-in-macchina-in-albania-tutto-quello-che-devi-sapere\/","title":{"rendered":"Anreise mit dem Auto in Albanien: Alles, was Sie wissen m\u00fcssen"},"content":{"rendered":"<p>Albanien ist ein Land, das reich an Geschichte und Kultur ist und eine Vielzahl von touristischen Zielen und atemberaubenden Landschaften bietet. Wenn Sie eine Reise nach Albanien planen, sollten Sie eine <strong>Mit dem Auto dorthin zu gelangen<\/strong>. Zu den Aspekten, die vor einer Autoreise nach Albanien zu beachten sind, geh\u00f6ren die \u00f6rtlichen Stra\u00dfenverkehrsvorschriften, die Versicherung und die erforderlichen Dokumente.<\/p>\n<p>In diesem Artikel erkl\u00e4ren wir Ihnen alles, was Sie wissen m\u00fcssen, um <strong>Fahrt nach Albanien.<\/strong><\/p>\n<div id=\"ez-toc-container\" class=\"ez-toc-v2_0_79_2 counter-hierarchy ez-toc-counter ez-toc-grey ez-toc-container-direction\">\n<div class=\"ez-toc-title-container\">\n<p class=\"ez-toc-title\" style=\"cursor:inherit\">Index<\/p>\n<span class=\"ez-toc-title-toggle\"><a href=\"#\" class=\"ez-toc-pull-right ez-toc-btn ez-toc-btn-xs ez-toc-btn-default ez-toc-toggle\" aria-label=\"Inhaltsverzeichnis umschalten\"><span class=\"ez-toc-js-icon-con\"><span class=\"\"><span class=\"eztoc-hide\" style=\"display:none;\">Umschalten auf<\/span><span class=\"ez-toc-icon-toggle-span\"><svg style=\"fill: #999;color:#999\" xmlns=\"http:\/\/www.w3.org\/2000\/svg\" class=\"list-377408\" width=\"20px\" height=\"20px\" viewbox=\"0 0 24 24\" fill=\"none\"><path d=\"M6 6H4v2h2V6zm14 0H8v2h12V6zM4 11h2v2H4v-2zm16 0H8v2h12v-2zM4 16h2v2H4v-2zm16 0H8v2h12v-2z\" fill=\"currentColor\"><\/path><\/svg><svg style=\"fill: #999;color:#999\" class=\"arrow-unsorted-368013\" xmlns=\"http:\/\/www.w3.org\/2000\/svg\" width=\"10px\" height=\"10px\" viewbox=\"0 0 24 24\" version=\"1.2\" baseprofile=\"tiny\"><path d=\"M18.2 9.3l-6.2-6.3-6.2 6.3c-.2.2-.3.4-.3.7s.1.5.3.7c.2.2.4.3.7.3h11c.3 0 .5-.1.7-.3.2-.2.3-.5.3-.7s-.1-.5-.3-.7zM5.8 14.7l6.2 6.3 6.2-6.3c.2-.2.3-.5.3-.7s-.1-.5-.3-.7c-.2-.2-.4-.3-.7-.3h-11c-.3 0-.5.1-.7.3-.2.2-.3.5-.3.7s.1.5.3.7z\"\/><\/svg><\/span><\/span><\/span><\/a><\/span><\/div>\n<nav><ul class='ez-toc-list ez-toc-list-level-1' ><li class='ez-toc-page-1 ez-toc-heading-level-3'><a class=\"ez-toc-link ez-toc-heading-1\" href=\"https:\/\/azeta.pro\/de\/arrivare-in-macchina-in-albania-tutto-quello-che-devi-sapere\/#Come_Entrare_in_Albania_Con_la_Tua_Auto\" >Wie man mit dem Auto nach Albanien einreist<\/a><\/li><li class='ez-toc-page-1 ez-toc-heading-level-3'><a class=\"ez-toc-link ez-toc-heading-2\" href=\"https:\/\/azeta.pro\/de\/arrivare-in-macchina-in-albania-tutto-quello-che-devi-sapere\/#Leggi_Stradali_in_Albania\" >Stra\u00dfenverkehrsgesetze in Albanien<\/a><\/li><li class='ez-toc-page-1 ez-toc-heading-level-3'><a class=\"ez-toc-link ez-toc-heading-3\" href=\"https:\/\/azeta.pro\/de\/arrivare-in-macchina-in-albania-tutto-quello-che-devi-sapere\/#Assicurazione_Auto_in_Albania\" >Autoversicherung in Albanien<\/a><\/li><li class='ez-toc-page-1 ez-toc-heading-level-3'><a class=\"ez-toc-link ez-toc-heading-4\" href=\"https:\/\/azeta.pro\/de\/arrivare-in-macchina-in-albania-tutto-quello-che-devi-sapere\/#Spostarsi_in_Albania\" >Umzug nach Albanien<\/a><\/li><li class='ez-toc-page-1 ez-toc-heading-level-3'><a class=\"ez-toc-link ez-toc-heading-5\" href=\"https:\/\/azeta.pro\/de\/arrivare-in-macchina-in-albania-tutto-quello-che-devi-sapere\/#Guida_Sicura_in_Albania\" >Sicheres Fahren in Albanien<\/a><\/li><li class='ez-toc-page-1 ez-toc-heading-level-3'><a class=\"ez-toc-link ez-toc-heading-6\" href=\"https:\/\/azeta.pro\/de\/arrivare-in-macchina-in-albania-tutto-quello-che-devi-sapere\/#Conclusione\" >Schlussfolgerung<\/a><\/li><li class='ez-toc-page-1 ez-toc-heading-level-3'><a class=\"ez-toc-link ez-toc-heading-7\" href=\"https:\/\/azeta.pro\/de\/arrivare-in-macchina-in-albania-tutto-quello-che-devi-sapere\/#Che_cosa_volete_fare_ora\" >Was wollen Sie jetzt tun?<\/a><\/li><\/ul><\/nav><\/div>\n<h3><span class=\"ez-toc-section\" id=\"Come_Entrare_in_Albania_Con_la_Tua_Auto\"><\/span>Wie man mit dem Auto nach Albanien einreist<span class=\"ez-toc-section-end\"><\/span><\/h3>\n<p><span data-offset-key=\"897af-18-0\">La<\/span><span data-offset-key=\"897af-19-0\"> mag<\/span><span data-offset-key=\"897af-20-0\">g<\/span><span data-offset-key=\"897af-21-0\">ior<\/span><span data-offset-key=\"897af-22-0\"> Teil<\/span><span data-offset-key=\"897af-23-0\">e<\/span><span data-offset-key=\"897af-24-0\"> de<\/span><span data-offset-key=\"897af-25-0\">i<\/span><span data-offset-key=\"897af-26-0\"> dort<\/span><span data-offset-key=\"897af-27-0\">agg<\/span><span data-offset-key=\"897af-28-0\">iator<\/span><span data-offset-key=\"897af-29-0\">i<\/span><span data-offset-key=\"897af-30-0\"> pu<\/span><span data-offset-key=\"897af-31-0\">\u00f2<\/span><strong> Einreise nach Albanien mit dem Auto \u00fcber die Grenzen mit:<\/strong><\/p>\n<ul>\n<li><strong>Griechenland, <\/strong><\/li>\n<li><strong>Italien, <\/strong><\/li>\n<li><strong>Montenegro, <\/strong><\/li>\n<li><strong>Kosovo <\/strong><\/li>\n<li><strong>Mazedonien<\/strong><span data-offset-key=\"897af-68-0\">.<\/span><\/li>\n<\/ul>\n<p><strong>Bevor Sie in Ihr Auto steigen und nach Albanien fahren<\/strong>Es ist wichtig, dass Sie \u00fcber alle erforderlichen Dokumente verf\u00fcgen.<\/p>\n<p>Um mit dem Auto nach Albanien einzureisen, m\u00fcssen Sie Folgendes mitbringen<\/p>\n<ul>\n<li>einen g\u00fcltigen F\u00fchrerschein,<\/li>\n<li>eine internationale Versicherungsbescheinigung,<\/li>\n<li>eine gr\u00fcne Karte<\/li>\n<li>einen g\u00fcltigen Personalausweis f\u00fcr die Ausreise oder, falls nicht vorhanden, einen g\u00fcltigen Reisepass.<\/li>\n<\/ul>\n<p>La <strong>F\u00fchrerschein<\/strong> muss von Ihrem Herkunftsland ausgestellt werden und noch mindestens sechs Monate g\u00fcltig sein. Wenn Ihr F\u00fchrerschein in einer anderen Sprache als Albanisch ausgestellt ist, sollten Sie auch eine offizielle \u00dcbersetzung mitbringen.<\/p>\n<p><img loading=\"lazy\" decoding=\"async\" class=\"size-medium wp-image-1879 alignleft\" src=\"http:\/\/azeta.pro\/wp-content\/uploads\/2023\/02\/carta-verde-in-albania-300x164.jpg\" alt=\"\" width=\"300\" height=\"164\" title=\"\" srcset=\"https:\/\/azeta.pro\/wp-content\/uploads\/2023\/02\/carta-verde-in-albania-300x164.jpg 300w, https:\/\/azeta.pro\/wp-content\/uploads\/2023\/02\/carta-verde-in-albania-18x10.jpg 18w, https:\/\/azeta.pro\/wp-content\/uploads\/2023\/02\/carta-verde-in-albania.jpg 304w\" sizes=\"(max-width: 300px) 100vw, 300px\" \/><\/p>\n<p><strong>Die internationale Versicherungsbescheinigung<\/strong> ist obligatorisch f\u00fcr die Einreise nach Albanien mit Ihrem Auto. Die Bescheinigung muss von einer von der albanischen Regierung zugelassenen Versicherungsgesellschaft ausgestellt sein.<\/p>\n<p><strong>Die Gr\u00fcne Karte<\/strong> ist ein Dokument, das den Haftpflichtversicherungsschutz gegen\u00fcber Dritten garantiert. Die Bescheinigung muss von Ihrem Herkunftsland ausgestellt werden und sollte noch mindestens sechs Monate g\u00fcltig sein.<\/p>\n<p>&nbsp;<\/p>\n<h3><span class=\"ez-toc-section\" id=\"Leggi_Stradali_in_Albania\"><\/span>Stra\u00dfenverkehrsgesetze in Albanien<span class=\"ez-toc-section-end\"><\/span><\/h3>\n<p>In Albanien ist es wichtig, die \u00f6rtlichen Verkehrsregeln zu kennen. Die Stra\u00dfenverkehrsgesetze in Albanien sind denen der meisten europ\u00e4ischen L\u00e4nder \u00e4hnlich. <strong>In Albanien gilt wie in Italien der Rechtsverkehr.<\/strong><\/p>\n<p>Die zul\u00e4ssige H\u00f6chstgeschwindigkeit betr\u00e4gt innerorts 50 km\/h, auf Landstra\u00dfen 90 km\/h und auf Autobahnen 120 km\/h. Die Verwendung von Scheinwerfern bei Nacht ist Pflicht.<\/p>\n<p>Es ist illegal, mit einem abgelaufenen F\u00fchrerschein zu fahren, und die Bu\u00dfgelder f\u00fcr Verst\u00f6\u00dfe gegen die Verkehrsvorschriften k\u00f6nnen hoch sein.<\/p>\n<h3><span class=\"ez-toc-section\" id=\"Assicurazione_Auto_in_Albania\"><\/span>Autoversicherung in Albanien<span class=\"ez-toc-section-end\"><\/span><\/h3>\n<p>Wenn Sie in Albanien mit Ihrem Auto unterwegs sind, m\u00fcssen Sie eine g\u00fcltige Versicherung haben. Die Kfz-Versicherung in Albanien kann bei einer lokalen oder einer internationalen Versicherungsgesellschaft abgeschlossen werden.<\/p>\n<p>Die Autoversicherung in Albanien deckt im Allgemeinen:<\/p>\n<ul>\n<li>Krankheitskosten f\u00fcr Fahrer und Beifahrer,<\/li>\n<li>Gerichtskosten,<\/li>\n<li>die Kosten f\u00fcr die Reparatur oder den Wiederaufbau des Fahrzeugs,<\/li>\n<li>Bergungs- und Abschleppkosten.<\/li>\n<\/ul>\n<p>Die Versicherung in Albanien kann f\u00fcr eine bestimmte Anzahl von Tagen oder f\u00fcr einen l\u00e4ngeren Zeitraum abgeschlossen werden.<\/p>\n<h3><span class=\"ez-toc-section\" id=\"Spostarsi_in_Albania\"><\/span>Umzug nach Albanien<span class=\"ez-toc-section-end\"><\/span><\/h3>\n<p>In Albanien gibt es mehrere M\u00f6glichkeiten, sich fortzubewegen. Die meisten gr\u00f6\u00dferen St\u00e4dte und die wichtigsten touristischen Zentren werden von einem Busnetz bedient. Fahrkarten k\u00f6nnen an Busbahnh\u00f6fen oder in \u00f6rtlichen Reiseb\u00fcros gekauft werden.<\/p>\n<p><strong>Au\u00dferdem k\u00f6nnen Sie in Albanien ein Auto mieten<\/strong>. Es gibt zahlreiche Autovermietungen in Albanien und viele Flugh\u00e4fen bieten auch Autovermietungsdienste an.<\/p>\n<p>Wenn Sie sich f\u00fcr einen Mietwagen entscheiden, vergewissern Sie sich, dass Sie im Besitz eines g\u00fcltigen F\u00fchrerscheins und einer Kreditkarte sind.<\/p>\n<h3><span class=\"ez-toc-section\" id=\"Guida_Sicura_in_Albania\"><\/span>Sicheres Fahren in Albanien<span class=\"ez-toc-section-end\"><\/span><\/h3>\n<p>Denken Sie bei Ihrer Autoreise nach Albanien immer daran, verantwortungsvoll zu fahren und die Verkehrsregeln zu beachten. Eine sichere Fahrweise ist die beste Garantie f\u00fcr einen sicheren und unfallfreien Urlaub.<\/p>\n<p>Achten Sie darauf, dass Sie nicht unter dem Einfluss von Alkohol oder Drogen fahren. Legen Sie au\u00dferdem immer den Sicherheitsgurt an. Vergessen Sie nicht, sich an die Geschwindigkeitsbegrenzung zu halten und die Verkehrsregeln zu befolgen.<\/p>\n<p>Achten Sie au\u00dferdem darauf, dass Sie immer eine Kopie Ihrer Dokumente bei sich haben. Dazu geh\u00f6ren Ihr F\u00fchrerschein, Ihre Versicherungsbescheinigung und Ihr Personalausweis.<\/p>\n<h3><span class=\"ez-toc-section\" id=\"Conclusione\"><\/span>Schlussfolgerung<span class=\"ez-toc-section-end\"><\/span><\/h3>\n<p><strong>Reisen mit dem Auto in Albanien<\/strong> kann ein aufregendes und unvergessliches Erlebnis sein. Vergewissern Sie sich vor einer Reise nach Albanien, dass Sie alle erforderlichen Dokumente haben, die \u00f6rtlichen Stra\u00dfenverkehrsvorschriften kennen und eine g\u00fcltige Kfz-Versicherung besitzen. Achten Sie au\u00dferdem auf eine verantwortungsvolle Fahrweise und halten Sie sich stets an die Verkehrsregeln. Wenn Sie diese einfachen Tipps befolgen, k\u00f6nnen Sie sicherstellen, dass Sie einen sicheren und unvergesslichen Urlaub in Albanien verbringen.<\/p>\n\n\n<h3 class=\"wp-block-heading has-text-align-center\" id=\"block-f640ab86-1dd9-47fc-9bbf-2bf15609f5d0\"><span class=\"ez-toc-section\" id=\"Che_cosa_volete_fare_ora\"><\/span>Was wollen Sie jetzt tun?<span class=\"ez-toc-section-end\"><\/span><\/h3>\n\n\n\n<p id=\"block-ed3000bd-d577-4ac4-8863-93b5cb587a3e\"><strong>Sind Sie auf der Suche nach Investitions- und Wachstumsm\u00f6glichkeiten? Jetzt, wo Italiens Wirtschaft zu k\u00e4mpfen hat, ist es an der Zeit, neue M\u00e4rkte zu erschlie\u00dfen. Entdecken Sie die Vorteile einer Gesch\u00e4ftst\u00e4tigkeit in Albanien: niedrigere Steuern, geringere Energiekosten und ein wirtschaftsfreundliches Umfeld. F\u00fcllen Sie das untenstehende Formular aus, und einer unserer Berater wird sich innerhalb von 24 Stunden mit Ihnen in Verbindung setzen, um mit Ihnen zu besprechen, wie wir Ihnen helfen k\u00f6nnen, Ihr Gesch\u00e4ft international zu erweitern. Verpassen Sie nicht diese Gelegenheit, Ihre gesch\u00e4ftliche Zukunft zu ver\u00e4ndern!<\/strong><\/p>\n\n\n\n<div class=\"wp-block-contact-form-7-contact-form-selector\">\n<div class=\"wpcf7 no-js\" id=\"wpcf7-f6-o1\" lang=\"en-US\" dir=\"ltr\">\n<div class=\"screen-reader-response\"><p role=\"status\" aria-live=\"polite\" aria-atomic=\"true\"><\/p> <ul><\/ul><\/div>\n<form action=\"\/de\/wp-json\/wp\/v2\/pages\/1832#wpcf7-f6-o1\" method=\"post\" class=\"wpcf7-form init\" aria-label=\"Kontakt-Formular\" novalidate=\"novalidate\" data-status=\"init\" data-trp-original-action=\"\/de\/wp-json\/wp\/v2\/pages\/1832#wpcf7-f6-o1\">\n<div style=\"display: none;\">\n<input type=\"hidden\" name=\"_wpcf7\" value=\"6\" \/>\n<input type=\"hidden\" name=\"_wpcf7_version\" value=\"5.9.8\" \/>\n<input type=\"hidden\" name=\"_wpcf7_locale\" value=\"en_US\" \/>\n<input type=\"hidden\" name=\"_wpcf7_unit_tag\" value=\"wpcf7-f6-o1\" \/>\n<input type=\"hidden\" name=\"_wpcf7_container_post\" value=\"0\" \/>\n<input type=\"hidden\" name=\"_wpcf7_posted_data_hash\" value=\"\" \/>\n<input type=\"hidden\" name=\"_wpcf7_recaptcha_response\" value=\"\" \/>\n<\/div>\n<p><label> Ihr Vor- und Nachname<br \/>\n<span class=\"wpcf7-form-control-wrap\" data-name=\"your-name\"><input size=\"40\" maxlength=\"400\" class=\"wpcf7-form-control wpcf7-text wpcf7-validates-as-required\" aria-required=\"true\" aria-invalid=\"false\" value=\"\" type=\"text\" name=\"your-name\" \/><\/span> <\/label>\n<\/p>\n<p><label> Ihre E-Mail<br \/>\n<span class=\"wpcf7-form-control-wrap\" data-name=\"your-email\"><input size=\"40\" maxlength=\"400\" class=\"wpcf7-form-control wpcf7-email wpcf7-validates-as-required wpcf7-text wpcf7-validates-as-email\" aria-required=\"true\" aria-invalid=\"false\" value=\"\" type=\"email\" name=\"your-email\" \/><\/span> <\/label>\n<\/p>\n<p><label> Telefon<br \/>\n<span class=\"wpcf7-form-control-wrap\" data-name=\"tel-141\"><input size=\"40\" maxlength=\"400\" class=\"wpcf7-form-control wpcf7-tel wpcf7-validates-as-required wpcf7-text wpcf7-validates-as-tel\" aria-required=\"true\" aria-invalid=\"false\" value=\"\" type=\"tel\" name=\"tel-141\" \/><\/span> <\/label>\n<\/p>\n<p><label> Website (fakultativ)<br \/>\n<span class=\"wpcf7-form-control-wrap\" data-name=\"url-328\"><input size=\"40\" maxlength=\"400\" class=\"wpcf7-form-control wpcf7-url wpcf7-text wpcf7-validates-as-url\" aria-invalid=\"false\" value=\"\" type=\"url\" name=\"url-328\" \/><\/span> <\/label>\n<\/p>\n<p><label> Gegenstand Ihrer Anfrage<br \/>\n<span class=\"wpcf7-form-control-wrap\" data-name=\"your-subject\"><input size=\"40\" maxlength=\"400\" class=\"wpcf7-form-control wpcf7-text wpcf7-validates-as-required\" aria-required=\"true\" aria-invalid=\"false\" value=\"\" type=\"text\" name=\"your-subject\" \/><\/span> <\/label>\n<\/p>\n<p><label> Interesse w\u00e4hlen<br \/>\n<span class=\"wpcf7-form-control-wrap\" data-name=\"menu-739\"><select class=\"wpcf7-form-control wpcf7-select wpcf7-validates-as-required\" aria-required=\"true\" aria-invalid=\"false\" multiple=\"multiple\" name=\"menu-739[]\"><option value=\"Costituzione societ\u00e0 Dubai\">Dubai Unternehmensverfassung<\/option><option value=\"Richiesta residenza Dubai\">Wohnsitz in Dubai erforderlich<\/option><option value=\"Costituzione societ\u00e0 Albania\">Unternehmensverfassung Albanien<\/option><option value=\"Apertura Partita IVA professionista\">Er\u00f6ffnung einer professionellen MwSt-Nummer<\/option><option value=\"Consulenza Aziendale\">Unternehmensberatung<\/option><option value=\"Apertura conto per non residenti\">Kontoer\u00f6ffnung f\u00fcr Nicht-Residenten<\/option><option value=\"Ricerca Finanziamenti per progetto\">Projektfinanzierungssuche<\/option><option value=\"Ricerca Finanziamento Europa\">Suche nach Finanzierungsm\u00f6glichkeiten in Europa<\/option><option value=\"Internazionalizzazione d&#039;Impresa\">Internationalisierung des Gesch\u00e4fts<\/option><option value=\"Investimento immobiliare\">Immobilieninvestitionen<\/option><option value=\"Investimento di Portafoglio\">Portfolio-Investitionen<\/option><option value=\"VISA Permesso di soggiorno\">VISA Aufenthaltserlaubnis<\/option><option value=\"Richiesta cittadinanza Albanese\">Bewerbung um die albanische Staatsb\u00fcrgerschaft<\/option><option value=\"Altro...\">Mehr...<\/option><\/select><\/span><\/label>\n<\/p>\n<p><label> Ihre Nachricht<br \/>\n<span class=\"wpcf7-form-control-wrap\" data-name=\"your-message\"><textarea cols=\"40\" rows=\"10\" maxlength=\"2000\" class=\"wpcf7-form-control wpcf7-textarea\" aria-invalid=\"false\" name=\"your-message\"><\/textarea><\/span> <\/label>\n<\/p>\n<p><label>GDPR-Datenschutz und Zustimmung zu Cookies (erforderlich)<br \/>\n<span class=\"wpcf7-form-control-wrap\" data-name=\"acceptance-52\"><span class=\"wpcf7-form-control wpcf7-acceptance\"><span class=\"wpcf7-list-item\"><label><input type=\"checkbox\" name=\"acceptance-52\" value=\"1\" checked=\"checked\" aria-invalid=\"false\" \/><span class=\"wpcf7-list-item-label\">Ich gebe meine Zustimmung<\/span><\/label><\/span><\/span><\/span> Ich stimme der Verarbeitung meiner Daten f\u00fcr die Zwecke ihrer Behandlung zu und best\u00e4tige, dass ich die Datenschutzbestimmungen der Website gelesen habe.<br \/>\n<\/label>\n<\/p>\n<p><input class=\"wpcf7-form-control wpcf7-submit has-spinner\" type=\"submit\" value=\"Senden Sie\" \/>\n<\/p><div class=\"wpcf7-response-output\" aria-hidden=\"true\"><\/div>\n<input type=\"hidden\" name=\"trp-form-language\" value=\"de\"\/><\/form>\n<\/div>\n<\/div>","protected":false},"excerpt":{"rendered":"<p>Albanien ist ein Land, das reich an Geschichte und Kultur ist und eine Vielzahl von touristischen Zielen und atemberaubenden Landschaften bietet. Wenn Sie eine Reise nach Albanien planen, ist eine M\u00f6glichkeit, dorthin zu gelangen, das Auto. Einige Aspekte, die Sie vor einer Reise nach Albanien beachten sollten, sind die \u00f6rtlichen Stra\u00dfenverkehrsvorschriften, die Versicherung ... <a title=\"Anreise mit dem Auto in Albanien: Alles, was Sie wissen m\u00fcssen\" class=\"read-more\" href=\"https:\/\/azeta.pro\/de\/arrivare-in-macchina-in-albania-tutto-quello-che-devi-sapere\/\" aria-label=\"Mehr zu Anreise nach Albanien mit dem Auto: Alles, was Sie wissen m\u00fcssen\">Weiterlesen ...<\/a><\/p>","protected":false},"author":1,"featured_media":1881,"parent":0,"menu_order":0,"comment_status":"closed","ping_status":"closed","template":"","meta":{"iawp_total_views":33,"footnotes":""},"_links":{"self":[{"href":"https:\/\/azeta.pro\/de\/wp-json\/wp\/v2\/pages\/1832"}],"collection":[{"href":"https:\/\/azeta.pro\/de\/wp-json\/wp\/v2\/pages"}],"about":[{"href":"https:\/\/azeta.pro\/de\/wp-json\/wp\/v2\/types\/page"}],"author":[{"embeddable":true,"href":"https:\/\/azeta.pro\/de\/wp-json\/wp\/v2\/users\/1"}],"replies":[{"embeddable":true,"href":"https:\/\/azeta.pro\/de\/wp-json\/wp\/v2\/comments?post=1832"}],"version-history":[{"count":2,"href":"https:\/\/azeta.pro\/de\/wp-json\/wp\/v2\/pages\/1832\/revisions"}],"predecessor-version":[{"id":2288,"href":"https:\/\/azeta.pro\/de\/wp-json\/wp\/v2\/pages\/1832\/revisions\/2288"}],"wp:featuredmedia":[{"embeddable":true,"href":"https:\/\/azeta.pro\/de\/wp-json\/wp\/v2\/media\/1881"}],"wp:attachment":[{"href":"https:\/\/azeta.pro\/de\/wp-json\/wp\/v2\/media?parent=1832"}],"curies":[{"name":"wp","href":"https:\/\/api.w.org\/{rel}","templated":true}]}}