{"id":1797,"date":"2022-12-23T11:36:41","date_gmt":"2022-12-23T11:36:41","guid":{"rendered":"https:\/\/azeta.pro\/?page_id=1797"},"modified":"2022-12-23T11:36:43","modified_gmt":"2022-12-23T11:36:43","slug":"phd-domenico-fernando-antonucci","status":"publish","type":"page","link":"https:\/\/azeta.pro\/de\/phd-domenico-fernando-antonucci\/","title":{"rendered":"Dr. Domenico Fernando Antonucci"},"content":{"rendered":"<p><strong>Ing. Domenico Fernando Antonucci<\/strong>\u00a0<strong>Ph. D.<\/strong>\u00a0ist ein Fachmann auf dem Gebiet des Maschinenbaus, der in den Bereichen Konstruktion, akademische Arbeit und <strong>Berufsausbildung.<\/strong><\/p>\n\n\n<div class=\"wp-block-image\">\n<figure class=\"alignleft size-full\"><img loading=\"lazy\" decoding=\"async\" width=\"521\" height=\"378\" src=\"http:\/\/azeta.pro\/wp-content\/uploads\/2022\/12\/PhD-Domenico-Fernando-Antonucci-azeta.jpg\" alt=\"PhD-Domenico-Fernando-Antonucci azeta\" class=\"wp-image-1798\" title=\"\" srcset=\"https:\/\/azeta.pro\/wp-content\/uploads\/2022\/12\/PhD-Domenico-Fernando-Antonucci-azeta.jpg 521w, https:\/\/azeta.pro\/wp-content\/uploads\/2022\/12\/PhD-Domenico-Fernando-Antonucci-azeta-300x218.jpg 300w, https:\/\/azeta.pro\/wp-content\/uploads\/2022\/12\/PhD-Domenico-Fernando-Antonucci-azeta-18x12.jpg 18w\" sizes=\"(max-width: 521px) 100vw, 521px\" \/><\/figure><\/div>\n\n\n<p><strong>Der emeritierte Professor Domenico Fernando Antonucci glaubt, dass produktive T\u00e4tigkeiten<\/strong>von der Idee bis zur Verwendung des Produkts, beim Schutz der Gesundheit und des Planeten, bei der Befriedigung von Bed\u00fcrfnissen und bei der Entwicklung, ist eine der Ma\u00dfnahmen, die anregen, entwickeln und verbessern <strong>sind eines der wichtigsten Merkmale des menschlichen Erfindungsreichtums und der Kreativit\u00e4t.<\/strong><\/p>\n\n\n\n<p><strong>Er hat einen Abschluss in Maschinenbau und einen Doktortitel in Wirtschaftsingenieurwesen von der Universit\u00e4t Padua.<\/strong><\/p>\n\n\n\n<p>Zus\u00e4tzlich zu seiner landesweiten T\u00e4tigkeit wurde er eingeladen, Kurse zu halten bei<strong>\u00a0<a rel=\"noreferrer noopener nofollow\" href=\"https:\/\/enstp.cm\/en\/accueil\/\" target=\"_blank\">die Ecole Nationale Sup\u00e9rieure des Travaux Public in Yaound\u00e9<\/a>,\u00a0<\/strong>in der grundst\u00e4ndigen Ingenieurausbildung und in der postgradualen Masterausbildung.<\/p>\n\n\n\n<p>Er arbeitet mit Organisationen zusammen, die sich der internationalen Zusammenarbeit widmen, sowie mit Unternehmen, die an den Wegen der Industrie 4.0 in Osteuropa und Zentralafrika interessiert sind. Er arbeitet als Berater f\u00fcr viele italienische und ausl\u00e4ndische Ingenieurb\u00fcros<\/p>\n\n\n\n<p><strong>Er ist der Autor von technischen Notizb\u00fcchern f\u00fcr Energie:<\/strong><\/p>\n\n\n\n<p>(a) Der Energiebedarf des Geb\u00e4udes.<br>b) Energieeffizienz aller Arten von Geb\u00e4uden im \u00f6ffentlichen, terti\u00e4ren und industriellen Sektor.<br>\u00f6ffentlichen, terti\u00e4ren und industriellen Sektoren.<br>c) Geb\u00e4udetechnische Anlagen und Ermittlung der End- und Prim\u00e4renergie.<br>(d) Messwesen und Instrumente.<br>(e) K\u00e4ltetechnik.<br>f) Industrieklima und Klimatisierung.<br>g) Solarenergie f\u00fcr die Elektrifizierung.<br>(h) Solarenergie f\u00fcr Heizungs- und Klimaanlagen.<br>(i) Maschinen und Ger\u00e4te f\u00fcr Energiesysteme.<br>Kraft-W\u00e4rme-Kopplung.<\/p>\n\n\n\n<p><br><strong>Er ist Autor von Fachartikeln zum Thema Energie:<\/strong><\/p>\n\n\n\n<p>(a) Der Energiebedarf des Geb\u00e4udes.<br>b) Energieeffizienz von Geb\u00e4uden aller Art, \u00f6ffentlichen, terti\u00e4ren und<br>Industriezweige.<br>c) Geb\u00e4udetechnische Anlagen und Ermittlung des Endwertes und des Marktwertes.<br>Prim\u00e4renergie.<br>(d) Messwesen und Instrumente.<br>(e) K\u00e4ltetechnik.<br>f) Industrieklima und Klimatisierung.<br>g) Solarenergie f\u00fcr die Elektrifizierung.<br>(h) Solarenergie f\u00fcr Heizungs- und Klimaanlagen.<br>(i) Maschinen und Anlagen f\u00fcr Energiesysteme. Kraft-W\u00e4rme-Kopplung.<\/p>\n\n\n\n<p><\/p>","protected":false},"excerpt":{"rendered":"<p>L\u2019Ing.Domenico Fernando Antonucci\u00a0Ph. D.\u00a0\u00e8 un professionista nel settore dell\u2019ingegneria meccanica che opera nell\u2019ambito della progettazione ingegneristica, dell\u2019attivit\u00e0 accademica e di formazione professionale. Il professore emerito Domenico Fernando Antonucci crede che le attivit\u00e0 produttive, dall\u2019idea all\u2019utilizzo del prodotto, nella salvaguardia della salute e del pianeta, per il soddisfacimento delle esigenze e lo sviluppo, sia una delle \u2026 <a title=\"Dr. Domenico Fernando Antonucci\" class=\"read-more\" href=\"https:\/\/azeta.pro\/de\/phd-domenico-fernando-antonucci\/\" aria-label=\"Mehr zu PhD  Domenico Fernando Antonucci\">Weiterlesen ...<\/a><\/p>","protected":false},"author":1,"featured_media":0,"parent":0,"menu_order":0,"comment_status":"closed","ping_status":"closed","template":"","meta":{"iawp_total_views":6,"footnotes":""},"_links":{"self":[{"href":"https:\/\/azeta.pro\/de\/wp-json\/wp\/v2\/pages\/1797"}],"collection":[{"href":"https:\/\/azeta.pro\/de\/wp-json\/wp\/v2\/pages"}],"about":[{"href":"https:\/\/azeta.pro\/de\/wp-json\/wp\/v2\/types\/page"}],"author":[{"embeddable":true,"href":"https:\/\/azeta.pro\/de\/wp-json\/wp\/v2\/users\/1"}],"replies":[{"embeddable":true,"href":"https:\/\/azeta.pro\/de\/wp-json\/wp\/v2\/comments?post=1797"}],"version-history":[{"count":0,"href":"https:\/\/azeta.pro\/de\/wp-json\/wp\/v2\/pages\/1797\/revisions"}],"wp:attachment":[{"href":"https:\/\/azeta.pro\/de\/wp-json\/wp\/v2\/media?parent=1797"}],"curies":[{"name":"wp","href":"https:\/\/api.w.org\/{rel}","templated":true}]}}