{"id":1768,"date":"2022-12-13T15:49:18","date_gmt":"2022-12-13T15:49:18","guid":{"rendered":"https:\/\/azeta.pro\/?page_id=1768"},"modified":"2022-12-27T18:22:23","modified_gmt":"2022-12-27T18:22:23","slug":"dr-roberto-damato","status":"publish","type":"page","link":"https:\/\/azeta.pro\/de\/dr-roberto-damato\/","title":{"rendered":"Dr. Roberto d'Amato"},"content":{"rendered":"<p><\/p>\n\n\n\n<p><strong>Als internationaler Anwalt ist er vor allem in den Bereichen internationale Abkommen und Beziehungen, Vertragsrecht und Unternehmensgr\u00fcndungen t\u00e4tig.<\/strong><\/p>\n\n\n\n<p id=\"block-1f9f136a-c01a-48b1-a21b-9ce4a01a3d9f\"><strong>Titel und Diplome<\/strong><\/p>\n\n\n\n<ul id=\"block-0a8a4ab9-7082-4a08-a023-376423eb573f\">\n<li><strong>Master-Abschluss in Rechtswissenschaften von <\/strong><a href=\"https:\/\/www2.uniecampus.it\/info_uniecampus_universita.asp\" rel=\"nofollow noopener\" target=\"_blank\"><strong> die Ecampus Hochschule f\u00fcr Studien<\/strong>.<\/a><\/li>\n\n\n\n<li><strong>Abschluss in Politikwissenschaft und Sozial\u00f6konomie an der Schweizer Universit\u00e4t Leonardo da Vinci.<\/strong> <strong>Besoldungsgruppe 110\/110<\/strong><\/li>\n\n\n\n<li><strong>Bachelor-Abschluss in Geschichtswissenschaften, ebenfalls von der Schweizer Universit\u00e4t Leonardo da Vinci. Bewertet 110\/110<\/strong><\/li>\n\n\n\n<li><strong>Diplomierter Buchhalter und Handelsfachwirt<\/strong>erworben am Technischen Handelsinstitut <strong>&#8216;<a href=\"https:\/\/ginnasio-carli.si\/\" rel=\"nofollow noopener\" target=\"_blank\">Gian Rinaldo Carli<\/a>&#8216;<\/strong> von Triest.<\/li>\n<\/ul>\n\n\n\n<div style=\"height:30px\" aria-hidden=\"true\" class=\"wp-block-spacer\"><\/div>\n\n\n<div class=\"wp-block-image\">\n<figure class=\"aligncenter size-full\"><img loading=\"lazy\" decoding=\"async\" width=\"816\" height=\"185\" src=\"https:\/\/azeta.pro\/wp-content\/uploads\/2022\/12\/universita-leonardo-davinci-svizzera-internazionale.jpeg\" alt=\"\" class=\"wp-image-1772\" title=\"\" srcset=\"https:\/\/azeta.pro\/wp-content\/uploads\/2022\/12\/universita-leonardo-davinci-svizzera-internazionale.jpeg 816w, https:\/\/azeta.pro\/wp-content\/uploads\/2022\/12\/universita-leonardo-davinci-svizzera-internazionale-300x68.jpeg 300w, https:\/\/azeta.pro\/wp-content\/uploads\/2022\/12\/universita-leonardo-davinci-svizzera-internazionale-768x174.jpeg 768w, https:\/\/azeta.pro\/wp-content\/uploads\/2022\/12\/universita-leonardo-davinci-svizzera-internazionale-18x4.jpeg 18w\" sizes=\"(max-width: 816px) 100vw, 816px\" \/><\/figure><\/div>\n\n\n<div style=\"height:30px\" aria-hidden=\"true\" class=\"wp-block-spacer\"><\/div>\n\n\n\n<p><strong>Dar\u00fcber hinaus:<\/strong><\/p>\n\n\n\n<ul id=\"block-0a8a4ab9-7082-4a08-a023-376423eb573f\">\n<li>Er besuchte die Universit\u00e4t von Bologna, die \u00e4lteste und sch\u00f6nste Universit\u00e4t der Welt, die Alma Mater, die auf das Jahr 1000 zur\u00fcckgeht, mit der juristischen Fakult\u00e4t von Irnerio.<\/li>\n\n\n\n<li>Sie hat als Dozenten gehabt<strong> Privatrecht<\/strong>Professor Emeritus <a href=\"https:\/\/it.wikipedia.org\/wiki\/Francesco_Galgano\" rel=\"nofollow noopener\" target=\"_blank\"><strong>Francesco Galgano<\/strong><\/a>der B\u00fccher und Rechtstexte f\u00fcr Tausende von UNIVERSIT\u00c4TSsch\u00fclern geschrieben hat, schuf das peruanische Privatrecht. Seit Jahren ist Dr. Francesco Galgano einer der <strong>Agnellis Top-Anw\u00e4lte.<\/strong><\/li>\n\n\n\n<li>Er wurde auch von dem englischen Professor f\u00fcr Zivilrecht Ugo Ruffolo unterrichtet, dem Rechtsberater der Kolumne mi manda Lubrano von Rai 3.<\/li>\n\n\n\n<li>Er wurde unterrichtet von <strong>Verwaltungsrecht<\/strong> der ehemalige Rektor der Universit\u00e4t von Bologna <strong>Roversi Monaco<\/strong>.<\/li>\n<\/ul>\n\n\n\n<p><strong>Ver\u00f6ffentlichungen<\/strong><\/p>\n\n\n\n<ul>\n<li>Er hat zehn B\u00fccher \u00fcber Geschichte und zwei \u00fcber Wirtschaft ver\u00f6ffentlicht.<\/li>\n<\/ul>\n\n\n\n<p><\/p>\n\n\n\n<p><strong>Sprachkenntnisse<\/strong><\/p>\n\n\n\n<ul id=\"block-2a08da81-a11c-49c8-99d0-553d8cbea695\">\n<li>Gutes Englisch<\/li>\n\n\n\n<li>Schulspanisch<\/li>\n\n\n\n<li>Franz\u00f6sisch Gut<\/li>\n<\/ul>\n\n\n\n<div style=\"height:100px\" aria-hidden=\"true\" class=\"wp-block-spacer\"><\/div>\n\n\n\n<h3 class=\"has-text-align-center wp-block-heading\" id=\"block-f640ab86-1dd9-47fc-9bbf-2bf15609f5d0\">Was wollen Sie jetzt tun?<\/h3>\n\n\n\n<p id=\"block-ed3000bd-d577-4ac4-8863-93b5cb587a3e\"><strong>Wollen Sie in Europa bleiben und verhungern, w\u00e4hrend eine Rezession vor der T\u00fcr steht, die Inflation galoppiert, die Gas- und Stromkosten immer h\u00f6her werden und die Rohstoffe knapp werden, oder<\/strong> <strong>M\u00f6chten Sie mit uns in Kontakt treten, um Ihre Gesch\u00e4ftsm\u00f6glichkeiten in Albanien auszubauen? <\/strong><\/p>\n\n\n\n<p id=\"block-ed3000bd-d577-4ac4-8863-93b5cb587a3e\"><strong>Wenn Sie mehr wissen m\u00f6chten, f\u00fcllen Sie bitte das nachstehende Formular aus. Einer unserer Berater wird sich innerhalb von 24 Stunden mit Ihnen in Verbindung setzen.<\/strong><\/p>\n\n\n\n<div class=\"wp-block-contact-form-7-contact-form-selector\">\n<div class=\"wpcf7 no-js\" id=\"wpcf7-f6-o1\" lang=\"en-US\" dir=\"ltr\">\n<div class=\"screen-reader-response\"><p role=\"status\" aria-live=\"polite\" aria-atomic=\"true\"><\/p> <ul><\/ul><\/div>\n<form action=\"\/de\/wp-json\/wp\/v2\/pages\/1768#wpcf7-f6-o1\" method=\"post\" class=\"wpcf7-form init\" aria-label=\"Kontakt-Formular\" novalidate=\"novalidate\" data-status=\"init\" data-trp-original-action=\"\/de\/wp-json\/wp\/v2\/pages\/1768#wpcf7-f6-o1\">\n<div style=\"display: none;\">\n<input type=\"hidden\" name=\"_wpcf7\" value=\"6\" \/>\n<input type=\"hidden\" name=\"_wpcf7_version\" value=\"5.9.8\" \/>\n<input type=\"hidden\" name=\"_wpcf7_locale\" value=\"en_US\" \/>\n<input type=\"hidden\" name=\"_wpcf7_unit_tag\" value=\"wpcf7-f6-o1\" \/>\n<input type=\"hidden\" name=\"_wpcf7_container_post\" value=\"0\" \/>\n<input type=\"hidden\" name=\"_wpcf7_posted_data_hash\" value=\"\" \/>\n<input type=\"hidden\" name=\"_wpcf7_recaptcha_response\" value=\"\" \/>\n<\/div>\n<p><label> Ihr Vor- und Nachname<br \/>\n<span class=\"wpcf7-form-control-wrap\" data-name=\"your-name\"><input size=\"40\" maxlength=\"400\" class=\"wpcf7-form-control wpcf7-text wpcf7-validates-as-required\" aria-required=\"true\" aria-invalid=\"false\" value=\"\" type=\"text\" name=\"your-name\" \/><\/span> <\/label>\n<\/p>\n<p><label> Ihre E-Mail<br \/>\n<span class=\"wpcf7-form-control-wrap\" data-name=\"your-email\"><input size=\"40\" maxlength=\"400\" class=\"wpcf7-form-control wpcf7-email wpcf7-validates-as-required wpcf7-text wpcf7-validates-as-email\" aria-required=\"true\" aria-invalid=\"false\" value=\"\" type=\"email\" name=\"your-email\" \/><\/span> <\/label>\n<\/p>\n<p><label> Telefon<br \/>\n<span class=\"wpcf7-form-control-wrap\" data-name=\"tel-141\"><input size=\"40\" maxlength=\"400\" class=\"wpcf7-form-control wpcf7-tel wpcf7-validates-as-required wpcf7-text wpcf7-validates-as-tel\" aria-required=\"true\" aria-invalid=\"false\" value=\"\" type=\"tel\" name=\"tel-141\" \/><\/span> <\/label>\n<\/p>\n<p><label> Website (fakultativ)<br \/>\n<span class=\"wpcf7-form-control-wrap\" data-name=\"url-328\"><input size=\"40\" maxlength=\"400\" class=\"wpcf7-form-control wpcf7-url wpcf7-text wpcf7-validates-as-url\" aria-invalid=\"false\" value=\"\" type=\"url\" name=\"url-328\" \/><\/span> <\/label>\n<\/p>\n<p><label> Gegenstand Ihrer Anfrage<br \/>\n<span class=\"wpcf7-form-control-wrap\" data-name=\"your-subject\"><input size=\"40\" maxlength=\"400\" class=\"wpcf7-form-control wpcf7-text wpcf7-validates-as-required\" aria-required=\"true\" aria-invalid=\"false\" value=\"\" type=\"text\" name=\"your-subject\" \/><\/span> <\/label>\n<\/p>\n<p><label> Interesse w\u00e4hlen<br \/>\n<span class=\"wpcf7-form-control-wrap\" data-name=\"menu-739\"><select class=\"wpcf7-form-control wpcf7-select wpcf7-validates-as-required\" aria-required=\"true\" aria-invalid=\"false\" multiple=\"multiple\" name=\"menu-739[]\"><option value=\"Costituzione societ\u00e0 Dubai\">Dubai Unternehmensverfassung<\/option><option value=\"Richiesta residenza Dubai\">Wohnsitz in Dubai erforderlich<\/option><option value=\"Costituzione societ\u00e0 Albania\">Unternehmensverfassung Albanien<\/option><option value=\"Apertura Partita IVA professionista\">Er\u00f6ffnung einer professionellen MwSt-Nummer<\/option><option value=\"Consulenza Aziendale\">Unternehmensberatung<\/option><option value=\"Apertura conto per non residenti\">Kontoer\u00f6ffnung f\u00fcr Nicht-Residenten<\/option><option value=\"Ricerca Finanziamenti per progetto\">Projektfinanzierungssuche<\/option><option value=\"Ricerca Finanziamento Europa\">Suche nach Finanzierungsm\u00f6glichkeiten in Europa<\/option><option value=\"Internazionalizzazione d&#039;Impresa\">Internationalisierung des Gesch\u00e4fts<\/option><option value=\"Investimento immobiliare\">Immobilieninvestitionen<\/option><option value=\"Investimento di Portafoglio\">Portfolio-Investitionen<\/option><option value=\"VISA Permesso di soggiorno\">VISA Aufenthaltserlaubnis<\/option><option value=\"Richiesta cittadinanza Albanese\">Bewerbung um die albanische Staatsb\u00fcrgerschaft<\/option><option value=\"Altro...\">Mehr...<\/option><\/select><\/span><\/label>\n<\/p>\n<p><label> Ihre Nachricht<br \/>\n<span class=\"wpcf7-form-control-wrap\" data-name=\"your-message\"><textarea cols=\"40\" rows=\"10\" maxlength=\"2000\" class=\"wpcf7-form-control wpcf7-textarea\" aria-invalid=\"false\" name=\"your-message\"><\/textarea><\/span> <\/label>\n<\/p>\n<p><label>GDPR-Datenschutz und Zustimmung zu Cookies (erforderlich)<br \/>\n<span class=\"wpcf7-form-control-wrap\" data-name=\"acceptance-52\"><span class=\"wpcf7-form-control wpcf7-acceptance\"><span class=\"wpcf7-list-item\"><label><input type=\"checkbox\" name=\"acceptance-52\" value=\"1\" checked=\"checked\" aria-invalid=\"false\" \/><span class=\"wpcf7-list-item-label\">Ich gebe meine Zustimmung<\/span><\/label><\/span><\/span><\/span> Ich stimme der Verarbeitung meiner Daten f\u00fcr die Zwecke ihrer Behandlung zu und best\u00e4tige, dass ich die Datenschutzbestimmungen der Website gelesen habe.<br \/>\n<\/label>\n<\/p>\n<p><input class=\"wpcf7-form-control wpcf7-submit has-spinner\" type=\"submit\" value=\"Senden Sie\" \/>\n<\/p><div class=\"wpcf7-response-output\" aria-hidden=\"true\"><\/div>\n<input type=\"hidden\" name=\"trp-form-language\" value=\"de\"\/><\/form>\n<\/div>\n<\/div>","protected":false},"excerpt":{"rendered":"<p>Internationaler Anwalt, in der Kanzlei besch\u00e4ftigt er sich mit internationalen Abkommen und Beziehungen, Vertragsrecht und Unternehmensgr\u00fcndungen. Titel und Diplome Au\u00dferdem: Ver\u00f6ffentlichungen Spracherfahrung Was wollen Sie jetzt tun? Wollen Sie in Europa bleiben und hungern, w\u00e4hrend die Rezession vor der T\u00fcr steht, die Inflation galoppiert, die Gas- und Stromkosten immer h\u00f6her werden und es an ... <a title=\"Dr. Roberto d&#039;Amato\" class=\"read-more\" href=\"https:\/\/azeta.pro\/de\/dr-roberto-damato\/\" aria-label=\"Mehr zu Dr. Roberto d&#039;Amato\">Weiterlesen ...<\/a><\/p>","protected":false},"author":1,"featured_media":0,"parent":0,"menu_order":0,"comment_status":"closed","ping_status":"closed","template":"","meta":{"iawp_total_views":9,"footnotes":""},"_links":{"self":[{"href":"https:\/\/azeta.pro\/de\/wp-json\/wp\/v2\/pages\/1768"}],"collection":[{"href":"https:\/\/azeta.pro\/de\/wp-json\/wp\/v2\/pages"}],"about":[{"href":"https:\/\/azeta.pro\/de\/wp-json\/wp\/v2\/types\/page"}],"author":[{"embeddable":true,"href":"https:\/\/azeta.pro\/de\/wp-json\/wp\/v2\/users\/1"}],"replies":[{"embeddable":true,"href":"https:\/\/azeta.pro\/de\/wp-json\/wp\/v2\/comments?post=1768"}],"version-history":[{"count":0,"href":"https:\/\/azeta.pro\/de\/wp-json\/wp\/v2\/pages\/1768\/revisions"}],"wp:attachment":[{"href":"https:\/\/azeta.pro\/de\/wp-json\/wp\/v2\/media?parent=1768"}],"curies":[{"name":"wp","href":"https:\/\/api.w.org\/{rel}","templated":true}]}}