{"id":1641,"date":"2022-12-05T08:38:59","date_gmt":"2022-12-05T08:38:59","guid":{"rendered":"https:\/\/azeta.pro\/?page_id=1641"},"modified":"2024-06-11T08:30:34","modified_gmt":"2024-06-11T08:30:34","slug":"dr-enrico-monaci","status":"publish","type":"page","link":"https:\/\/azeta.pro\/de\/dr-enrico-monaci\/","title":{"rendered":"Dr. Enrico Monaci"},"content":{"rendered":"<p>&nbsp;<\/p>\n\n\n<div class=\"wp-block-image\">\n<figure class=\"aligncenter size-full\"><img loading=\"lazy\" decoding=\"async\" width=\"725\" height=\"464\" src=\"http:\/\/azeta.pro\/wp-content\/uploads\/2022\/12\/Enrico-monaci-educatore-finanziario-AIEF.jpg\" alt=\"Enrico monaci educatore finanziario AIEF\" class=\"wp-image-1645\" title=\"\" srcset=\"https:\/\/azeta.pro\/wp-content\/uploads\/2022\/12\/Enrico-monaci-educatore-finanziario-AIEF.jpg 725w, https:\/\/azeta.pro\/wp-content\/uploads\/2022\/12\/Enrico-monaci-educatore-finanziario-AIEF-300x192.jpg 300w, https:\/\/azeta.pro\/wp-content\/uploads\/2022\/12\/Enrico-monaci-educatore-finanziario-AIEF-18x12.jpg 18w\" sizes=\"(max-width: 725px) 100vw, 725px\" \/><\/figure><\/div>\n\n\n<div class=\"wp-block-spacer\" style=\"height: 49px;\" aria-hidden=\"true\">\u00a0<\/div>\n\n\n\n<p id=\"block-1f9f136a-c01a-48b1-a21b-9ce4a01a3d9f\"><strong>Titel und Diplome<\/strong><\/p>\n\n\n\n<ul id=\"block-0a8a4ab9-7082-4a08-a023-376423eb573f\">\n<li>Klassischer Realschulabschluss mit Note 55\/60<\/li>\n\n\n\n<li>Hochschulabschluss in Wirtschaftswissenschaften und Handel, Note 110\/110<\/li>\n\n\n\n<li>Experte in religi\u00f6sen Fragen (14 Pr\u00fcfungen in Theologie)<\/li>\n<\/ul>\n\n\n\n<p id=\"block-fdf3b3d0-c693-4e22-a374-d032e2052829\"><strong>Sprachliche Erfahrungen<\/strong><\/p>\n\n\n\n<ul id=\"block-2a08da81-a11c-49c8-99d0-553d8cbea695\">\n<li>gutes Englisch,<\/li>\n\n\n\n<li>Nur Spanisch als technische Wirtschaftssprache,<\/li>\n\n\n\n<li>Grundlegende Hebr\u00e4ischkurse (8 Jahre) und moderne Hebr\u00e4ischkurse (1 Jahr).<\/li>\n<\/ul>\n\n\n\n<p id=\"block-50cd6b34-8012-4e3c-b3fa-e16a53a12a16\"><strong>Ausgezeichnete Leistungen:<\/strong><\/p>\n\n\n\n<ul id=\"block-9246ff24-af61-405d-9a0c-03a7d78a91c2\">\n<li>Silbermedaille f\u00fcr 25 Jahre in der <strong><a href=\"https:\/\/www.economia.unifi.it\/vp-155-associazione-villa-favard.html\" rel=\"nofollow noopener\" target=\"_blank\">Verein Villa Favard<\/a><\/strong> der Absolventen von Wirtschaftswissenschaften und Business<\/li>\n<\/ul>\n\n\n\n<p id=\"block-d286d95d-857b-46cd-ad95-cb1388299d30\"><strong>Aktivit\u00e4ten im sozialen Bereich:<\/strong><\/p>\n\n\n\n<ul id=\"block-4be4046f-7f5e-48ec-9001-da3d8268e543\">\n<li>Mitglied <strong><a href=\"https:\/\/mises.org\/\" rel=\"nofollow noopener\" target=\"_blank\">MISES<\/a><\/strong> Institute of Economic Studies in Alabama, USA, das sich an der \u00f6sterreichischen Schule der Wirtschaftswissenschaften orientiert.<\/li>\r\n<li>Bestandteil des <strong><a href=\"http:\/\/www.domenicani.it\/chi-siamo\/ordine\/giustizia-e-pace\/\" rel=\"nofollow noopener\" target=\"_blank\">Nationale Kommission f\u00fcr Gerechtigkeit und Frieden<\/a><\/strong> der Dominikanerfamilie mit Sitz an der Basilika Minerva in Rom<\/li>\n\n\n\n<li>Bestandteil des <strong><a href=\"http:\/\/www.amiroma.it\/\" rel=\"nofollow noopener\" target=\"_blank\">Mariologie-Vereinigung<\/a><\/strong> interdisziplin\u00e4r an der Fakult\u00e4t Marianum, Rom<\/li>\n\n\n\n<li>Mitglied von<strong> <a href=\"http:\/\/www.storep.org\/wp\/\" rel=\"nofollow noopener\" target=\"_blank\">Storep<\/a>,<\/strong> Vereinigung zur Vertiefung der Geschichte der politischen \u00d6konomie, aktueller Entwicklungen und Zukunftsszenarien, bestehend aus Akademikern und Wirtschaftsexperten.<\/li>\n\n\n\n<li>Netzwerk der Gr\u00fcndungsmitglieder <strong><a href=\"https:\/\/totapulchra.org\/\" rel=\"nofollow noopener\" target=\"_blank\">Tota Pulchra<\/a>;<\/strong> Ich habe beschlossen, Unternehmen bei der Verwirklichung ihrer Tr\u00e4ume zu helfen, indem ich ihre Projekte zum Erfolg f\u00fchre.<\/li>\n<\/ul>\n\n\n\n<p id=\"block-09e38b75-01e6-4792-b2d3-7d66b6ccd94d\"><strong>Fr\u00fchere Berufserfahrung:<\/strong><\/p>\n\n\n\n<ul id=\"block-13f59612-0cbc-448d-ac98-84a121112ac6\">\n<li>Lehrt\u00e4tigkeit an der Hochschule f\u00fcr Wirtschaft (Arezzo, Montepulciano) 1994<\/li>\n\n\n\n<li>Direktor bei Sammiexport Ltd. 1996\/2002<\/li>\n<\/ul>\n\n\n\n<p id=\"block-aacdc3a1-db1e-4a36-9307-f57a509d7756\"><strong>Aktuelle Berufserfahrung:<\/strong><\/p>\n\n\n\n<ul id=\"block-110785c0-bc0c-454c-bee7-b7dbabcf6ef8\">\n<li>Inhaber bei Ml rosaries today (Bereich religi\u00f6se Artikel)<\/li>\n\n\n\n<li>Verwaltungsr\u00e4tin bei Tota Pulchra network, Gr\u00fcnderin (Bereich sakrale Kunst): Qualifikation als E-Commerce- und Mail-Marketing-Managerin<\/li>\n\n\n\n<li>Inhaberin von Picalcom studio sas (Bereich sakrale Kunst): Qualifikation als E-Commerce- und Mail-Marketing-Managerin<\/li>\n\n\n\n<li><strong>Berater f\u00fcr ein internationales Netzwerk von Risikokapitalgebern (Business Angels und Investmentbanken)<\/strong><\/li>\n\n\n\n<li>Partner von Unternehmen in der Medizin-, Immobilien- und M\u00f6belbranche: zust\u00e4ndig f\u00fcr Internationalisierung und Internetmarketing.<\/li>\n\n\n\n<li>Derzeit arbeitet er mit einem <strong>multinationales Beratungsunternehmen mit fast 2000 B\u00fcros<\/strong> <strong>auf der Welt<\/strong> das k\u00fcrzlich die Auszeichnung f\u00fcr das beste Beratungsnetz der Welt erhalten hat <strong>(1200 Anleger im Portfolio mit gemeinsamer internationaler Datenbank).<\/strong><\/li>\n<\/ul>\n\n\n\n<div class=\"wp-block-spacer\" style=\"height: 100px;\" aria-hidden=\"true\">\u00a0<\/div>\n\n\n\n<h3 class=\"wp-block-heading has-text-align-center\" id=\"block-f640ab86-1dd9-47fc-9bbf-2bf15609f5d0\">Was wollen Sie jetzt tun?<\/h3>\n\n\n\n<p id=\"block-ed3000bd-d577-4ac4-8863-93b5cb587a3e\"><strong>Sind Sie auf der Suche nach Investitions- und Wachstumsm\u00f6glichkeiten? Jetzt, wo Italiens Wirtschaft zu k\u00e4mpfen hat, ist es an der Zeit, neue M\u00e4rkte zu erschlie\u00dfen. Entdecken Sie die Vorteile einer Gesch\u00e4ftst\u00e4tigkeit in Albanien: niedrigere Steuern, geringere Energiekosten und ein wirtschaftsfreundliches Umfeld. F\u00fcllen Sie das untenstehende Formular aus, und einer unserer Berater wird sich innerhalb von 24 Stunden mit Ihnen in Verbindung setzen, um mit Ihnen zu besprechen, wie wir Ihnen helfen k\u00f6nnen, Ihr Gesch\u00e4ft international zu erweitern. Verpassen Sie nicht diese Gelegenheit, Ihre gesch\u00e4ftliche Zukunft zu ver\u00e4ndern!<\/strong><\/p>\n\n\n\n<div class=\"wp-block-contact-form-7-contact-form-selector\">\n<div class=\"wpcf7 no-js\" id=\"wpcf7-f6-o1\" lang=\"en-US\" dir=\"ltr\">\n<div class=\"screen-reader-response\"><p role=\"status\" aria-live=\"polite\" aria-atomic=\"true\"><\/p> <ul><\/ul><\/div>\n<form action=\"\/de\/wp-json\/wp\/v2\/pages\/1641#wpcf7-f6-o1\" method=\"post\" class=\"wpcf7-form init\" aria-label=\"Kontakt-Formular\" novalidate=\"novalidate\" data-status=\"init\" data-trp-original-action=\"\/de\/wp-json\/wp\/v2\/pages\/1641#wpcf7-f6-o1\">\n<div style=\"display: none;\">\n<input type=\"hidden\" name=\"_wpcf7\" value=\"6\" \/>\n<input type=\"hidden\" name=\"_wpcf7_version\" value=\"5.9.8\" \/>\n<input type=\"hidden\" name=\"_wpcf7_locale\" value=\"en_US\" \/>\n<input type=\"hidden\" name=\"_wpcf7_unit_tag\" value=\"wpcf7-f6-o1\" \/>\n<input type=\"hidden\" name=\"_wpcf7_container_post\" value=\"0\" \/>\n<input type=\"hidden\" name=\"_wpcf7_posted_data_hash\" value=\"\" \/>\n<input type=\"hidden\" name=\"_wpcf7_recaptcha_response\" value=\"\" \/>\n<\/div>\n<p><label> Ihr Vor- und Nachname<br \/>\n<span class=\"wpcf7-form-control-wrap\" data-name=\"your-name\"><input size=\"40\" maxlength=\"400\" class=\"wpcf7-form-control wpcf7-text wpcf7-validates-as-required\" aria-required=\"true\" aria-invalid=\"false\" value=\"\" type=\"text\" name=\"your-name\" \/><\/span> <\/label>\n<\/p>\n<p><label> Ihre E-Mail<br \/>\n<span class=\"wpcf7-form-control-wrap\" data-name=\"your-email\"><input size=\"40\" maxlength=\"400\" class=\"wpcf7-form-control wpcf7-email wpcf7-validates-as-required wpcf7-text wpcf7-validates-as-email\" aria-required=\"true\" aria-invalid=\"false\" value=\"\" type=\"email\" name=\"your-email\" \/><\/span> <\/label>\n<\/p>\n<p><label> Telefon<br \/>\n<span class=\"wpcf7-form-control-wrap\" data-name=\"tel-141\"><input size=\"40\" maxlength=\"400\" class=\"wpcf7-form-control wpcf7-tel wpcf7-validates-as-required wpcf7-text wpcf7-validates-as-tel\" aria-required=\"true\" aria-invalid=\"false\" value=\"\" type=\"tel\" name=\"tel-141\" \/><\/span> <\/label>\n<\/p>\n<p><label> Website (fakultativ)<br \/>\n<span class=\"wpcf7-form-control-wrap\" data-name=\"url-328\"><input size=\"40\" maxlength=\"400\" class=\"wpcf7-form-control wpcf7-url wpcf7-text wpcf7-validates-as-url\" aria-invalid=\"false\" value=\"\" type=\"url\" name=\"url-328\" \/><\/span> <\/label>\n<\/p>\n<p><label> Gegenstand Ihrer Anfrage<br \/>\n<span class=\"wpcf7-form-control-wrap\" data-name=\"your-subject\"><input size=\"40\" maxlength=\"400\" class=\"wpcf7-form-control wpcf7-text wpcf7-validates-as-required\" aria-required=\"true\" aria-invalid=\"false\" value=\"\" type=\"text\" name=\"your-subject\" \/><\/span> <\/label>\n<\/p>\n<p><label> Interesse w\u00e4hlen<br \/>\n<span class=\"wpcf7-form-control-wrap\" data-name=\"menu-739\"><select class=\"wpcf7-form-control wpcf7-select wpcf7-validates-as-required\" aria-required=\"true\" aria-invalid=\"false\" multiple=\"multiple\" name=\"menu-739[]\"><option value=\"Costituzione societ\u00e0 Dubai\">Dubai Unternehmensverfassung<\/option><option value=\"Richiesta residenza Dubai\">Wohnsitz in Dubai erforderlich<\/option><option value=\"Costituzione societ\u00e0 Albania\">Unternehmensverfassung Albanien<\/option><option value=\"Apertura Partita IVA professionista\">Er\u00f6ffnung einer professionellen MwSt-Nummer<\/option><option value=\"Consulenza Aziendale\">Unternehmensberatung<\/option><option value=\"Apertura conto per non residenti\">Kontoer\u00f6ffnung f\u00fcr Nicht-Residenten<\/option><option value=\"Ricerca Finanziamenti per progetto\">Projektfinanzierungssuche<\/option><option value=\"Ricerca Finanziamento Europa\">Suche nach Finanzierungsm\u00f6glichkeiten in Europa<\/option><option value=\"Internazionalizzazione d&#039;Impresa\">Internationalisierung des Gesch\u00e4fts<\/option><option value=\"Investimento immobiliare\">Immobilieninvestitionen<\/option><option value=\"Investimento di Portafoglio\">Portfolio-Investitionen<\/option><option value=\"VISA Permesso di soggiorno\">VISA Aufenthaltserlaubnis<\/option><option value=\"Richiesta cittadinanza Albanese\">Bewerbung um die albanische Staatsb\u00fcrgerschaft<\/option><option value=\"Altro...\">Mehr...<\/option><\/select><\/span><\/label>\n<\/p>\n<p><label> Ihre Nachricht<br \/>\n<span class=\"wpcf7-form-control-wrap\" data-name=\"your-message\"><textarea cols=\"40\" rows=\"10\" maxlength=\"2000\" class=\"wpcf7-form-control wpcf7-textarea\" aria-invalid=\"false\" name=\"your-message\"><\/textarea><\/span> <\/label>\n<\/p>\n<p><label>GDPR-Datenschutz und Zustimmung zu Cookies (erforderlich)<br \/>\n<span class=\"wpcf7-form-control-wrap\" data-name=\"acceptance-52\"><span class=\"wpcf7-form-control wpcf7-acceptance\"><span class=\"wpcf7-list-item\"><label><input type=\"checkbox\" name=\"acceptance-52\" value=\"1\" checked=\"checked\" aria-invalid=\"false\" \/><span class=\"wpcf7-list-item-label\">Ich gebe meine Zustimmung<\/span><\/label><\/span><\/span><\/span> Ich stimme der Verarbeitung meiner Daten f\u00fcr die Zwecke ihrer Behandlung zu und best\u00e4tige, dass ich die Datenschutzbestimmungen der Website gelesen habe.<br \/>\n<\/label>\n<\/p>\n<p><input class=\"wpcf7-form-control wpcf7-submit has-spinner\" type=\"submit\" value=\"Senden Sie\" \/>\n<\/p><div class=\"wpcf7-response-output\" aria-hidden=\"true\"><\/div>\n<input type=\"hidden\" name=\"trp-form-language\" value=\"de\"\/><\/form>\n<\/div>\n<\/div>","protected":false},"excerpt":{"rendered":"<p>&nbsp; Titel und Diplome Spracherfahrung Erhaltene Auszeichnungen T\u00e4tigkeiten im sozialen Bereich: Fr\u00fchere Berufserfahrung: Aktuelle Berufserfahrung: Was m\u00f6chten Sie jetzt tun? Sind Sie auf der Suche nach Investitions- und Gesch\u00e4ftsm\u00f6glichkeiten? Angesichts der Schwierigkeiten der italienischen Wirtschaft ist es jetzt an der Zeit, neue M\u00e4rkte zu erschlie\u00dfen. Entdecken Sie die Vorteile einer Gesch\u00e4ftst\u00e4tigkeit in Albanien: niedrigere Steuern, ... <a title=\"Dr. Enrico Monaci\" class=\"read-more\" href=\"https:\/\/azeta.pro\/de\/dr-enrico-monaci\/\" aria-label=\"Mehr zu Dr. Enrico Monaci\">Weiterlesen ...<\/a><\/p>","protected":false},"author":1,"featured_media":0,"parent":0,"menu_order":0,"comment_status":"closed","ping_status":"closed","template":"","meta":{"iawp_total_views":12,"footnotes":""},"_links":{"self":[{"href":"https:\/\/azeta.pro\/de\/wp-json\/wp\/v2\/pages\/1641"}],"collection":[{"href":"https:\/\/azeta.pro\/de\/wp-json\/wp\/v2\/pages"}],"about":[{"href":"https:\/\/azeta.pro\/de\/wp-json\/wp\/v2\/types\/page"}],"author":[{"embeddable":true,"href":"https:\/\/azeta.pro\/de\/wp-json\/wp\/v2\/users\/1"}],"replies":[{"embeddable":true,"href":"https:\/\/azeta.pro\/de\/wp-json\/wp\/v2\/comments?post=1641"}],"version-history":[{"count":1,"href":"https:\/\/azeta.pro\/de\/wp-json\/wp\/v2\/pages\/1641\/revisions"}],"predecessor-version":[{"id":2284,"href":"https:\/\/azeta.pro\/de\/wp-json\/wp\/v2\/pages\/1641\/revisions\/2284"}],"wp:attachment":[{"href":"https:\/\/azeta.pro\/de\/wp-json\/wp\/v2\/media?parent=1641"}],"curies":[{"name":"wp","href":"https:\/\/api.w.org\/{rel}","templated":true}]}}