{"id":1609,"date":"2022-12-02T09:03:05","date_gmt":"2022-12-02T09:03:05","guid":{"rendered":"https:\/\/azeta.pro\/?page_id=1609"},"modified":"2024-06-11T08:31:02","modified_gmt":"2024-06-11T08:31:02","slug":"prof-roberto-de-bortoli","status":"publish","type":"page","link":"https:\/\/azeta.pro\/de\/prof-roberto-de-bortoli\/","title":{"rendered":"Prof. Roberto De Bortoli"},"content":{"rendered":"<p><\/p>\n\n\n\n<p><\/p>\n\n\n\n<div class=\"wp-block-media-text alignwide is-stacked-on-mobile\" style=\"grid-template-columns:15% auto\"><figure class=\"wp-block-media-text__media\"><img loading=\"lazy\" decoding=\"async\" width=\"1024\" height=\"854\" src=\"http:\/\/azeta.pro\/wp-content\/uploads\/2022\/11\/prefessore-roberto-de-bortoli-consulente-aziendale-albania-1024x854.jpg\" alt=\"professore-roberto-de-bortoli-consulente-aziendale-albania\" class=\"wp-image-1344 size-full\" title=\"\" srcset=\"https:\/\/azeta.pro\/wp-content\/uploads\/2022\/11\/prefessore-roberto-de-bortoli-consulente-aziendale-albania-1024x854.jpg 1024w, https:\/\/azeta.pro\/wp-content\/uploads\/2022\/11\/prefessore-roberto-de-bortoli-consulente-aziendale-albania-300x250.jpg 300w, https:\/\/azeta.pro\/wp-content\/uploads\/2022\/11\/prefessore-roberto-de-bortoli-consulente-aziendale-albania-768x641.jpg 768w, https:\/\/azeta.pro\/wp-content\/uploads\/2022\/11\/prefessore-roberto-de-bortoli-consulente-aziendale-albania.jpg 1327w\" sizes=\"(max-width: 1024px) 100vw, 1024px\" \/><\/figure><div class=\"wp-block-media-text__content\">\n<div style=\"height:6px\" aria-hidden=\"true\" class=\"wp-block-spacer\"><\/div>\n\n\n\n<p><strong>Das Bild zeigt Prof. Dr. Roberto De Bortoli, Unternehmensberater, New Global Business und Unternehmensinternationalisierung.<\/strong><\/p>\n\n\n\n<p>Er hat einen Abschluss in Wirtschaftswissenschaften und internationalen Finanzen in der Schweiz und hat mit Beratungsfirmen f\u00fcr die Internationalisierung von Unternehmen in der ganzen Welt zusammengearbeitet. &nbsp;<a href=\"https:\/\/azeta.pro\/de\/\">Ost-Europa<\/a>&nbsp;und besuchte die&nbsp;<strong>MIB TRIESTE SCHULE F\u00dcR MANAGEMENT<\/strong><\/p>\n<\/div><\/div>\n\n\n\n<p><\/p>\n\n\n\n<p><strong>Er ist Lehrbeauftragter an der Katholischen Universit\u00e4t 'Sacro Cuore' in Brescia<\/strong> <strong>an der Fakult\u00e4t f\u00fcr Fremdsprachen und Literatur. ab 2021<\/strong> <strong>wo er unterrichtet:<\/strong><\/p>\n\n\n\n<ul>\n<li>Internationale Vertr\u00e4ge<\/li>\n<\/ul>\n\n\n\n<ul>\n<li>Internationalisierung der Unternehmen, <\/li>\n<\/ul>\n\n\n\n<ul>\n<li>Informelle Wirtschaft in Entwicklungsl\u00e4ndern <\/li>\n<\/ul>\n\n\n\n<ul>\n<li>Soziale Verantwortung der Unternehmen<\/li>\n<\/ul>\n\n\n\n<ul>\n<li>Management von lokalen und globalen Gesch\u00e4ften (New Global Business)&nbsp;<\/li>\n<\/ul>\n\n\n\n<div style=\"height:100px\" aria-hidden=\"true\" class=\"wp-block-spacer\"><\/div>\n\n\n\n<div class=\"wp-block-media-text alignwide is-stacked-on-mobile\" style=\"grid-template-columns:17% auto\"><figure class=\"wp-block-media-text__media\"><img loading=\"lazy\" decoding=\"async\" width=\"380\" height=\"119\" src=\"https:\/\/azeta.pro\/wp-content\/uploads\/2024\/05\/logo-tender-lab-e-train-markets-ICE.jpeg\" alt=\"\" class=\"wp-image-2185 size-full\" title=\"\" srcset=\"https:\/\/azeta.pro\/wp-content\/uploads\/2024\/05\/logo-tender-lab-e-train-markets-ICE.jpeg 380w, https:\/\/azeta.pro\/wp-content\/uploads\/2024\/05\/logo-tender-lab-e-train-markets-ICE-300x94.jpeg 300w\" sizes=\"(max-width: 380px) 100vw, 380px\" \/><\/figure><div class=\"wp-block-media-text__content\">\n<p><strong>Er nahm an den Auffrischungskursen TenderLab, In gara con noi teil, die vom Ministerium f\u00fcr ausw\u00e4rtige Angelegenheiten und internationale Zusammenarbeit M.A.E.C.I. mit besonderem Schwerpunkt auf der Teilnahme von KMU an internationalen Ausschreibungen der multilateralen Entwicklungsbanken:<\/strong><\/p>\n<\/div><\/div>\n\n\n\n<div class=\"wp-block-media-text alignwide is-stacked-on-mobile\" style=\"grid-template-columns:17% auto\"><figure class=\"wp-block-media-text__media\"><img loading=\"lazy\" decoding=\"async\" width=\"200\" height=\"200\" src=\"http:\/\/azeta.pro\/wp-content\/uploads\/2022\/12\/Smart-Export.png\" alt=\"\" class=\"wp-image-1621 size-full\" title=\"\" srcset=\"https:\/\/azeta.pro\/wp-content\/uploads\/2022\/12\/Smart-Export.png 200w, https:\/\/azeta.pro\/wp-content\/uploads\/2022\/12\/Smart-Export-150x150.png 150w, https:\/\/azeta.pro\/wp-content\/uploads\/2022\/12\/Smart-Export-12x12.png 12w\" sizes=\"(max-width: 200px) 100vw, 200px\" \/><\/figure><div class=\"wp-block-media-text__content\">\n<p><strong>Er nahm an Smart-Export-Auffrischungskursen teil, die vom Ministerium f\u00fcr ausw\u00e4rtige Angelegenheiten und internationale Zusammenarbeit M.A.E.C.I. gef\u00f6rdert und von mehreren italienischen Universit\u00e4ten und internationalen Business Schools mit dem Schwerpunkt Industrie 4.0. , Business Intelligence usw.:<\/strong><\/p>\n<\/div><\/div>\n\n\n\n<p><\/p>\n\n\n\n<div style=\"height:100px\" aria-hidden=\"true\" class=\"wp-block-spacer\"><\/div>\n\n\n\n<h3 class=\"wp-block-heading has-text-align-center\" id=\"block-f640ab86-1dd9-47fc-9bbf-2bf15609f5d0\">Was wollen Sie jetzt tun?<\/h3>\n\n\n\n<p id=\"block-ed3000bd-d577-4ac4-8863-93b5cb587a3e\"><strong>Sind Sie auf der Suche nach Investitions- und Wachstumsm\u00f6glichkeiten? Jetzt, wo Italiens Wirtschaft zu k\u00e4mpfen hat, ist es an der Zeit, neue M\u00e4rkte zu erschlie\u00dfen. Entdecken Sie die Vorteile einer Gesch\u00e4ftst\u00e4tigkeit in Albanien: niedrigere Steuern, geringere Energiekosten und ein wirtschaftsfreundliches Umfeld. F\u00fcllen Sie das untenstehende Formular aus, und einer unserer Berater wird sich innerhalb von 24 Stunden mit Ihnen in Verbindung setzen, um mit Ihnen zu besprechen, wie wir Ihnen helfen k\u00f6nnen, Ihr Gesch\u00e4ft international zu erweitern. Verpassen Sie nicht diese Gelegenheit, Ihre gesch\u00e4ftliche Zukunft zu ver\u00e4ndern!<\/strong><\/p>\n\n\n\n<div class=\"wp-block-contact-form-7-contact-form-selector\">\n<div class=\"wpcf7 no-js\" id=\"wpcf7-f6-o1\" lang=\"en-US\" dir=\"ltr\">\n<div class=\"screen-reader-response\"><p role=\"status\" aria-live=\"polite\" aria-atomic=\"true\"><\/p> <ul><\/ul><\/div>\n<form action=\"\/de\/wp-json\/wp\/v2\/pages\/1609#wpcf7-f6-o1\" method=\"post\" class=\"wpcf7-form init\" aria-label=\"Kontakt-Formular\" novalidate=\"novalidate\" data-status=\"init\" data-trp-original-action=\"\/de\/wp-json\/wp\/v2\/pages\/1609#wpcf7-f6-o1\">\n<div style=\"display: none;\">\n<input type=\"hidden\" name=\"_wpcf7\" value=\"6\" \/>\n<input type=\"hidden\" name=\"_wpcf7_version\" value=\"5.9.8\" \/>\n<input type=\"hidden\" name=\"_wpcf7_locale\" value=\"en_US\" \/>\n<input type=\"hidden\" name=\"_wpcf7_unit_tag\" value=\"wpcf7-f6-o1\" \/>\n<input type=\"hidden\" name=\"_wpcf7_container_post\" value=\"0\" \/>\n<input type=\"hidden\" name=\"_wpcf7_posted_data_hash\" value=\"\" \/>\n<input type=\"hidden\" name=\"_wpcf7_recaptcha_response\" value=\"\" \/>\n<\/div>\n<p><label> Ihr Vor- und Nachname<br \/>\n<span class=\"wpcf7-form-control-wrap\" data-name=\"your-name\"><input size=\"40\" maxlength=\"400\" class=\"wpcf7-form-control wpcf7-text wpcf7-validates-as-required\" aria-required=\"true\" aria-invalid=\"false\" value=\"\" type=\"text\" name=\"your-name\" \/><\/span> <\/label>\n<\/p>\n<p><label> Ihre E-Mail<br \/>\n<span class=\"wpcf7-form-control-wrap\" data-name=\"your-email\"><input size=\"40\" maxlength=\"400\" class=\"wpcf7-form-control wpcf7-email wpcf7-validates-as-required wpcf7-text wpcf7-validates-as-email\" aria-required=\"true\" aria-invalid=\"false\" value=\"\" type=\"email\" name=\"your-email\" \/><\/span> <\/label>\n<\/p>\n<p><label> Telefon<br \/>\n<span class=\"wpcf7-form-control-wrap\" data-name=\"tel-141\"><input size=\"40\" maxlength=\"400\" class=\"wpcf7-form-control wpcf7-tel wpcf7-validates-as-required wpcf7-text wpcf7-validates-as-tel\" aria-required=\"true\" aria-invalid=\"false\" value=\"\" type=\"tel\" name=\"tel-141\" \/><\/span> <\/label>\n<\/p>\n<p><label> Website (fakultativ)<br \/>\n<span class=\"wpcf7-form-control-wrap\" data-name=\"url-328\"><input size=\"40\" maxlength=\"400\" class=\"wpcf7-form-control wpcf7-url wpcf7-text wpcf7-validates-as-url\" aria-invalid=\"false\" value=\"\" type=\"url\" name=\"url-328\" \/><\/span> <\/label>\n<\/p>\n<p><label> Gegenstand Ihrer Anfrage<br \/>\n<span class=\"wpcf7-form-control-wrap\" data-name=\"your-subject\"><input size=\"40\" maxlength=\"400\" class=\"wpcf7-form-control wpcf7-text wpcf7-validates-as-required\" aria-required=\"true\" aria-invalid=\"false\" value=\"\" type=\"text\" name=\"your-subject\" \/><\/span> <\/label>\n<\/p>\n<p><label> Interesse w\u00e4hlen<br \/>\n<span class=\"wpcf7-form-control-wrap\" data-name=\"menu-739\"><select class=\"wpcf7-form-control wpcf7-select wpcf7-validates-as-required\" aria-required=\"true\" aria-invalid=\"false\" multiple=\"multiple\" name=\"menu-739[]\"><option value=\"Costituzione societ\u00e0 Dubai\">Dubai Unternehmensverfassung<\/option><option value=\"Richiesta residenza Dubai\">Wohnsitz in Dubai erforderlich<\/option><option value=\"Costituzione societ\u00e0 Albania\">Unternehmensverfassung Albanien<\/option><option value=\"Apertura Partita IVA professionista\">Er\u00f6ffnung einer professionellen MwSt-Nummer<\/option><option value=\"Consulenza Aziendale\">Unternehmensberatung<\/option><option value=\"Apertura conto per non residenti\">Kontoer\u00f6ffnung f\u00fcr Nicht-Residenten<\/option><option value=\"Ricerca Finanziamenti per progetto\">Projektfinanzierungssuche<\/option><option value=\"Ricerca Finanziamento Europa\">Suche nach Finanzierungsm\u00f6glichkeiten in Europa<\/option><option value=\"Internazionalizzazione d&#039;Impresa\">Internationalisierung des Gesch\u00e4fts<\/option><option value=\"Investimento immobiliare\">Immobilieninvestitionen<\/option><option value=\"Investimento di Portafoglio\">Portfolio-Investitionen<\/option><option value=\"VISA Permesso di soggiorno\">VISA Aufenthaltserlaubnis<\/option><option value=\"Richiesta cittadinanza Albanese\">Bewerbung um die albanische Staatsb\u00fcrgerschaft<\/option><option value=\"Altro...\">Mehr...<\/option><\/select><\/span><\/label>\n<\/p>\n<p><label> Ihre Nachricht<br \/>\n<span class=\"wpcf7-form-control-wrap\" data-name=\"your-message\"><textarea cols=\"40\" rows=\"10\" maxlength=\"2000\" class=\"wpcf7-form-control wpcf7-textarea\" aria-invalid=\"false\" name=\"your-message\"><\/textarea><\/span> <\/label>\n<\/p>\n<p><label>GDPR-Datenschutz und Zustimmung zu Cookies (erforderlich)<br \/>\n<span class=\"wpcf7-form-control-wrap\" data-name=\"acceptance-52\"><span class=\"wpcf7-form-control wpcf7-acceptance\"><span class=\"wpcf7-list-item\"><label><input type=\"checkbox\" name=\"acceptance-52\" value=\"1\" checked=\"checked\" aria-invalid=\"false\" \/><span class=\"wpcf7-list-item-label\">Ich gebe meine Zustimmung<\/span><\/label><\/span><\/span><\/span> Ich stimme der Verarbeitung meiner Daten f\u00fcr die Zwecke ihrer Behandlung zu und best\u00e4tige, dass ich die Datenschutzbestimmungen der Website gelesen habe.<br \/>\n<\/label>\n<\/p>\n<p><input class=\"wpcf7-form-control wpcf7-submit has-spinner\" type=\"submit\" value=\"Senden Sie\" \/>\n<\/p><div class=\"wpcf7-response-output\" aria-hidden=\"true\"><\/div>\n<input type=\"hidden\" name=\"trp-form-language\" value=\"de\"\/><\/form>\n<\/div>\n<\/div>","protected":false},"excerpt":{"rendered":"<p>Seit 2021 ist er Lehrbeauftragter an der Katholischen Universit\u00e4t \"Sacro Cuore\" von Brescia an der Fakult\u00e4t f\u00fcr Fremdsprachen und Literatur, wo er unterrichtet: Er hat an den Auffrischungskursen TenderLab, In gara con noi teilgenommen, die vom Ministerium f\u00fcr ausw\u00e4rtige Angelegenheiten und internationale Zusammenarbeit M.A.E.C.I. mit besonderem Schwerpunkt auf der Teilnahme von KMU an Ausschreibungen ... <a title=\"Prof. Roberto De Bortoli\" class=\"read-more\" href=\"https:\/\/azeta.pro\/de\/prof-roberto-de-bortoli\/\" aria-label=\"Mehr zu Prof. Roberto De Bortoli\">Weiterlesen ...<\/a><\/p>","protected":false},"author":1,"featured_media":0,"parent":0,"menu_order":0,"comment_status":"closed","ping_status":"closed","template":"","meta":{"iawp_total_views":37,"footnotes":""},"_links":{"self":[{"href":"https:\/\/azeta.pro\/de\/wp-json\/wp\/v2\/pages\/1609"}],"collection":[{"href":"https:\/\/azeta.pro\/de\/wp-json\/wp\/v2\/pages"}],"about":[{"href":"https:\/\/azeta.pro\/de\/wp-json\/wp\/v2\/types\/page"}],"author":[{"embeddable":true,"href":"https:\/\/azeta.pro\/de\/wp-json\/wp\/v2\/users\/1"}],"replies":[{"embeddable":true,"href":"https:\/\/azeta.pro\/de\/wp-json\/wp\/v2\/comments?post=1609"}],"version-history":[{"count":8,"href":"https:\/\/azeta.pro\/de\/wp-json\/wp\/v2\/pages\/1609\/revisions"}],"predecessor-version":[{"id":2285,"href":"https:\/\/azeta.pro\/de\/wp-json\/wp\/v2\/pages\/1609\/revisions\/2285"}],"wp:attachment":[{"href":"https:\/\/azeta.pro\/de\/wp-json\/wp\/v2\/media?parent=1609"}],"curies":[{"name":"wp","href":"https:\/\/api.w.org\/{rel}","templated":true}]}}